{"id":9567,"date":"2026-01-21T17:25:34","date_gmt":"2026-01-21T16:25:34","guid":{"rendered":"https:\/\/artshop.biancoscuro.it\/site\/?post_type=product&#038;p=9567"},"modified":"2026-04-21T17:31:26","modified_gmt":"2026-04-21T15:31:26","slug":"esplodiffusione-by-armando-pelliccioni","status":"publish","type":"product","link":"https:\/\/artshop.biancoscuro.it\/site\/shop\/opere\/esplodiffusione-by-armando-pelliccioni\/","title":{"rendered":"&#8220;Esplodiffusione&#8221; by Armando Pelliccioni"},"content":{"rendered":"<p><a href=\"https:\/\/artshop.biancoscuro.it\/site\/wp-content\/uploads\/2026\/04\/Esplodiffusione.-2017.100x100.-tecnica-mista.jpg\"><img loading=\"lazy\" decoding=\"async\" class=\"alignnone size-medium wp-image-9568\" src=\"https:\/\/artshop.biancoscuro.it\/site\/wp-content\/uploads\/2026\/04\/Esplodiffusione.-2017.100x100.-tecnica-mista-300x300.jpg\" alt=\"\" width=\"300\" height=\"300\" srcset=\"https:\/\/artshop.biancoscuro.it\/site\/wp-content\/uploads\/2026\/04\/Esplodiffusione.-2017.100x100.-tecnica-mista-300x300.jpg 300w, https:\/\/artshop.biancoscuro.it\/site\/wp-content\/uploads\/2026\/04\/Esplodiffusione.-2017.100x100.-tecnica-mista-150x150.jpg 150w, https:\/\/artshop.biancoscuro.it\/site\/wp-content\/uploads\/2026\/04\/Esplodiffusione.-2017.100x100.-tecnica-mista-768x768.jpg 768w, https:\/\/artshop.biancoscuro.it\/site\/wp-content\/uploads\/2026\/04\/Esplodiffusione.-2017.100x100.-tecnica-mista-324x324.jpg 324w, https:\/\/artshop.biancoscuro.it\/site\/wp-content\/uploads\/2026\/04\/Esplodiffusione.-2017.100x100.-tecnica-mista-416x416.jpg 416w, https:\/\/artshop.biancoscuro.it\/site\/wp-content\/uploads\/2026\/04\/Esplodiffusione.-2017.100x100.-tecnica-mista-100x100.jpg 100w, https:\/\/artshop.biancoscuro.it\/site\/wp-content\/uploads\/2026\/04\/Esplodiffusione.-2017.100x100.-tecnica-mista.jpg 999w\" sizes=\"auto, (max-width: 300px) 100vw, 300px\" \/><\/a><a href=\"https:\/\/artshop.biancoscuro.it\/site\/wp-content\/uploads\/2026\/04\/Retro-firma.jpg\"><img loading=\"lazy\" decoding=\"async\" class=\"alignnone size-medium wp-image-9569\" src=\"https:\/\/artshop.biancoscuro.it\/site\/wp-content\/uploads\/2026\/04\/Retro-firma-300x282.jpg\" alt=\"\" width=\"300\" height=\"282\" srcset=\"https:\/\/artshop.biancoscuro.it\/site\/wp-content\/uploads\/2026\/04\/Retro-firma-300x282.jpg 300w, https:\/\/artshop.biancoscuro.it\/site\/wp-content\/uploads\/2026\/04\/Retro-firma-1024x963.jpg 1024w, https:\/\/artshop.biancoscuro.it\/site\/wp-content\/uploads\/2026\/04\/Retro-firma-768x722.jpg 768w, https:\/\/artshop.biancoscuro.it\/site\/wp-content\/uploads\/2026\/04\/Retro-firma-416x391.jpg 416w, https:\/\/artshop.biancoscuro.it\/site\/wp-content\/uploads\/2026\/04\/Retro-firma.jpg 1062w\" sizes=\"auto, (max-width: 300px) 100vw, 300px\" \/><\/a>Opera originale con <strong>certificato di autenticit\u00e0<\/strong>, pi\u00f9 foto dell&#8217;opera con <strong>firma dell\u2019artista.<\/strong><\/p>\n<table cellspacing=\"3\" cellpadding=\"3\">\n<tbody>\n<tr>\n<td><strong>Tecnica<\/strong><\/td>\n<td>\n<p class=\"p2\">tecnica mista<\/p>\n<\/td>\n<\/tr>\n<tr>\n<td><strong>Anno<\/strong><\/td>\n<td>2016<\/td>\n<\/tr>\n<tr>\n<td><strong>Dimensione<\/strong><\/td>\n<td>grande<\/td>\n<\/tr>\n<tr>\n<td>Altezza<\/td>\n<td>100 cm<\/td>\n<\/tr>\n<tr>\n<td>Larghezza<\/td>\n<td>100 cm<\/td>\n<\/tr>\n<tr>\n<td>Profondit\u00e0<\/td>\n<td>4 cm<\/td>\n<\/tr>\n<\/tbody>\n<\/table>\n<blockquote><p><strong>Cenni critici e mostre<\/strong><\/p>\n<p class=\"p1\">Il concetto di Spazio \u00e8 visibile completamente in questa opera, spazio come sede di materia.<\/p>\n<p class=\"p1\">La periferia della tela, apparentemente vuota, \u00e8 invece costellata da schizzi, azione delle Natura, dovuta ad<span class=\"Apple-converted-space\">\u00a0 <\/span>effetti pi\u00f9 rari sulla azione della energia su piccole masse. Lo sfondo delle dell\u2019opera, un nero opaco, \u00e8 stato realizzato utilizzando una tecnica sviluppata dall\u2019artista consistente in un impasto che aumenta l\u2019assorbimento della luce incidente.<span class=\"Apple-converted-space\"> \u00a0<\/span>Lo spazio, le leggi di conservazione delle Fisica e la teoria dei colori vengono fusi in questa opera.<span class=\"Apple-converted-space\"> \u00a0<\/span>L\u2019uso di un detonatore a lento<span class=\"Apple-converted-space\">\u00a0 <\/span>rilascio si energia e la composizione di una carica multistrato composta da coppie di smalto combinate in modo da accoppiarsi con il rilascio dell\u2019energia impulsata, ha creato un particolare configurazione con un addensamento di colori caldi al centro dell\u2019opera e macchie lontane, disposte a raggio partendo dalla macchia centrale.<span class=\"Apple-converted-space\"> \u00a0<\/span>Lo spazio, come concetto legato alla materia esplosiva, \u00e8 permeato dal VUOTO. Ma \u00e8 proprio il vuoto che denota il pieno. Questa dinamica di vuoto-pieno \u00e8 anche la stessa dinamica che esiste nell\u2019Universo, dove \u00e8 la struttura dei vuoti che indica le leggi fondamentali delle Fisica.<span class=\"Apple-converted-space\"> \u00a0<\/span>La esplosione, avvenuta con uno schema denominato a \u2018doppio ferro di<span class=\"Apple-converted-space\">\u00a0 <\/span>cavallo innestato\u2019, produce anche delle isole caotiche ben visibili nell\u2019opera.<span class=\"Apple-converted-space\">\u00a0<\/span><\/p>\n<\/blockquote>\n<blockquote>\n<p class=\"p1\"><b>Presentazione d\u2019autore<\/b><\/p>\n<p class=\"p1\">Armando Pelliccioni, artista, \u00e8 affascinato dalla pittura di Mondrian conosciuta tramite i suoi scritti e le sue opere, nel 2003 inizia un percorso artistico sull\u2019informale riprendendo le considerazioni sulla geometria euclidea dello stesso Mondrian e sviluppando delle opere a carattere prettamente geometrico. Nel 2006 inizia una nuova fase artistica presentando il caos nelle opere. Nel 2009 scrive l\u2019articolo dal titolo \u201cGenesi ed estetica del caos\u201d sulla differenza tra il caos rappresentato e presentato, introducendo il concetto di entropia visiva nell\u2019arte. Nelle opere caotiche sono attivate le forze della diffusione molecolare e il loro lentissimo procedere sullo spazio della tela produce naturalmente delle strutture caotiche-frattali. Nel 2012 sviluppa il tema delle esplosioni come rappresentazioni della Natura nel proprio svolgersi. Nelle <i>Esplosioni<\/i>, le opere sono il frutto di reali esplosioni e la materia viva del pigmento diviene il mezzo per evidenziare le leggi della Fisica non-lineare della Natura. Nella sua arte Pelliccioni sviluppa il concetto di <i>universale <\/i>usando la Fisica e la Matematica, che \u00e8 anche alla base della Scienza. L\u2019arte per di Pelliccioni si pone l\u2019obiettivo di presentare la verit\u00e0 scientifica dei fenomeni cos\u00ec come essi si svolgono, poich\u00e9 solo attraverso questa presentazione \u00e8 possibile riflettere sul concetto di reale. Nasce l\u2019<i>Arte della reale rappresentazione <\/i>delle forze della natura nel proprio incessante procedere.<\/p>\n<\/blockquote>\n","protected":false},"excerpt":{"rendered":"<table cellspacing=\"3\" cellpadding=\"3\">\n<tbody>\n<tr>\n<td><strong>Tecnica<\/strong><\/td>\n<td>\n<p class=\"p2\">tecnica mista<\/p>\n<\/td>\n<\/tr>\n<tr>\n<td><strong>Anno<\/strong><\/td>\n<td>2016<\/td>\n<\/tr>\n<tr>\n<td><strong>Dimensione<\/strong><\/td>\n<td>grande<\/td>\n<\/tr>\n<tr>\n<td>Altezza<\/td>\n<td>100 cm<\/td>\n<\/tr>\n<tr>\n<td>Larghezza<\/td>\n<td>100 cm<\/td>\n<\/tr>\n<tr>\n<td>Profondit\u00e0<\/td>\n<td>4 cm<\/td>\n<\/tr>\n<\/tbody>\n<\/table>\n<p><strong>Spedizione gratuita <\/strong>con trasporto affidato a corriere espresso assicurato.<\/p>\n<p><strong>Soddisfatti o rimborsati<\/strong> poich\u00e9 il periodo di recesso \u00e8 di 14 giorni, a partire dal giorno in cui si riceve l&#8217;opera.<\/p>\n<p><strong>Pagamento<\/strong> con carta di credito o bonifico bancario.<\/p>\n<p class=\"p1\"><strong>Garanzia<\/strong>\u00a0e <strong>tracciabilit\u00e0, <\/strong>tutti gli artisti sulla piattaforma oltre ad essere attentamente selezionati, godono del privilegio di essere pubblicati anche sulla <strong>Rivista d&#8217;Arte Biancoscuro<\/strong>, di conseguenza il loro lavoro \u00e8 storicizzato ed il loro operato \u00e8 autentico ed inimitabile. <a href=\"https:\/\/www.biancoscuro.it\/rivista-darte\/\" target=\"_blank\" rel=\"noopener noreferrer\"><strong>www.biancoscuro.it<\/strong><\/a><\/p>\n<hr \/>\n<p><strong>Visibile presso lo studio dell&#8217;<\/strong><strong>artista.<\/strong><br \/>\nSe vuoi puoi anche fare una\u00a0<strong>proposta d\u2019acquisto<\/strong>\u00a0cliccando il tasto qui sotto e inserendo i dati richiesti.<\/p>\n<h3><\/h3>\n","protected":false},"featured_media":9568,"template":"","meta":[],"product_brand":[],"product_cat":[14],"product_tag":[376,378,158,23,19,377],"class_list":{"0":"post-9567","1":"product","2":"type-product","3":"status-publish","4":"has-post-thumbnail","6":"product_cat-opere","7":"product_tag-armando","8":"product_tag-armando-pelliccioni","9":"product_tag-art","10":"product_tag-arte","11":"product_tag-biancoscuro","12":"product_tag-pelliccioni","13":"product_shipping_class-spedizione-gratuita","15":"first","16":"instock","17":"sold-individually","18":"shipping-taxable","19":"purchasable","20":"product-type-simple"},"jetpack_sharing_enabled":true,"_links":{"self":[{"href":"https:\/\/artshop.biancoscuro.it\/site\/wp-json\/wp\/v2\/product\/9567","targetHints":{"allow":["GET"]}}],"collection":[{"href":"https:\/\/artshop.biancoscuro.it\/site\/wp-json\/wp\/v2\/product"}],"about":[{"href":"https:\/\/artshop.biancoscuro.it\/site\/wp-json\/wp\/v2\/types\/product"}],"wp:featuredmedia":[{"embeddable":true,"href":"https:\/\/artshop.biancoscuro.it\/site\/wp-json\/wp\/v2\/media\/9568"}],"wp:attachment":[{"href":"https:\/\/artshop.biancoscuro.it\/site\/wp-json\/wp\/v2\/media?parent=9567"}],"wp:term":[{"taxonomy":"product_brand","embeddable":true,"href":"https:\/\/artshop.biancoscuro.it\/site\/wp-json\/wp\/v2\/product_brand?post=9567"},{"taxonomy":"product_cat","embeddable":true,"href":"https:\/\/artshop.biancoscuro.it\/site\/wp-json\/wp\/v2\/product_cat?post=9567"},{"taxonomy":"product_tag","embeddable":true,"href":"https:\/\/artshop.biancoscuro.it\/site\/wp-json\/wp\/v2\/product_tag?post=9567"}],"curies":[{"name":"wp","href":"https:\/\/api.w.org\/{rel}","templated":true}]}}