{"id":9221,"date":"2024-11-29T18:24:44","date_gmt":"2024-11-29T17:24:44","guid":{"rendered":"https:\/\/artshop.biancoscuro.it\/site\/?post_type=product&#038;p=9221"},"modified":"2025-03-19T13:03:54","modified_gmt":"2025-03-19T12:03:54","slug":"penne-in-bilico-by-luigi-di-paolo","status":"publish","type":"product","link":"https:\/\/artshop.biancoscuro.it\/site\/shop\/opere\/penne-in-bilico-by-luigi-di-paolo\/","title":{"rendered":"&#8220;Penne in bilico&#8221; by Luigi Di Paolo"},"content":{"rendered":"<p><a href=\"https:\/\/artshop.biancoscuro.it\/site\/wp-content\/uploads\/2025\/01\/DIPAOLO_Penne-in-bilico-fronte.jpg\"><img loading=\"lazy\" decoding=\"async\" class=\"alignnone size-medium wp-image-9223\" src=\"https:\/\/artshop.biancoscuro.it\/site\/wp-content\/uploads\/2025\/01\/DIPAOLO_Penne-in-bilico-fronte-300x300.jpg\" alt=\"DIPAOLO Penne in bilico\" width=\"300\" height=\"300\" srcset=\"https:\/\/artshop.biancoscuro.it\/site\/wp-content\/uploads\/2025\/01\/DIPAOLO_Penne-in-bilico-fronte-300x300.jpg 300w, https:\/\/artshop.biancoscuro.it\/site\/wp-content\/uploads\/2025\/01\/DIPAOLO_Penne-in-bilico-fronte-150x150.jpg 150w, https:\/\/artshop.biancoscuro.it\/site\/wp-content\/uploads\/2025\/01\/DIPAOLO_Penne-in-bilico-fronte-768x768.jpg 768w, https:\/\/artshop.biancoscuro.it\/site\/wp-content\/uploads\/2025\/01\/DIPAOLO_Penne-in-bilico-fronte-324x324.jpg 324w, https:\/\/artshop.biancoscuro.it\/site\/wp-content\/uploads\/2025\/01\/DIPAOLO_Penne-in-bilico-fronte-416x416.jpg 416w, https:\/\/artshop.biancoscuro.it\/site\/wp-content\/uploads\/2025\/01\/DIPAOLO_Penne-in-bilico-fronte-100x100.jpg 100w, https:\/\/artshop.biancoscuro.it\/site\/wp-content\/uploads\/2025\/01\/DIPAOLO_Penne-in-bilico-fronte.jpg 999w\" sizes=\"auto, (max-width: 300px) 100vw, 300px\" \/><\/a><\/p>\n<p>Opera originale con <strong>certificato di autenticit\u00e0<\/strong>, pi\u00f9 foto dell&#8217;opera con <strong>firma dell\u2019artista.<\/strong><\/p>\n<table cellspacing=\"3\" cellpadding=\"3\">\n<tbody>\n<tr>\n<td><strong>Tecnica<\/strong><\/td>\n<td>\n<p class=\"p2\">tecnica mista su tela<\/p>\n<\/td>\n<\/tr>\n<tr>\n<td><strong>Anno<\/strong><\/td>\n<td>2024<\/td>\n<\/tr>\n<tr>\n<td><strong>Dimensione<\/strong><\/td>\n<td>piccolo<\/td>\n<\/tr>\n<tr>\n<td>Altezza<\/td>\n<td>40 cm<\/td>\n<\/tr>\n<tr>\n<td>Larghezza<\/td>\n<td>40 cm<\/td>\n<\/tr>\n<tr>\n<td>Profondit\u00e0<\/td>\n<td>2 cm<\/td>\n<\/tr>\n<\/tbody>\n<\/table>\n<blockquote><p><strong>Cenni sull&#8217;opera<\/strong><\/p>\n<p><i>Opera vincitrice al BAC 2024 &#8211; Monte-Carlo edition. \u201cPenne in bilico\u201d presenta una combinazione di tecnica mista con penne reali posizionate su una tela ad olio con motivi astratti e forme geometriche. Le penne creano un effetto tridimensionale contro lo sfondo dipinto bidimensionale, un contrasto interessante che sfuma la linea tra realt\u00e0 e arte. L\u2019artista, con quest\u2019opera, vuole invitare lo spettatore a riflettere sulla natura e il significato dell\u2019arte stessa sempre pi\u00f9 adulterata dall\u2019Intelligenza Artificiale. Infatti le penne testimoniano semplicit\u00e0, freschezza, genuinit\u00e0 e trasmettono un messaggio di autenticit\u00e0 e connessione con la cultura italiana. E la loro posizione instabile, simboleggia, oggi pi\u00f9 che mai, la mancanza di un equilibrio di giudizi nell\u2019arte come nella vita.<br \/>\n<\/i><\/p><\/blockquote>\n<p>&nbsp;<\/p>\n<blockquote><p><strong>Cenni sull&#8217;artista<\/strong><\/p>\n<p>Luigi Di Paolo (1955), nasce e vive a Chieti ed opera nel proprio studio. Per Luigi Di Paolo la pittura \u00e8 ereditata dal gene della nobile arte del nonno Paolino Maiella, noto pittore degli anni Sessanta. Ne apprende le tecniche ed i \u201ctrucchi\u201d del mestiere e, seguendo la strada tracciata dal nonno, con grande passione inizia a dipingere ad olio fin dall\u2019infanzia. Gli studi universitari lo distolgono dalla pittura ma non dall\u2019amore per quest\u2019arte. Infatti avr\u00e0 modo di visitare musei e gallerie in Italia, in Europa ed a New York. La moltitudine di opere osservate negli anni ne arricchiscono il bagaglio culturale e saranno fonte di ispirazione per le sue opere future. Si laurea in Scienze dell\u2019Informazione presso l\u2019Universit\u00e0 degli Studi di Pisa. Lavora per alcuni anni presso un\u2019azienda di informatica, poi, per ragioni familiari decide di intraprendere la professione di insegnante. Nel 1990 vince il Concorso a cattedre ed \u00e8 docente di informatica presso l\u2019I.T.C. \u201cR. De Sterlich\u201d di Chieti fino al 2023. Dopo un sogno premonitore nel dicembre 2020, riprende a dipingere all\u2019inizio del 2021. Il suo lavoro \u00e8 influenzato dalle correnti artistiche del primo Novecento; predilige le rappresentazioni geometriche, combina forme e colori che si avvalgono di una forte capacit\u00e0 astrattiva dell\u2019immaginazione. Altra fonte d\u2019ispirazione \u00e8 la musica, infatti, si avvale di numerosi titoli su svariati supporti. Partecipa a diverse collettive in Abruzzo: Pescara, Pratola Peligna, Museo Michetti di Francavilla al Mare, Castello Piccolomini di Celano. Il quadro Sguardi viene scelto come copertina del libro \u201cIn punta di cuore\u201d del poeta Angelo Vaccari. Riceve a Chieti il premio \u201cRoberto D\u2019Orazio\u201d quale riconoscimento dell\u2019attivit\u00e0 artistica svolta nel 2022. Nel 2023 tiene la prima personale al \u201cFeluma Bistrot\u201d di San Giovanni Teatino nel mese giugno. A settembre riceve il Premio NFT al BAC 2023 nella suggestiva location del Bay Hotel &amp; Resort di Monte-Carlo con l\u2019opera \u201cBanana sui monti\u201d. Partecipa a diverse fiere d\u2019arte in Italia e all\u2019estero: ARTE Padova, PAT Pavia Castello di Belgioioso, ARTfair Innsbruck nel 2023; Bergamo Arte Fiera, Los Angeles Art Show, Arte Genova, Art Parma Fair, Vernice Art Fair Forl\u00ec, Artexpo New York, Art Zurich e Art Monaco nel 2024. A marzo vince il premio Art Exhibition al BAC WE 2024 con \u201cLakers #24\u201d. Ad aprile riceve l\u2019attestato di merito all\u2019Artexpo New York con \u201cMacca\u201d. A settembre vince il premio ArtShop al BAC 2024 in Monte-Carlo con \u201cPenne in bilico\u201d.<\/p>\n<ul>\n<li>Visibilit\u00e0 internazionale<\/li>\n<li>Opere esposte in musei<\/li>\n<li>Opere esposte in collezioni private internazionali<\/li>\n<li>Prizewinner<\/li>\n<\/ul>\n<\/blockquote>\n<p>&nbsp;<\/p>\n","protected":false},"excerpt":{"rendered":"<table cellspacing=\"3\" cellpadding=\"3\">\n<tbody>\n<tr>\n<td><strong>Tecnica<\/strong><\/td>\n<td>\n<p class=\"p2\">tecnica mista su tela<\/p>\n<\/td>\n<\/tr>\n<tr>\n<td><strong>Anno<\/strong><\/td>\n<td>2024<\/td>\n<\/tr>\n<tr>\n<td><strong>Dimensione<\/strong><\/td>\n<td>piccolo<\/td>\n<\/tr>\n<tr>\n<td>Altezza<\/td>\n<td>40 cm<\/td>\n<\/tr>\n<tr>\n<td>Larghezza<\/td>\n<td>40 cm<\/td>\n<\/tr>\n<tr>\n<td>Profondit\u00e0<\/td>\n<td>2 cm<\/td>\n<\/tr>\n<\/tbody>\n<\/table>\n<p><strong>Spedizione gratuita <\/strong>con trasporto affidato a corriere espresso assicurato.<\/p>\n<p><strong>Soddisfatti o rimborsati<\/strong> poich\u00e9 il periodo di recesso \u00e8 di 14 giorni, a partire dal giorno in cui si riceve l&#8217;opera.<\/p>\n<p><strong>Pagamento<\/strong> con carta di credito o bonifico bancario.<\/p>\n<p class=\"p1\"><strong>Garanzia<\/strong>\u00a0e <strong>tracciabilit\u00e0, <\/strong>tutti gli artisti sulla piattaforma oltre ad essere attentamente selezionati, godono del privilegio di essere pubblicati anche sulla <strong>Rivista d&#8217;Arte Biancoscuro<\/strong>, di conseguenza il loro lavoro \u00e8 storicizzato ed il loro operato \u00e8 autentico ed inimitabile. <a href=\"https:\/\/www.biancoscuro.it\/rivista-darte\/\" target=\"_blank\" rel=\"noopener noreferrer\"><strong>www.biancoscuro.it<\/strong><\/a><\/p>\n<hr \/>\n<p><strong>Visibile presso lo studio dell&#8217;<\/strong><strong>artista.<\/strong><br \/>\nSe vuoi puoi anche fare una\u00a0<strong>proposta d\u2019acquisto<\/strong>\u00a0cliccando il tasto qui sotto e inserendo i dati richiesti.<\/p>\n<h3><\/h3>\n","protected":false},"featured_media":9223,"template":"","meta":[],"product_brand":[],"product_cat":[14],"product_tag":[158,23,19,348,347,349],"class_list":{"0":"post-9221","1":"product","2":"type-product","3":"status-publish","4":"has-post-thumbnail","6":"product_cat-opere","7":"product_tag-art","8":"product_tag-arte","9":"product_tag-biancoscuro","10":"product_tag-di-paolo","11":"product_tag-luigi-di-paolo","12":"product_tag-penne-in-bilico","13":"product_shipping_class-spedizione-gratuita","15":"first","16":"instock","17":"sale","18":"sold-individually","19":"shipping-taxable","20":"purchasable","21":"product-type-simple"},"jetpack_sharing_enabled":true,"_links":{"self":[{"href":"https:\/\/artshop.biancoscuro.it\/site\/wp-json\/wp\/v2\/product\/9221","targetHints":{"allow":["GET"]}}],"collection":[{"href":"https:\/\/artshop.biancoscuro.it\/site\/wp-json\/wp\/v2\/product"}],"about":[{"href":"https:\/\/artshop.biancoscuro.it\/site\/wp-json\/wp\/v2\/types\/product"}],"wp:featuredmedia":[{"embeddable":true,"href":"https:\/\/artshop.biancoscuro.it\/site\/wp-json\/wp\/v2\/media\/9223"}],"wp:attachment":[{"href":"https:\/\/artshop.biancoscuro.it\/site\/wp-json\/wp\/v2\/media?parent=9221"}],"wp:term":[{"taxonomy":"product_brand","embeddable":true,"href":"https:\/\/artshop.biancoscuro.it\/site\/wp-json\/wp\/v2\/product_brand?post=9221"},{"taxonomy":"product_cat","embeddable":true,"href":"https:\/\/artshop.biancoscuro.it\/site\/wp-json\/wp\/v2\/product_cat?post=9221"},{"taxonomy":"product_tag","embeddable":true,"href":"https:\/\/artshop.biancoscuro.it\/site\/wp-json\/wp\/v2\/product_tag?post=9221"}],"curies":[{"name":"wp","href":"https:\/\/api.w.org\/{rel}","templated":true}]}}