{"id":902,"date":"2015-10-27T10:46:22","date_gmt":"2015-10-27T10:46:22","guid":{"rendered":"http:\/\/artshop.biancoscuro.it\/site\/shop\/mostre-eventi-fiere\/26a-arte-padova-ingresso-omaggio\/"},"modified":"2023-03-06T18:56:39","modified_gmt":"2023-03-06T17:56:39","slug":"26a-arte-padova-ingresso-omaggio","status":"publish","type":"product","link":"https:\/\/artshop.biancoscuro.it\/site\/shop\/mostre-eventi-fiere\/26a-arte-padova-ingresso-omaggio\/","title":{"rendered":"26\u00aa ARTE Padova &#8211; Ingresso omaggio"},"content":{"rendered":"<p><img loading=\"lazy\" decoding=\"async\" class=\"alignnone size-medium wp-image-903\" src=\"http:\/\/artshop.biancoscuro.it\/site\/wp-content\/uploads\/2015\/10\/ARTEPADOVA_BIANCOSCUROmediapartner-291x300.jpg\" alt=\"ARTEPADOVA_BIANCOSCUROmediapartner\" width=\"291\" height=\"300\" srcset=\"https:\/\/artshop.biancoscuro.it\/site\/wp-content\/uploads\/2015\/10\/ARTEPADOVA_BIANCOSCUROmediapartner-291x300.jpg 291w, https:\/\/artshop.biancoscuro.it\/site\/wp-content\/uploads\/2015\/10\/ARTEPADOVA_BIANCOSCUROmediapartner-416x429.jpg 416w, https:\/\/artshop.biancoscuro.it\/site\/wp-content\/uploads\/2015\/10\/ARTEPADOVA_BIANCOSCUROmediapartner-600x619.jpg 600w, https:\/\/artshop.biancoscuro.it\/site\/wp-content\/uploads\/2015\/10\/ARTEPADOVA_BIANCOSCUROmediapartner-300x310.jpg 300w, https:\/\/artshop.biancoscuro.it\/site\/wp-content\/uploads\/2015\/10\/ARTEPADOVA_BIANCOSCUROmediapartner.jpg 625w\" sizes=\"auto, (max-width: 291px) 100vw, 291px\" \/><\/p>\n<p>Clicca su <strong>ACQUISTA<\/strong> (gratis) aggiungi\u00a0al carrello, concludi l&#8217;ordine e <strong>scarica gratuitamente<\/strong> l&#8217;ingresso omaggio per ARTE PADOVA\u00a0cliccando su &#8220;<strong>Download file: ARTEPADOVA_OMAGGIO_BIANCOSCURO<\/strong>&#8220;.<\/p>\n<p>L&#8217;invito \u00e8 offerto da <strong>BIANCOSCURO<\/strong>\u00a0<span style=\"text-decoration: underline;\"><strong>NON DOVRAI PAGARE NULLA!<\/strong><\/span><\/p>\n<p><b>Biancoscuro sar\u00e0 presente con il proprio stand editoriale<\/b><\/p>\n<p>Padiglione 7 &#8211; Storici (Stand a destra subito dopo\u00a0l&#8217;ingresso principale di via Niccol\u00f2 Tommaseo)<b>\u00a0<\/b><\/p>\n<h3><b>ArtePadova\u00a02015<\/b><\/h3>\n<h4>Trepidante attesa per la nuova edizione<\/h4>\n<p>Dopo aver festeggiato lo scorso anno il primo quarto di secolo, <strong>la mostra mercato padovana indossa un nuovo vestito in vista dell\u2019edizione numero 26<\/strong>, in programma dal 13 al 16 novembre nei padiglioni rinnovati della Fiera di Padova. Si impone ancora una volta come fondamentale punto d\u2019incontro e di dialogo tra galleristi, collezionisti, investitori e appassionati d\u2019arte. La chiave del successo di questa manifestazione \u00e8 riassumibile in un semplice, ma efficace, ossimoro, ossia quello di \u201cinnovativa tradizione\u201d.<br \/>\nArtePadova infatti, a partire dal suo esordio nel 1990, si \u00e8 sempre dimostrata una rassegna artistica dagli elevati standard qualitativi, legando il proprio nome ai grandi maestri del Novecento, ai quali di anno in anno ha saputo affiancare, in maniera propositiva e al passo coi tempi, i pi\u00f9 affermati artisti delle generazioni contemporanee.<br \/>\nLe rilevanti cifre di ciascuna edizione dimostrano l\u2019indiscutibile successo di questo evento, capace di riunire in fiera oltre 200 espositori e oltre 26.000 visitatori come accaduto, per esempio, nel 2014. Questi dati confermano dunque gli alti livelli raggiunti e l\u2019ottima capacit\u00e0 organizzativa, in grado di coniugare qualit\u00e0 e variet\u00e0, nonch\u00e9 di garantire occasioni di informazione sul mercato e sulle dinamiche creative in fiera. ArtePadova si rivela cos\u00ec un contenitore artistico polifunzionale, valido sia dal punto di vista commerciale che culturale, dove galleristi ed espositori hanno la possibilit\u00e0 di venire a contatto con un pubblico sempre pi\u00f9 vasto. La mostra mercato di Arte Moderna e Contemporanea in programma dal 13 al 16 novembre 2015, mette in campo tre concorsi dedicati ai talenti emergenti in vista dell\u2019edizione di quest\u2019anno. All\u2019attesissimo ritorno del premio \u201c<strong>CATS<\/strong>\u201d, riservato alle opere della sezione che propone i volti nuovi del panorama artistico nazionale e a \u201c<strong>Corti cortissimi via<\/strong>!\u201d, dedicato ai cortometraggi, si affianca il nuovo \u201c<strong>ArTesi<\/strong>\u201d, contest aperto ai neolaureati, aperto a tutti gli under 35 che si sono laureati in Veneto negli ultimi cinque anni presentando una testi dedicata al mondo dell\u2019arte in tutte le sue declinazioni. Grande attesa per questa manifestazione \u201cstorica\u201d, capace di rinnovarsi ogni anno.sl<\/p>\n","protected":false},"excerpt":{"rendered":"<p><img loading=\"lazy\" decoding=\"async\" class=\"alignnone size-thumbnail wp-image-903\" src=\"http:\/\/artshop.biancoscuro.it\/site\/wp-content\/uploads\/2015\/10\/ARTEPADOVA_BIANCOSCUROmediapartner-150x150.jpg\" alt=\"ARTEPADOVA_BIANCOSCUROmediapartner\" width=\"150\" height=\"150\" srcset=\"https:\/\/artshop.biancoscuro.it\/site\/wp-content\/uploads\/2015\/10\/ARTEPADOVA_BIANCOSCUROmediapartner-150x150.jpg 150w, https:\/\/artshop.biancoscuro.it\/site\/wp-content\/uploads\/2015\/10\/ARTEPADOVA_BIANCOSCUROmediapartner-324x324.jpg 324w, https:\/\/artshop.biancoscuro.it\/site\/wp-content\/uploads\/2015\/10\/ARTEPADOVA_BIANCOSCUROmediapartner-100x100.jpg 100w\" sizes=\"auto, (max-width: 150px) 100vw, 150px\" \/><\/p>\n<p>Clicca su\u00a0<strong>ACQUISTA<\/strong>\u00a0(gratis) aggiungi\u00a0al carrello, concludi l&#8217;ordine e\u00a0<strong>scarica gratuitamente<\/strong>\u00a0l&#8217;ingresso omaggio per ARTE\u00a0PADOVA\u00a0cliccando su &#8220;<strong>Download file: ARTEPADOVA_OMAGGIO_BIANCOSCURO<\/strong>&#8220;.<\/p>\n<p>L&#8217;invito \u00e8 offerto da\u00a0<strong>BIANCOSCURO<\/strong>\u00a0<span style=\"text-decoration: underline;\"><strong>NON DOVRAI PAGARE NULLA!<\/strong><\/span><\/p>\n<p><b>Biancoscuro sar\u00e0 presente con il proprio stand editoriale<\/b><\/p>\n<p>Padiglione 7 &#8211; Storici (Stand a destra subito dopo\u00a0l&#8217;ingresso principale di via Niccol\u00f2 Tommaseo)<b>\u00a0<\/b><\/p>\n","protected":false},"featured_media":903,"template":"","meta":[],"product_brand":[],"product_cat":[50],"product_tag":[],"class_list":{"0":"post-902","1":"product","2":"type-product","3":"status-publish","4":"has-post-thumbnail","6":"product_cat-mostre-eventi-fiere","7":"product_shipping_class-spedizione-gratuita","9":"first","10":"outofstock","11":"sale","12":"downloadable","13":"virtual","14":"sold-individually","15":"purchasable","16":"product-type-simple"},"jetpack_sharing_enabled":true,"_links":{"self":[{"href":"https:\/\/artshop.biancoscuro.it\/site\/wp-json\/wp\/v2\/product\/902","targetHints":{"allow":["GET"]}}],"collection":[{"href":"https:\/\/artshop.biancoscuro.it\/site\/wp-json\/wp\/v2\/product"}],"about":[{"href":"https:\/\/artshop.biancoscuro.it\/site\/wp-json\/wp\/v2\/types\/product"}],"wp:featuredmedia":[{"embeddable":true,"href":"https:\/\/artshop.biancoscuro.it\/site\/wp-json\/wp\/v2\/media\/903"}],"wp:attachment":[{"href":"https:\/\/artshop.biancoscuro.it\/site\/wp-json\/wp\/v2\/media?parent=902"}],"wp:term":[{"taxonomy":"product_brand","embeddable":true,"href":"https:\/\/artshop.biancoscuro.it\/site\/wp-json\/wp\/v2\/product_brand?post=902"},{"taxonomy":"product_cat","embeddable":true,"href":"https:\/\/artshop.biancoscuro.it\/site\/wp-json\/wp\/v2\/product_cat?post=902"},{"taxonomy":"product_tag","embeddable":true,"href":"https:\/\/artshop.biancoscuro.it\/site\/wp-json\/wp\/v2\/product_tag?post=902"}],"curies":[{"name":"wp","href":"https:\/\/api.w.org\/{rel}","templated":true}]}}