{"id":8687,"date":"2023-09-28T18:51:12","date_gmt":"2023-09-28T16:51:12","guid":{"rendered":"https:\/\/artshop.biancoscuro.it\/site\/?post_type=product&#038;p=8687"},"modified":"2024-08-05T19:53:10","modified_gmt":"2024-08-05T17:53:10","slug":"biancoscuro-rivista-darte-60-digital-pdf","status":"publish","type":"product","link":"https:\/\/artshop.biancoscuro.it\/site\/shop\/libri-riviste\/biancoscuro-rivista-darte-60-digital-pdf\/","title":{"rendered":"Biancoscuro Rivista d&#8217;Arte #60 &#8220;Digital&#8221; (PDF)"},"content":{"rendered":"<figure class=\"aligncenter\"><img loading=\"lazy\" decoding=\"async\" class=\"alignnone\" src=\"https:\/\/www.biancoscuro.com\/video\/bra60.gif\" alt=\"BIANCOSCURO Art Magazine \" width=\"600\" height=\"424\" \/><\/figure>\n<p><strong>Biancoscuro Rivista d\u2019Arte<\/strong> viene distribuita nelle pi\u00f9 famose fiere e importanti mostre d\u2019arte, recapitata in abbonamento a collezionisti, gallerie ed enti culturali.<\/p>\n<hr \/>\n<h3><em>Cover story<\/em><em>:<\/em><b> Enrico Castellani <\/b><em>&#8211; \u201c<strong>Infiniti incontri<\/strong>, disperate attese\u201d<\/em><\/h3>\n<hr \/>\n<h3><em>In questo numero di BIANCOSCURO\u00a0Rivista d\u2019Arte:<\/em><\/h3>\n<ul>\n<li style=\"list-style-type: none;\">\n<ul>\n<li style=\"list-style-type: none;\">\n<ul>\n<li><strong>L\u2019Editoriale<\/strong> di Vincenzo Chetta<\/li>\n<li><strong>Matisse<\/strong>. Un percorso di trasformazione<\/li>\n<li><strong>L\u2019animazione dell\u2019antico<\/strong>. <strong>Rubens<\/strong> protagonista<\/li>\n<li><strong>Ter Brugghen<\/strong> a Modena Dall\u2019Olanda all\u2019Italia<\/li>\n<li><strong>BIANCOSCURO<\/strong>. Art Contest. La 10\u00aa edizione<\/li>\n<li><strong>Paris+ par Art Basel<\/strong>. Al Grand Palais \u00c9ph\u00e9m\u00e8re<\/li>\n<li><strong>Art Monaco<\/strong>. What a wonderful Art Fair<\/li>\n<li><strong>Emilio Isgr\u00f2<\/strong>. La filosofia di ci\u00f2 che rimane<\/li>\n<li><strong>Michelangelo Pistoletto<\/strong> al Chiostro del Bramante<\/li>\n<li><strong>Svetlana Borisova<\/strong>. Il sentiero dell\u2019anima<\/li>\n<li><strong>Letizia Battaglia<\/strong>. Una messa a fuoco sulla sua vita<\/li>\n<li><strong>Robert Doisneau<\/strong>. Ultimi giorni al Museo Diocesano<\/li>\n<li>Street Art. <strong>Banksy<\/strong>. Painting Walls<\/li>\n<li><strong>Campo Pianelli<\/strong>. Introduzione ai percorsi del mito [37\u00aa puntata]<\/li>\n<\/ul>\n<\/li>\n<\/ul>\n<\/li>\n<li style=\"list-style-type: none;\">&#8230;e molto altro!<\/li>\n<li style=\"list-style-type: none;\">\n<hr \/>\n<p><span class=\"il\">Puoi pagare<\/span>\u00a0con <strong>carta di credito<\/strong> oppure <strong>PayPal<br \/>\n<\/strong>Verr\u00e0 emessa <strong>fattura\/ricevuta<\/strong>, \u00e8 necessario indicare <strong>codice fiscale<\/strong> oppure <strong>partita IVA<\/strong><\/li>\n<\/ul>\n","protected":false},"excerpt":{"rendered":"<h3><em>ottobre\/novembre<\/em><em> 2023<\/em><\/h3>\n<p>Scarica\u00a0<strong>Biancoscuro Rivista d\u2019Arte<\/strong> in versione digitale (PDF) altamente compatibile con<strong> PC<\/strong> e\/o <strong>MAC<\/strong> e tutti i <strong>tablet, smartphone<\/strong>: <strong>iPhone<\/strong>, <strong>Samsung<\/strong>, <strong>Huawei<\/strong>, <strong>Xiaomi<\/strong>, <strong>Oppo<\/strong> ecc.<br \/>\nPer leggere la rivista potrai usare <strong>Acrobat Reader<\/strong> oppure semplicemente un browser come ad <strong>Firefox, Chrome, Safari, Opera, Microsoft Edge<\/strong> ecc.<\/p>\n<p>Usando la Carta di Credito o PayPal potrai scaricare subito\u00a0la rivista cliccando su\u00a0<strong>DOWNLOAD FILE: BIANCOSCURO (versione digitale)<\/strong><\/p>\n<p>In alternativa, troverai successivamente nella scheda <strong>IL MIO ACCOUNT<\/strong> \u00a0il file da scaricare, baster\u00e0 cliccare sopra la scritta <strong>DOWNLOAD FILE: BIANCOSCURO (versione digitale)<\/strong><\/p>\n<p>&nbsp;<\/p>\n","protected":false},"featured_media":8669,"template":"","meta":[],"product_brand":[],"product_cat":[13],"product_tag":[110,23,19,105,186,108,109,113,121,120,119,111,118,112,107,106,24,20,25],"class_list":{"0":"post-8687","1":"product","2":"type-product","3":"status-publish","4":"has-post-thumbnail","6":"product_cat-libri-riviste","7":"product_tag-art-contest","8":"product_tag-arte","9":"product_tag-biancoscuro","10":"product_tag-biancoscuro-rivista-darte","11":"product_tag-bra-digital","12":"product_tag-concorso","13":"product_tag-contest","14":"product_tag-cultura","15":"product_tag-digital","16":"product_tag-digital-version","17":"product_tag-digitale","18":"product_tag-fiere","19":"product_tag-formato-digitale","20":"product_tag-informazione","21":"product_tag-manifestazioni-artistiche","22":"product_tag-mostre","23":"product_tag-pittura","24":"product_tag-rivista","25":"product_tag-scultura","27":"first","28":"instock","29":"sale","30":"downloadable","31":"virtual","32":"purchasable","33":"product-type-simple"},"jetpack_sharing_enabled":true,"_links":{"self":[{"href":"https:\/\/artshop.biancoscuro.it\/site\/wp-json\/wp\/v2\/product\/8687","targetHints":{"allow":["GET"]}}],"collection":[{"href":"https:\/\/artshop.biancoscuro.it\/site\/wp-json\/wp\/v2\/product"}],"about":[{"href":"https:\/\/artshop.biancoscuro.it\/site\/wp-json\/wp\/v2\/types\/product"}],"wp:featuredmedia":[{"embeddable":true,"href":"https:\/\/artshop.biancoscuro.it\/site\/wp-json\/wp\/v2\/media\/8669"}],"wp:attachment":[{"href":"https:\/\/artshop.biancoscuro.it\/site\/wp-json\/wp\/v2\/media?parent=8687"}],"wp:term":[{"taxonomy":"product_brand","embeddable":true,"href":"https:\/\/artshop.biancoscuro.it\/site\/wp-json\/wp\/v2\/product_brand?post=8687"},{"taxonomy":"product_cat","embeddable":true,"href":"https:\/\/artshop.biancoscuro.it\/site\/wp-json\/wp\/v2\/product_cat?post=8687"},{"taxonomy":"product_tag","embeddable":true,"href":"https:\/\/artshop.biancoscuro.it\/site\/wp-json\/wp\/v2\/product_tag?post=8687"}],"curies":[{"name":"wp","href":"https:\/\/api.w.org\/{rel}","templated":true}]}}