{"id":8356,"date":"2022-10-02T16:52:02","date_gmt":"2022-10-02T15:52:02","guid":{"rendered":"https:\/\/artshop.biancoscuro.it\/site\/?post_type=product&#038;p=8356"},"modified":"2022-12-12T17:04:18","modified_gmt":"2022-12-12T16:04:18","slug":"librindosso-by-pupi-perati-copia-3","status":"publish","type":"product","link":"https:\/\/artshop.biancoscuro.it\/site\/shop\/arte-da-indossare\/librindosso-by-pupi-perati-copia-3\/","title":{"rendered":"LibrIndosso by Pupi Perati"},"content":{"rendered":"<h3>LibrIndosso &#8211; Oggetti d&#8217;arte da indossare<\/h3>\n<p>La fusione \u00e8 la pi\u00f9 antica tecnica di lavorazione del vetro, materiale d\u2019uso comune che torna ad essere unico\u00a0e prezioso nelle abili mani degli artigiani-artisti. Nascono cos\u00ec i \u201c<strong>Librindosso<\/strong>\u201d che accompagnano chi li indossa:\u00a0piccoli mondi, simili ma anche unici, perch\u00e9 ognuno \u00e8 diverso dagli altri. Rispecchiano un poco la nostra umanit\u00e0,\u00a0perch\u00e9 anche gli esseri umani sono simili, eppure unici, e preziosi agli occhi di chi li ha creati.<\/p>\n<div class=\"portfolio_container\">\n<p>I \u201c <strong>Librindosso<\/strong>\u201d vengono forniti con \u00a0cordoncino e possono essere facilmente indossati come ciondoli, per renderli ancora pi\u00f9 preziosi \u00e8 possibile infilarli in\u00a0una catenina d\u2019oro, che ne valorizzi lo splendore. Sostituendo il cordoncino con dei nastri in tessuto elasticizzato, colorati e divertenti, si possono adattare al corpo in modo non solo creativo, ma anche comodo e anallergico, diventando bracciali, anelli, ferma-capelli\u2026<\/p>\n<p><img loading=\"lazy\" decoding=\"async\" class=\"alignnone wp-image-1216\" src=\"http:\/\/artshop.biancoscuro.it\/site\/wp-content\/uploads\/2016\/11\/INSIEMEPUPIPERATILIBRINDOSSO-1024x633.jpg\" alt=\"insiemepupiperatilibrindosso\" width=\"800\" height=\"494\" srcset=\"https:\/\/artshop.biancoscuro.it\/site\/wp-content\/uploads\/2016\/11\/INSIEMEPUPIPERATILIBRINDOSSO-1024x633.jpg 1024w, https:\/\/artshop.biancoscuro.it\/site\/wp-content\/uploads\/2016\/11\/INSIEMEPUPIPERATILIBRINDOSSO-416x257.jpg 416w, https:\/\/artshop.biancoscuro.it\/site\/wp-content\/uploads\/2016\/11\/INSIEMEPUPIPERATILIBRINDOSSO-300x185.jpg 300w, https:\/\/artshop.biancoscuro.it\/site\/wp-content\/uploads\/2016\/11\/INSIEMEPUPIPERATILIBRINDOSSO-768x475.jpg 768w, https:\/\/artshop.biancoscuro.it\/site\/wp-content\/uploads\/2016\/11\/INSIEMEPUPIPERATILIBRINDOSSO-600x371.jpg 600w, https:\/\/artshop.biancoscuro.it\/site\/wp-content\/uploads\/2016\/11\/INSIEMEPUPIPERATILIBRINDOSSO.jpg 2000w\" sizes=\"auto, (max-width: 800px) 100vw, 800px\" \/><\/p>\n<\/div>\n<h3>LibrIndosso &#8211; Gioielli in vetro fuso e oro by Pupi Perati<\/h3>\n<p><span style=\"font-size: 16px;\">Titolo:\u00a0<strong>Librindosso by Pupiperati<\/strong><br \/>\n<\/span>Tecnica: vetro fuso e oro zecchino con smalti e pigmenti colorati<br \/>\nPeriodo: 2016<\/p>\n<p>Realizzato completamente a mano dall&#8217;artista<strong>. Pezzo <span style=\"text-decoration: underline;\">unico<\/span>, <span style=\"text-decoration: underline;\">inimitabile<\/span> e <span style=\"text-decoration: underline;\">irripetibile<\/span> <\/strong>grazie\u00a0al tecnica di produzione.<\/p>\n<p>I librindosso sono stati esposti ad\u00a0<strong>Art Innsbruck<\/strong>\u00a02016<br \/>\nI librindosso sono stati esposti\u00a0a\u00a0<strong>PaviArt<\/strong>\u00a02016<br \/>\nI librindosso sono stati\u00a0pubblicati sul numero\u00a0all&#8217;interno del\u00a0numero di\u00a0<strong>dicembre-gennaio<\/strong>\u00a02016 di\u00a0<strong>BIANCOSCURO ART MAGAZINE<\/strong><br \/>\n<span style=\"color: #000000;\">Ogni LibrIndosso\u00a0\u00e8 fornito di\u00a0<strong>certificato di autenticit\u00e0<\/strong>.<\/span><\/p>\n<p><span style=\"color: #ff0000;\"><strong>SPEDIZIONE GRATUITA con corriere espresso<\/strong><\/span><\/p>\n<blockquote><p><strong>La tecnica<\/strong><br \/>\nFra le tecniche che uso, quella che amo maggiormente \u00e8 la fusione del vetro, materiale cangiante e pieno di fascino. Lo si pu\u00f2 lavorare tagliando e modellando a fuoco le lastre da fusione, disponibili\u00a0 in una gamma vastissima di colori o sotto forma di graniglie, di polveri e di paste colorate, creando sovrapposizioni e sfumature con spatole, pennelli, piccoli setacci\u2026 lo si pu\u00f2 colorare con ossidi ed \u00e8 possibile applicare in fusione anche metalli preziosi o minerali brillanti, come la mica. La cottura aggiunge effetti di rilievo, morbidezza, sovrapposizione, che donano un particolare senso di profondit\u00e0 e di mistero. \u00c8 una tecnica difficile, che richiede esperienza, attrezzature e materiali costosi, ma la prediligo perch\u00e9 apre vasti orizzonti alla mia voglia di creare e di sperimentare.<br \/>\n<em>Pupi Perati<br \/>\n<img loading=\"lazy\" decoding=\"async\" class=\"alignnone wp-image-1217\" src=\"http:\/\/artshop.biancoscuro.it\/site\/wp-content\/uploads\/2016\/11\/firmaPUPI-300x161.png\" alt=\"firmapupi\" width=\"166\" height=\"89\" srcset=\"https:\/\/artshop.biancoscuro.it\/site\/wp-content\/uploads\/2016\/11\/firmaPUPI.png 300w, https:\/\/artshop.biancoscuro.it\/site\/wp-content\/uploads\/2016\/11\/firmaPUPI-150x81.png 150w\" sizes=\"auto, (max-width: 166px) 100vw, 166px\" \/><br \/>\n<\/em><\/p><\/blockquote>\n<h3>NOTE:<br \/>\nPupi Perati \u00a0ha esposto a Monte-Carlo, Innsbruck, Montreux, Pavia, Milano, Parma, Lodi e Forl\u00ec.<\/h3>\n<p>&nbsp;<\/p>\n<p>&nbsp;<\/p>\n","protected":false},"excerpt":{"rendered":"<h3>LibrIndosso &#8211; Gioielli in vetro fuso e oro by Pupi Perati<br \/>\n<em><img loading=\"lazy\" decoding=\"async\" class=\"alignnone wp-image-1217\" src=\"http:\/\/artshop.biancoscuro.it\/site\/wp-content\/uploads\/2016\/11\/firmaPUPI-300x161.png\" alt=\"firmapupi\" width=\"166\" height=\"89\" srcset=\"https:\/\/artshop.biancoscuro.it\/site\/wp-content\/uploads\/2016\/11\/firmaPUPI.png 300w, https:\/\/artshop.biancoscuro.it\/site\/wp-content\/uploads\/2016\/11\/firmaPUPI-150x81.png 150w\" sizes=\"auto, (max-width: 166px) 100vw, 166px\" \/><\/em><\/h3>\n<p><span style=\"font-size: 16px;\">Titolo: <strong>Librindosso by Pupiperati<\/strong><br \/>\n<\/span>Tecnica: vetro fuso e oro zecchino con smalti, ossidi e pigmenti colorati<br \/>\nDimensioni: 6x2x2,5 cm.<br \/>\nPeriodo: 2016<\/p>\n<p>Realizzato completamente\u00a0a mano dall&#8217;artista<strong>. Pezzo\u00a0<span style=\"text-decoration: underline;\">unico<\/span>,\u00a0<span style=\"text-decoration: underline;\">inimitabile<\/span>\u00a0e\u00a0<span style=\"text-decoration: underline;\">irripetibile<\/span>\u00a0<\/strong>grazie alla tecnica di produzione.<\/p>\n<p>I librindosso sono stati esposti ad <strong>Art Innsbruck<\/strong> 2016<br \/>\nI librindosso sono stati esposti a <strong>PaviArt<\/strong> 2016<br \/>\nI librindosso sono stati\u00a0pubblicati sul numero\u00a0all&#8217;interno del\u00a0numero di <strong>dicembre-gennaio<\/strong>\u00a02016 di <strong>BIANCOSCURO ART MAGAZINE<\/strong><br \/>\n<span style=\"color: #000000;\">Ogni LibrIndosso\u00a0\u00e8 fornito di <strong>certificato di autenticit\u00e0<\/strong>.<\/span><\/p>\n<p><span style=\"color: #ff0000;\"><strong>SPEDIZIONE GRATUITA con corriere espresso<\/strong><\/span><\/p>\n","protected":false},"featured_media":8357,"template":"","meta":[],"product_brand":[],"product_cat":[57],"product_tag":[23,307,63,68,69,308,65,64,25,70,67],"class_list":{"0":"post-8356","1":"product","2":"type-product","3":"status-publish","4":"has-post-thumbnail","6":"product_cat-arte-da-indossare","7":"product_tag-arte","8":"product_tag-gioielli","9":"product_tag-librindosso","10":"product_tag-oro","11":"product_tag-ossidi","12":"product_tag-perati","13":"product_tag-pupi","14":"product_tag-pupi-perati","15":"product_tag-scultura","16":"product_tag-smalti","17":"product_tag-vetro","18":"product_shipping_class-spedizione-gratuita","20":"first","21":"instock","22":"sale","23":"sold-individually","24":"shipping-taxable","25":"purchasable","26":"product-type-simple"},"jetpack_sharing_enabled":true,"_links":{"self":[{"href":"https:\/\/artshop.biancoscuro.it\/site\/wp-json\/wp\/v2\/product\/8356","targetHints":{"allow":["GET"]}}],"collection":[{"href":"https:\/\/artshop.biancoscuro.it\/site\/wp-json\/wp\/v2\/product"}],"about":[{"href":"https:\/\/artshop.biancoscuro.it\/site\/wp-json\/wp\/v2\/types\/product"}],"wp:featuredmedia":[{"embeddable":true,"href":"https:\/\/artshop.biancoscuro.it\/site\/wp-json\/wp\/v2\/media\/8357"}],"wp:attachment":[{"href":"https:\/\/artshop.biancoscuro.it\/site\/wp-json\/wp\/v2\/media?parent=8356"}],"wp:term":[{"taxonomy":"product_brand","embeddable":true,"href":"https:\/\/artshop.biancoscuro.it\/site\/wp-json\/wp\/v2\/product_brand?post=8356"},{"taxonomy":"product_cat","embeddable":true,"href":"https:\/\/artshop.biancoscuro.it\/site\/wp-json\/wp\/v2\/product_cat?post=8356"},{"taxonomy":"product_tag","embeddable":true,"href":"https:\/\/artshop.biancoscuro.it\/site\/wp-json\/wp\/v2\/product_tag?post=8356"}],"curies":[{"name":"wp","href":"https:\/\/api.w.org\/{rel}","templated":true}]}}