{"id":8330,"date":"2022-11-23T19:38:46","date_gmt":"2022-11-23T18:38:46","guid":{"rendered":"https:\/\/artshop.biancoscuro.it\/site\/?post_type=product&#038;p=8330"},"modified":"2022-12-07T19:45:05","modified_gmt":"2022-12-07T18:45:05","slug":"negazione-dollaro-red-by-peter-hide-3110165","status":"publish","type":"product","link":"https:\/\/artshop.biancoscuro.it\/site\/shop\/opere\/peter-hide-3110165\/negazione-dollaro-red-by-peter-hide-3110165\/","title":{"rendered":"Negazione (dollaro red) by Peter Hide 3110165"},"content":{"rendered":"<p><a href=\"https:\/\/artshop.biancoscuro.it\/site\/wp-content\/uploads\/2022\/12\/PeterHide311065_NEGAZIONE-denial_FF_20221207_165709.jpg\" target=\"_blank\" rel=\"noopener\"><img loading=\"lazy\" decoding=\"async\" class=\"alignnone wp-image-8331 size-medium\" src=\"https:\/\/artshop.biancoscuro.it\/site\/wp-content\/uploads\/2022\/12\/PeterHide311065_NEGAZIONE-denial_FF_20221207_165709-214x300.jpg\" alt=\"\" width=\"214\" height=\"300\" srcset=\"https:\/\/artshop.biancoscuro.it\/site\/wp-content\/uploads\/2022\/12\/PeterHide311065_NEGAZIONE-denial_FF_20221207_165709-214x300.jpg 214w, https:\/\/artshop.biancoscuro.it\/site\/wp-content\/uploads\/2022\/12\/PeterHide311065_NEGAZIONE-denial_FF_20221207_165709-731x1024.jpg 731w, https:\/\/artshop.biancoscuro.it\/site\/wp-content\/uploads\/2022\/12\/PeterHide311065_NEGAZIONE-denial_FF_20221207_165709-768x1076.jpg 768w, https:\/\/artshop.biancoscuro.it\/site\/wp-content\/uploads\/2022\/12\/PeterHide311065_NEGAZIONE-denial_FF_20221207_165709-416x583.jpg 416w, https:\/\/artshop.biancoscuro.it\/site\/wp-content\/uploads\/2022\/12\/PeterHide311065_NEGAZIONE-denial_FF_20221207_165709.jpg 999w\" sizes=\"auto, (max-width: 214px) 100vw, 214px\" \/><\/a>Opera originale &#8220;<em>Made in Italy<\/em>&#8221; <strong>certificato di autenticit\u00e0<\/strong>, pi\u00f9 foto dell&#8217;opera con <strong>firma dell\u2019artista.<\/strong><\/p>\n<table cellspacing=\"3\" cellpadding=\"3\">\n<tbody>\n<tr>\n<td><strong>Tecnica<\/strong><\/td>\n<td>mista + banconote (facsimile) + bruciature su cartoncino<\/td>\n<\/tr>\n<tr>\n<td><strong>Anno<\/strong><\/td>\n<td>2015<\/td>\n<\/tr>\n<tr>\n<td><strong>Dimensione<\/strong><\/td>\n<td>grande<\/td>\n<\/tr>\n<tr>\n<td>Altezza<\/td>\n<td>70 cm<\/td>\n<\/tr>\n<tr>\n<td>Larghezza<\/td>\n<td>50 cm<\/td>\n<\/tr>\n<tr>\n<td>\u00a0Profondit\u00e0<\/td>\n<td>1 mm<\/td>\n<\/tr>\n<\/tbody>\n<\/table>\n<blockquote><p><strong>Cenni sull&#8217;opera<\/strong><\/p>\n<p>L&#8217;opera \u00e8 realizzata dall&#8217;artista su cartoncino, utilizzando banconote(facsimile) trattate e applicate sul fondo.<br \/>\nOgni opera \u00e8 protetta con sistema antifalsificazione: l&#8217;impronta digitale con pigmenti fluorescenti \u00e8 impressa dall&#8217;artista ed \u00e8 visibile tramite illuminazione a lampada UV.<br \/>\nNB Il lavoro \u00e8 sprovvisto di cornice.<\/p><\/blockquote>\n<h3>NEGAZIONE<\/h3>\n<p>Bruciare la bandiera di uno stato significa bruciare uno stato, significa voler negare totalmente una cultura, il simbolo del senso dell\u2019unit\u00e0 nazionale che va in cenere<br \/>\n\u00c8 un gesto di una gravit\u00e0 simbolica incontestabile, che si potrebbe definire ultimativa: chi brucia una bandiera nazionale &#8220;brucia&#8221; un popolo.<br \/>\nE bruciare il denaro, simbolo non di una nazione ma di un sistema economico \u201cmalato\u201d, \u201cdeviato\u201d\u00a0 cosa mi rappresenta?, cosi come bruciare una bandiera \u00e8 un atto vile e anarchico, Peter Hide al contrario,\u00a0 bruciando i soldi attua una ribellione coraggiosa mettendo in discussione tutto il sistema capitalistico contemporaneo. Questi lavori, perdendo la scanzonata irriverenza tipica dell\u2019artista, perdendo l\u2019aspetto ludico e giocoso, caricano ancor pi\u00f9 la seriet\u00e0 del tema rappresentato. La situazione \u00e8 drammatica, bisogna cambiare le persone, bisogna cambiare la mentalit\u00e0 dominante della societ\u00e0 capitalistica ed arrivistica del mondo contemporaneo. Bisogno passare ad amare sempre pi\u00f9 le persone e sempre meno il denaro.<br \/>\nAmo i soldi non per il potere\/ricchezza che da esso ne deriva, ma per la tranquillit\u00e0 interiore che da esso scaturisce in una societ\u00e0 attuale dove i valori autentici sono totalmente rovesciati.<\/p>\n<p>&nbsp;<\/p>\n<blockquote><p><strong>Cenni sull&#8217;artista<\/strong><\/p>\n<ul>\n<li>Visibilit\u00e0 internazionale<\/li>\n<li>Opere esposte in musei<\/li>\n<li>Opere esposte in collezioni private internazionali<\/li>\n<li>Prizewinner<\/li>\n<\/ul>\n<\/blockquote>\n<p>&nbsp;<\/p>\n<p>&nbsp;<\/p>\n<hr \/>\n<p><b>BIOGRAFIA<\/b><\/p>\n<p><strong>Peter Hide 311065<\/strong> (1965) mette in gioco passioni, suggestioni, ovviet\u00e0, malesseri del nostro tempo, tra Peter Pan (l\u2019eterno bambino buono) e Mister Hyde (la forza del male). Cos\u00ec nasce il suo pseudonimo. Nella sua ricerca il denaro, ossessione e valenza simbolica, \u00e8 messo in mostra per rappresentare il cammino pericoloso verso la decadenza morale. <strong>Peter Hide 311065<\/strong> sceglie accuratamente le valute che maggiormente evocano potenza economica, accartoccia i soldi per metterli in scatole-vetrina, quasi fossero reliquie della societ\u00e0 contemporanea. Il lavoro artistico cos\u00ec presentato riduce il suo impatto, diventa leggero, coinvolge lo spettatore in una dimensione ironica, scanzonata, quasi da spot pubblicitario. In pi\u00f9, le scritte rosso sangue riportate sulle superfici lucide delle \u201cvetrine\u201d, contribuiscono a colpire l\u2019immaginazione. Ha collaborato con Malcon Gibson in \u201cReal Art\u201d (Cumbria \u2013 Inghilterra), rivista-portfolio d\u2019arte, producendo lavori esposti e venduti al Beacon Museum, Whitehaven e alla British Gallery di Londra. Ha partecipato alla 1\u00b0 Biennale Internazionale d\u2019arte di Malta, ha esposto in importanti mostre collettive e ben riuscite personali dove ha messo in \u201cmostra\u201d il denaro e il malessere della nostra societ\u00e0 in maniera scherzosa ed irriverente, in tutte le sue accezioni.<\/p>\n<p><img loading=\"lazy\" decoding=\"async\" class=\"alignnone wp-image-1312 size-medium\" src=\"http:\/\/artshop.biancoscuro.it\/site\/wp-content\/uploads\/2017\/03\/PETERHIDE311065_3-200x300.jpg\" width=\"200\" height=\"300\" srcset=\"https:\/\/artshop.biancoscuro.it\/site\/wp-content\/uploads\/2017\/03\/PETERHIDE311065_3-200x300.jpg 200w, https:\/\/artshop.biancoscuro.it\/site\/wp-content\/uploads\/2017\/03\/PETERHIDE311065_3-416x626.jpg 416w, https:\/\/artshop.biancoscuro.it\/site\/wp-content\/uploads\/2017\/03\/PETERHIDE311065_3-600x902.jpg 600w, https:\/\/artshop.biancoscuro.it\/site\/wp-content\/uploads\/2017\/03\/PETERHIDE311065_3.jpg 665w\" sizes=\"auto, (max-width: 200px) 100vw, 200px\" \/><\/p>\n<h4>Le opere di\u00a0Peter Hide 3110165 sono state esposte presso diversi enti, musei e istituzioni. Una sua opera \u00e8 in permanenza presso il Museo Bodini di Gemonio. Le sue opere sono state esposte presso importanti fiere e mostre mercato di\u00a0Monte-Carlo, Miami, Los Angeles, Berlino, Londra, Lugano, Innsbruck, Venezia, Pavia, Padova, Genova, Parma e Forl\u00ec.<\/h4>\n<h4>Nel giugno 2015 ha donato un&#8217;opera alla\u00a0<strong>Fondazione Principe Alberto di Monaco<\/strong>. L&#8217;opera \u00e8 stata\u00a0battuta all&#8217;asta da\u00a0<strong>Sotheby&#8217;s <\/strong>a<strong><span style=\"text-decoration: underline;\"> 2.200 CHF<\/span>\u00a0<\/strong>alla serata Spring Ball il 5 giugno a Lugano Villa Principe Leopoldo e il <strong>ricavato devoluto in beneficenza<\/strong> alla fondazione monegasca.<\/h4>\n<hr \/>\n<figure id=\"attachment_801\" aria-describedby=\"caption-attachment-801\" style=\"width: 212px\" class=\"wp-caption alignnone\"><a href=\"https:\/\/artshop.biancoscuro.it\/site\/wp-content\/uploads\/2015\/08\/BRA_11-2015_CopL.jpg\" target=\"_blank\" rel=\"noopener noreferrer\"><img loading=\"lazy\" decoding=\"async\" class=\"wp-image-801 size-medium\" src=\"https:\/\/artshop.biancoscuro.it\/site\/wp-content\/uploads\/2015\/08\/BRA_11-2015_CopL-212x300.jpg\" alt=\"biancoscuro art magazine\" width=\"212\" height=\"300\" srcset=\"https:\/\/artshop.biancoscuro.it\/site\/wp-content\/uploads\/2015\/08\/BRA_11-2015_CopL-212x300.jpg 212w, https:\/\/artshop.biancoscuro.it\/site\/wp-content\/uploads\/2015\/08\/BRA_11-2015_CopL-416x588.jpg 416w, https:\/\/artshop.biancoscuro.it\/site\/wp-content\/uploads\/2015\/08\/BRA_11-2015_CopL-600x849.jpg 600w, https:\/\/artshop.biancoscuro.it\/site\/wp-content\/uploads\/2015\/08\/BRA_11-2015_CopL-300x424.jpg 300w, https:\/\/artshop.biancoscuro.it\/site\/wp-content\/uploads\/2015\/08\/BRA_11-2015_CopL.jpg 707w, https:\/\/artshop.biancoscuro.it\/site\/wp-content\/uploads\/2015\/08\/BRA_11-2015_CopL-150x212.jpg 150w\" sizes=\"auto, (max-width: 212px) 100vw, 212px\" \/><\/a><figcaption id=\"caption-attachment-801\" class=\"wp-caption-text\">BIANCOSCURO Art Magazine ha dedicato a Peter Hide 3110165 la copertina del numero di agosto-settembre 2015<\/figcaption><\/figure>\n","protected":false},"excerpt":{"rendered":"<p><strong>Spedizione <span style=\"text-decoration: underline;\">gratuita <\/span><\/strong>con trasporto affidato a corriere espresso assicurato.<\/p>\n<p><strong>Soddisfatti o rimborsati<\/strong> poich\u00e9 il periodo di recesso \u00e8 di 14 giorni, a partire dal giorno in cui si riceve l&#8217;opera.<\/p>\n<p><strong>Pagamento<\/strong> con carta di credito o bonifico bancario.<\/p>\n<p class=\"p1\"><strong>Garanzia<\/strong>\u00a0e <strong>tracciabilit\u00e0, <\/strong>tutti gli artisti sulla piattaforma oltre ad essere attentamente selezionati, godono del privilegio di essere pubblicati anche sulla <strong>Rivista d&#8217;Arte Biancoscuro<\/strong>, di conseguenza il loro lavoro \u00e8 storicizzato ed il loro operato \u00e8 autentico ed inimitabile. <a href=\"https:\/\/www.biancoscuro.it\/rivista-darte\/\" target=\"_blank\" rel=\"noopener noreferrer\"><strong>www.biancoscuro.it<\/strong><\/a><\/p>\n<hr \/>\n<p><strong>Visibile presso lo spazio espositivo BIANCOSCURO a Pavia in Viale indipendenza 26 (previo appuntamento)<\/strong>.<br \/>\nSe vuoi puoi anche fare una\u00a0<strong>proposta d\u2019acquisto<\/strong>\u00a0cliccando il tasto qui sotto e inserendo i dati richiesti.<\/p>\n","protected":false},"featured_media":8331,"template":"","meta":[],"product_brand":[],"product_cat":[14,297],"product_tag":[23,19,73,29,76,39,74,75],"class_list":{"0":"post-8330","1":"product","2":"type-product","3":"status-publish","4":"has-post-thumbnail","6":"product_cat-opere","7":"product_cat-peter-hide-3110165","8":"product_tag-arte","9":"product_tag-biancoscuro","10":"product_tag-denial","11":"product_tag-grafica","12":"product_tag-love-money","13":"product_tag-peter-hide","14":"product_tag-peter-hide-311065","15":"product_tag-sotheby","16":"product_shipping_class-spedizione-gratuita","18":"first","19":"instock","20":"sale","21":"sold-individually","22":"shipping-taxable","23":"purchasable","24":"product-type-simple"},"jetpack_sharing_enabled":true,"_links":{"self":[{"href":"https:\/\/artshop.biancoscuro.it\/site\/wp-json\/wp\/v2\/product\/8330","targetHints":{"allow":["GET"]}}],"collection":[{"href":"https:\/\/artshop.biancoscuro.it\/site\/wp-json\/wp\/v2\/product"}],"about":[{"href":"https:\/\/artshop.biancoscuro.it\/site\/wp-json\/wp\/v2\/types\/product"}],"wp:featuredmedia":[{"embeddable":true,"href":"https:\/\/artshop.biancoscuro.it\/site\/wp-json\/wp\/v2\/media\/8331"}],"wp:attachment":[{"href":"https:\/\/artshop.biancoscuro.it\/site\/wp-json\/wp\/v2\/media?parent=8330"}],"wp:term":[{"taxonomy":"product_brand","embeddable":true,"href":"https:\/\/artshop.biancoscuro.it\/site\/wp-json\/wp\/v2\/product_brand?post=8330"},{"taxonomy":"product_cat","embeddable":true,"href":"https:\/\/artshop.biancoscuro.it\/site\/wp-json\/wp\/v2\/product_cat?post=8330"},{"taxonomy":"product_tag","embeddable":true,"href":"https:\/\/artshop.biancoscuro.it\/site\/wp-json\/wp\/v2\/product_tag?post=8330"}],"curies":[{"name":"wp","href":"https:\/\/api.w.org\/{rel}","templated":true}]}}