{"id":8240,"date":"2022-09-06T17:43:20","date_gmt":"2022-09-06T16:43:20","guid":{"rendered":"https:\/\/artshop.biancoscuro.it\/site\/?post_type=product&#038;p=8240"},"modified":"2022-12-06T17:45:46","modified_gmt":"2022-12-06T16:45:46","slug":"giugno-in-campagna-by-nando-conti","status":"publish","type":"product","link":"https:\/\/artshop.biancoscuro.it\/site\/shop\/opere\/giugno-in-campagna-by-nando-conti\/","title":{"rendered":"Giugno in campagna by Nando Conti"},"content":{"rendered":"<p>Opera originale con <strong>certificato di autenticit\u00e0<\/strong>, pi\u00f9 foto dell&#8217;opera con <strong>firma dell\u2019artista.<\/strong><\/p>\n<table cellspacing=\"3\" cellpadding=\"3\">\n<tbody>\n<tr>\n<td><strong>Tecnica<\/strong><\/td>\n<td>acrilico su tela<\/td>\n<\/tr>\n<tr>\n<td><strong>Anno<\/strong><\/td>\n<td>2020<\/td>\n<\/tr>\n<tr>\n<td><strong>Dimensione<\/strong><\/td>\n<td>medio<\/td>\n<\/tr>\n<tr>\n<td>Altezza<\/td>\n<td>50 cm<\/td>\n<\/tr>\n<tr>\n<td>Larghezza<\/td>\n<td>60 cm<\/td>\n<\/tr>\n<tr>\n<td>Profondit\u00e0<\/td>\n<td>4 cm<\/td>\n<\/tr>\n<\/tbody>\n<\/table>\n<blockquote><p><strong>Cenni sull&#8217;opera<\/strong><\/p>\n<p><i>\u00abColui che \u00e8 maestro nell\u2019arte della vita, non distingue tra il suo lavoro ed il suo tempo libero, ma semplicemente persegue la sua visione d\u2019eccellenza, qualsiasi cosa stia facendo. Lasciando agli altri decidere, se sta lavorando, o semplicemente giocando\u00bb.<\/i><\/p><\/blockquote>\n<p>&nbsp;<\/p>\n<blockquote><p><strong>Cenni sull&#8217;artista<\/strong><\/p>\n<ul>\n<li>Visibilit\u00e0 internazionale<\/li>\n<li>Opere esposte in musei<\/li>\n<li>Opere esposte in collezioni private internazionali<\/li>\n<li>Prizewinner<\/li>\n<\/ul>\n<\/blockquote>\n<p>&nbsp;<\/p>\n<hr \/>\n<p><b><img decoding=\"async\" src=\"https:\/\/static.wixstatic.com\/media\/683aef_d05bc80e823447e4bc708d3be01ad777~mv2.jpg\/v1\/crop\/x_0,y_6,w_588,h_841\/fill\/w_580,h_832,al_c,q_85,usm_0.66_1.00_0.01,enc_auto\/683aef_d05bc80e823447e4bc708d3be01ad777~mv2.jpg\" srcset=\"https:\/\/static.wixstatic.com\/media\/683aef_d05bc80e823447e4bc708d3be01ad777~mv2.jpg\/v1\/crop\/x_0,y_6,w_588,h_841\/fill\/w_580,h_832,al_c,q_85,usm_0.66_1.00_0.01,enc_auto\/683aef_d05bc80e823447e4bc708d3be01ad777~mv2.jpg\" alt=\"\" \/><\/b><\/p>\n<p><b>BIOGRAFIA<\/b><\/p>\n<p><strong>Nando Conti<\/strong>, pittore autodidatta, nasce in Umbria e le sue radici rappresentano la linfa vitale del suo percorso creativo. Non frequenta accademie o corsi di pittura, ma da sempre avverte una particolare attrazione per l&#8217;arte in genere ed in particolare per la pittura.<br \/>\nNel 2016, dopo un lungo e intenso periodo lavorativo, decide di cimentarsi nel mondo artistico, con il desiderio di essere un\u00a0 interprete attento e curioso del suo ambiente umbro che diventa l\u2019universo ispirativo di un artista consapevole e di grande sensibilit\u00e0. In verit\u00e0 questi luoghi, pi\u00f9 che analizzati tramite un&#8217;osservazione oggettiva e reale, sembrano mossi dall\u2019estrinsecazione di una visione interiorizzata e lirica. Infatti, egli cerca, nel suo atto operativo, di trasfigurare il soggetto, che non \u00e9 un travisamento della realt\u00e0 ma una lettura in chiave interpretativa. Appare sempre presente nell\u2019artista una concezione idilliaca della natura, quasi che il ritrovare nella poesia di quei luoghi una pace e una serenit\u00e0 che sembra spesso lontana, sia la missione fondamentale della sua concezione pittorica. La luce appare come un elemento essenziale per il discorso Iirico intrapreso, accentua l\u2019emozione, la trasmette con immediata freschezza suscitando una delicatezza di sentimenti che si offrono all&#8217;osservatore con intimo riserbo.<\/p>\n<p><strong>Maggiori info:<\/strong> <a href=\"https:\/\/nandoconti.wixsite.com\/nandoconti\/about\" target=\"_blank\" rel=\"noopener\">nandoconti.wixsite.com<\/a><\/p>\n","protected":false},"excerpt":{"rendered":"<table cellspacing=\"3\" cellpadding=\"3\">\n<tbody>\n<tr>\n<td><strong>Tecnica<\/strong><\/td>\n<td>acrilico su tela<\/td>\n<\/tr>\n<tr>\n<td><strong>Anno<\/strong><\/td>\n<td>2020<\/td>\n<\/tr>\n<tr>\n<td><strong>Dimensione<\/strong><\/td>\n<td>medio<\/td>\n<\/tr>\n<tr>\n<td>Altezza<\/td>\n<td>50 cm<\/td>\n<\/tr>\n<tr>\n<td>Larghezza<\/td>\n<td>60 cm<\/td>\n<\/tr>\n<tr>\n<td>Profondit\u00e0<\/td>\n<td>4 cm<\/td>\n<\/tr>\n<\/tbody>\n<\/table>\n<p><strong>Spedizione gratuita <\/strong>con trasporto affidato a corriere espresso assicurato.<\/p>\n<p><strong>Soddisfatti o rimborsati<\/strong> poich\u00e9 il periodo di recesso \u00e8 di 14 giorni, a partire dal giorno in cui si riceve l&#8217;opera.<\/p>\n<p><strong>Pagamento<\/strong> con carta di credito o bonifico bancario.<\/p>\n<p class=\"p1\"><strong>Garanzia<\/strong>\u00a0e <strong>tracciabilit\u00e0, <\/strong>tutti gli artisti sulla piattaforma oltre ad essere attentamente selezionati, godono del privilegio di essere pubblicati anche sulla <strong>Rivista d&#8217;Arte Biancoscuro<\/strong>, di conseguenza il loro lavoro \u00e8 storicizzato ed il loro operato \u00e8 autentico ed inimitabile. <a href=\"https:\/\/www.biancoscuro.it\/rivista-darte\/\" target=\"_blank\" rel=\"noopener noreferrer\"><strong>www.biancoscuro.it<\/strong><\/a><\/p>\n<hr \/>\n<p><strong>Visibile presso lo studio dell&#8217;<\/strong><strong>artista a <\/strong>San Gemini.<br \/>\nSe vuoi puoi anche fare una\u00a0<strong>proposta d\u2019acquisto<\/strong>\u00a0cliccando il tasto qui sotto e inserendo i dati richiesti.<\/p>\n","protected":false},"featured_media":8235,"template":"","meta":[],"product_brand":[],"product_cat":[14],"product_tag":[143,158,23,19,267,266,268],"class_list":{"0":"post-8240","1":"product","2":"type-product","3":"status-publish","4":"has-post-thumbnail","6":"product_cat-opere","7":"product_tag-acrilico-su-tela","8":"product_tag-art","9":"product_tag-arte","10":"product_tag-biancoscuro","11":"product_tag-conti","12":"product_tag-nando","13":"product_tag-nando-conti","14":"product_shipping_class-spedizione-gratuita","16":"first","17":"instock","18":"sold-individually","19":"shipping-taxable","20":"purchasable","21":"product-type-simple"},"jetpack_sharing_enabled":true,"_links":{"self":[{"href":"https:\/\/artshop.biancoscuro.it\/site\/wp-json\/wp\/v2\/product\/8240","targetHints":{"allow":["GET"]}}],"collection":[{"href":"https:\/\/artshop.biancoscuro.it\/site\/wp-json\/wp\/v2\/product"}],"about":[{"href":"https:\/\/artshop.biancoscuro.it\/site\/wp-json\/wp\/v2\/types\/product"}],"wp:featuredmedia":[{"embeddable":true,"href":"https:\/\/artshop.biancoscuro.it\/site\/wp-json\/wp\/v2\/media\/8235"}],"wp:attachment":[{"href":"https:\/\/artshop.biancoscuro.it\/site\/wp-json\/wp\/v2\/media?parent=8240"}],"wp:term":[{"taxonomy":"product_brand","embeddable":true,"href":"https:\/\/artshop.biancoscuro.it\/site\/wp-json\/wp\/v2\/product_brand?post=8240"},{"taxonomy":"product_cat","embeddable":true,"href":"https:\/\/artshop.biancoscuro.it\/site\/wp-json\/wp\/v2\/product_cat?post=8240"},{"taxonomy":"product_tag","embeddable":true,"href":"https:\/\/artshop.biancoscuro.it\/site\/wp-json\/wp\/v2\/product_tag?post=8240"}],"curies":[{"name":"wp","href":"https:\/\/api.w.org\/{rel}","templated":true}]}}