{"id":8156,"date":"2022-09-27T17:39:37","date_gmt":"2022-09-27T16:39:37","guid":{"rendered":"https:\/\/artshop.biancoscuro.it\/site\/?post_type=product&#038;p=8156"},"modified":"2024-08-05T19:53:58","modified_gmt":"2024-08-05T17:53:58","slug":"biancoscuro-rivista-darte-54-digital-pdf","status":"publish","type":"product","link":"https:\/\/artshop.biancoscuro.it\/site\/shop\/libri-riviste\/biancoscuro-rivista-darte-54-digital-pdf\/","title":{"rendered":"Biancoscuro Rivista d&#8217;Arte #54 &#8220;Digital&#8221; (PDF)"},"content":{"rendered":"<figure class=\"aligncenter\"><img loading=\"lazy\" decoding=\"async\" class=\"alignnone\" src=\"https:\/\/www.biancoscuro.com\/video\/bra54.gif\" alt=\"BIANCOSCURO Art Magazine \" width=\"600\" height=\"424\" \/><\/figure>\n<p><strong>Biancoscuro Rivista d\u2019Arte<\/strong>\u00a0viene distribuita nelle pi\u00f9 famose fiere e importanti mostre d\u2019arte, recapitata in abbonamento a collezionisti, gallerie ed enti culturali.<\/p>\n<hr \/>\n<h3><em>Cover <\/em><em>story<\/em><em>:<\/em><b>\u00a0Paul Kostabi <\/b><em>&#8211; The Punk Rocker of Art<\/em><\/h3>\n<hr \/>\n<h3><em>In questo numero di BIANCOSCURO\u00a0Rivista d\u2019Arte:<\/em><\/h3>\n<ul>\n<li style=\"list-style-type: none;\">\n<ul>\n<li style=\"list-style-type: none;\">\n<ul>\n<li><strong>L\u2019Editoriale<\/strong> di Vincenzo Chetta<\/li>\n<li><b>Serenissima. <\/b>La pittura veneta ritorna in Trentino<\/li>\n<li><b>Dal Romanticismo alla Scapigliatura. <\/b>Un affascinante viaggio nella Milano dell\u2019Ottocento<\/li>\n<li><b>Tra quotidiano e immaginario. <\/b>Primo appuntamento di \u201cPercorsi nel Novecento\u201d<\/li>\n<li><b>I Bronzi. <\/b>Quel giorno nel mare di Riace<\/li>\n<li><b>La folle creativit\u00e0 mostra le sue maschere. <\/b>21 artisti internazionali al Chiostro del Bramante<\/li>\n<li><b>Street Art. <\/b>CVT\u00e0 Street Fest 2022. L\u2019Italia che r\/esiste offre i suoi muri agli artisti di tutto il mondo<\/li>\n<li><b>BIANCOSCURO Art Contest. <\/b>Tutti i vincitori<\/li>\n<li><b>Berlin Art Week. <\/b>Berlino polo artistico internazionale<\/li>\n<li><b>Paris+ par Art Basel. <\/b>Al Grand Palais \u00c9ph\u00e9m\u00e8re<\/li>\n<li><b>Richard Avedon. <\/b>Il fotografo del glamour<\/li>\n<li><b>Grandi cose si compiono. <\/b>Magnum Photos al Castello di Caldes<\/li>\n<li><b>Maurizio Coppolecchia. <\/b>Un viaggio nell\u2019anima americana<\/li>\n<li><b>Sulle orme della Grande Guerra. <\/b>Immagini di Alessio Franconi<\/li>\n<li><b>Tracce d\u2019Acqua alla base delle Civilt\u00e0: Etruria del centro-sud. <\/b>Introduzione ai percorsi del mito<span class=\"Apple-converted-space\"> \u00a0<\/span>[31\u00aa puntata]<\/li>\n<\/ul>\n<\/li>\n<\/ul>\n<\/li>\n<li style=\"list-style-type: none;\">&#8230;e molto altro!<br \/>\n<hr \/>\n<p>&nbsp;<\/li>\n<\/ul>\n","protected":false},"excerpt":{"rendered":"<h3><em>ottobre \/ novembre<\/em><em> 2022<\/em><\/h3>\n<p>Scarica\u00a0<strong>Biancoscuro Rivista d\u2019Arte<\/strong> in versione digitale (PDF) altamente compatibile con<strong> PC<\/strong> e\/o <strong>MAC<\/strong> e tutti i <strong>tablet, smartphone<\/strong>: <strong>iPhone<\/strong>, <strong>Samsung<\/strong>, <strong>Huawei<\/strong>, <strong>Xiami<\/strong>, <strong>Oppo<\/strong> ecc.<br \/>\nPer leggere la rivista potrai usare <strong>Acrobat Reader<\/strong> oppure semplicemente un browser come ad <strong>Firefox, Chrome, Safari, Opera, Microsoft Edge<\/strong> ecc.<\/p>\n<p>Usando la Carta di Credito o PayPal potrai scaricare subito\u00a0la rivista cliccando su\u00a0<strong>DOWNLOAD FILE: BIANCOSCURO (versione digitale)<\/strong><\/p>\n<p>In alternativa, troverai successivamente nella scheda <strong>IL MIO ACCOUNT<\/strong> \u00a0il file da scaricare, baster\u00e0 cliccare sopra la scritta <strong>DOWNLOAD FILE: BIANCOSCURO (versione digitale)<\/strong><\/p>\n","protected":false},"featured_media":8139,"template":"","meta":[],"product_brand":[],"product_cat":[13],"product_tag":[110,23,19,105,186,108,109,113,121,120,119,111,118,112,107,106,24,20,25],"class_list":{"0":"post-8156","1":"product","2":"type-product","3":"status-publish","4":"has-post-thumbnail","6":"product_cat-libri-riviste","7":"product_tag-art-contest","8":"product_tag-arte","9":"product_tag-biancoscuro","10":"product_tag-biancoscuro-rivista-darte","11":"product_tag-bra-digital","12":"product_tag-concorso","13":"product_tag-contest","14":"product_tag-cultura","15":"product_tag-digital","16":"product_tag-digital-version","17":"product_tag-digitale","18":"product_tag-fiere","19":"product_tag-formato-digitale","20":"product_tag-informazione","21":"product_tag-manifestazioni-artistiche","22":"product_tag-mostre","23":"product_tag-pittura","24":"product_tag-rivista","25":"product_tag-scultura","27":"first","28":"instock","29":"sale","30":"downloadable","31":"virtual","32":"purchasable","33":"product-type-simple"},"jetpack_sharing_enabled":true,"_links":{"self":[{"href":"https:\/\/artshop.biancoscuro.it\/site\/wp-json\/wp\/v2\/product\/8156","targetHints":{"allow":["GET"]}}],"collection":[{"href":"https:\/\/artshop.biancoscuro.it\/site\/wp-json\/wp\/v2\/product"}],"about":[{"href":"https:\/\/artshop.biancoscuro.it\/site\/wp-json\/wp\/v2\/types\/product"}],"wp:featuredmedia":[{"embeddable":true,"href":"https:\/\/artshop.biancoscuro.it\/site\/wp-json\/wp\/v2\/media\/8139"}],"wp:attachment":[{"href":"https:\/\/artshop.biancoscuro.it\/site\/wp-json\/wp\/v2\/media?parent=8156"}],"wp:term":[{"taxonomy":"product_brand","embeddable":true,"href":"https:\/\/artshop.biancoscuro.it\/site\/wp-json\/wp\/v2\/product_brand?post=8156"},{"taxonomy":"product_cat","embeddable":true,"href":"https:\/\/artshop.biancoscuro.it\/site\/wp-json\/wp\/v2\/product_cat?post=8156"},{"taxonomy":"product_tag","embeddable":true,"href":"https:\/\/artshop.biancoscuro.it\/site\/wp-json\/wp\/v2\/product_tag?post=8156"}],"curies":[{"name":"wp","href":"https:\/\/api.w.org\/{rel}","templated":true}]}}