{"id":7866,"date":"2021-07-23T11:11:18","date_gmt":"2021-07-23T10:11:18","guid":{"rendered":"https:\/\/artshop.biancoscuro.it\/site\/?post_type=product&#038;p=7866"},"modified":"2025-07-23T17:58:41","modified_gmt":"2025-07-23T15:58:41","slug":"uno-sguardo-oltre-la-realta-by-daniela-bussolino","status":"publish","type":"product","link":"https:\/\/artshop.biancoscuro.it\/site\/shop\/opere\/uno-sguardo-oltre-la-realta-by-daniela-bussolino\/","title":{"rendered":"Uno sguardo oltre la realt\u00e0 by Daniela Bussolino"},"content":{"rendered":"<p><a href=\"https:\/\/artshop.biancoscuro.it\/site\/wp-content\/uploads\/2021\/12\/031-Uno-sguardo-oltre-la-realt\u2026-acrilico-flitter-su-tela-80x60-2018.jpg\"><img loading=\"lazy\" decoding=\"async\" class=\"alignnone size-full wp-image-7867\" src=\"https:\/\/artshop.biancoscuro.it\/site\/wp-content\/uploads\/2021\/12\/031-Uno-sguardo-oltre-la-realt\u2026-acrilico-flitter-su-tela-80x60-2018.jpg\" alt=\"\" width=\"999\" height=\"748\" srcset=\"https:\/\/artshop.biancoscuro.it\/site\/wp-content\/uploads\/2021\/12\/031-Uno-sguardo-oltre-la-realt\u2026-acrilico-flitter-su-tela-80x60-2018.jpg 999w, https:\/\/artshop.biancoscuro.it\/site\/wp-content\/uploads\/2021\/12\/031-Uno-sguardo-oltre-la-realt\u2026-acrilico-flitter-su-tela-80x60-2018-416x311.jpg 416w, https:\/\/artshop.biancoscuro.it\/site\/wp-content\/uploads\/2021\/12\/031-Uno-sguardo-oltre-la-realt\u2026-acrilico-flitter-su-tela-80x60-2018-300x225.jpg 300w, https:\/\/artshop.biancoscuro.it\/site\/wp-content\/uploads\/2021\/12\/031-Uno-sguardo-oltre-la-realt\u2026-acrilico-flitter-su-tela-80x60-2018-768x575.jpg 768w, https:\/\/artshop.biancoscuro.it\/site\/wp-content\/uploads\/2021\/12\/031-Uno-sguardo-oltre-la-realt\u2026-acrilico-flitter-su-tela-80x60-2018-150x113.jpg 150w\" sizes=\"auto, (max-width: 999px) 100vw, 999px\" \/><\/a><\/p>\n<p>Opera originale con <strong>certificato di autenticit\u00e0<\/strong>, pi\u00f9 foto dell&#8217;opera con <strong>firma dell\u2019artista.<\/strong><\/p>\n<table cellspacing=\"3\" cellpadding=\"3\">\n<tbody>\n<tr>\n<td><strong>Tecnica<\/strong><\/td>\n<td>Acrilico flitter su tela<\/td>\n<\/tr>\n<tr>\n<td><strong>Anno<\/strong><\/td>\n<td>2018<\/td>\n<\/tr>\n<tr>\n<td><strong>Dimensione<\/strong><\/td>\n<td>medio<\/td>\n<\/tr>\n<tr>\n<td>Altezza<\/td>\n<td>60 cm<\/td>\n<\/tr>\n<tr>\n<td>Larghezza<\/td>\n<td>80 cm<\/td>\n<\/tr>\n<tr>\n<td>\u00a0Profondit\u00e0<\/td>\n<td>3 cm<\/td>\n<\/tr>\n<\/tbody>\n<\/table>\n<blockquote><p><strong>Cenni sull&#8217;opera<\/strong><\/p>\n<div class=\"news-text\">\n<p>In principio Dio cre\u00f2 la danza: primo colpo d\u2019ala, prima aspirazione e accordo uomo -musica, primo linguaggio umano per esprimere le emozioni oscure, le gioie incontenibili, i grandi dolori. Daniela Bussolino rappresenta nella sua tematica la danza, \u00e8 la pittrice della danza. In questi ultimi suoi quadri ha aggiunto nuovi ed interessanti elementi che caratterizzano i ballerini. Non solo coppia danzante, ma anche emozioni cromatiche, particolari di volti dallo sguardo acuto e penetrante, tappeti di fiori. Perch\u00e8 l\u2019artista vuol mandare il suo messaggio per far comprendere come la danza non sia ne gioco, ne un passatempo, ma un\u2019arte , un atto di fede, un palpito d\u2019amore.<br \/>\nSe un giorno ogni segno di vita dovesse spegnersi sulla terra l\u2019ultimo degli esseri viventi doner\u00e0 il suo corpo con un battito di danza. E qui l\u2019artista ci aggiunge i suoi colori: intensi, ma principalmente vitali. Rossi caldi e luminosi su cui ombre scure lasciano la loro traccia con un disegno che diviene realt\u00e0 trascesa, movimento meditato, forme cariche di gioia pura e disinteressata, corpi che lasciano trasparire la loro anima che vive il ritmo implicito nel sentimento, nella capacit\u00e0 nell\u2019arte di Daniela Bussolino<br \/>\n<i>(Prof. Giorgio Falossi)<\/i><\/p>\n<\/div>\n<\/blockquote>\n<p>&nbsp;<\/p>\n<blockquote><p><strong>Cenni sull&#8217;artista<\/strong><\/p>\n<ul>\n<li>Visibilit\u00e0 internazionale<\/li>\n<li>Opere esposte in musei<\/li>\n<li>Opere esposte in collezioni private internazionali<\/li>\n<li>Prizewinner<\/li>\n<\/ul>\n<\/blockquote>\n<p>&nbsp;<\/p>\n<hr \/>\n<p><b>BIOGRAFIA<\/b><\/p>\n<p><strong>Daniela Bussolino<\/strong> <em>(Castello di Annone, Italy &#8211; 1971)<\/em>. Artista autodidatta, attualmente frequenta corsi di disegno, pittura olio, acquerello presso Gallerie d\u2019Italia. Inizialmente si avvicina alla pittura, prima su ceramica e quindi su tela, con tecniche diverse: olio, acrilico e polimaterici. Negli anni partecipa ad importanti mostre riscuotendo notevoli riscontri da parte di critica e pubblico. Tra gli eventi pi\u00f9 recenti a cui ha preso parte citiamo: Galleria a Parma 2018 ed esposizione in semipersonale con ospite Vittorio Sgarbi e video recensione; ospite della trasmissione televisiva \u201cPoesie e Poeti\u201d con il critico Perilli, per la presentazione di dieci sue opere; \u201cArt Expo\u201d di New York, Biennale Internazionale delle Fiandre, Bruges,due sue opere sono. state riprodotte, numerate e archiviate nella Collezione Sgarbi e inserite nel volume \u201cArchivio delle Grafiche di Vittorio Sgarbi\u201d. A Napoli, Castello al Maschio Angioino con la collettiva Metamorfosi creative. Poi, la Collettiva internazionale in Francia e la Biennale di Barcellona al Meam. Prima classificata al Premio Internazionale Citt\u00e0 di Comiso, Castello Aragonese; a Canale Italia intervistata dal critico Antonio Castellana, mostra alla Chie Art Gallery a Milano e selezionata per il Giappone dal critico Pasquale Di Matteo, Al Campidoglio a ottobre 2019, Cam 54 e 55 e sar\u00e0 presente anche nel 56. Presenter\u00e0 alcune opere per una mostra al Parlamento Europeo a Roma, e nel paese natio a breve si terr\u00e0 una personale. A Torino, per il Progetto Marab\u00f9, partecipazione come Artista Affermata. A Cesenatico nel mese di giugno le hanno conferito il Trofeo d\u2019Artista del 2020 Conferimento Europeo per le Arti Visive. A luglio, a Villa Policreti, collettiva internazionale di pittura. Ad ottobre, video esposizione a New York, in una galleria nel quartiere di Chelsea.<\/p>\n","protected":false},"excerpt":{"rendered":"<p><strong>Spedizione <span style=\"text-decoration: underline;\">gratuita <\/span><\/strong>con trasporto affidato a corriere espresso assicurato.<\/p>\n<p><strong>Soddisfatti o rimborsati<\/strong> poich\u00e9 il periodo di recesso \u00e8 di 14 giorni, a partire dal giorno in cui si riceve l&#8217;opera.<\/p>\n<p><strong>Pagamento<\/strong> con carta di credito o bonifico bancario.<\/p>\n<p class=\"p1\"><strong>Garanzia<\/strong>\u00a0e <strong>tracciabilit\u00e0, <\/strong>tutti gli artisti sulla piattaforma oltre ad essere attentamente selezionati, godono del privilegio di essere pubblicati anche sulla <strong>Rivista d&#8217;Arte Biancoscuro<\/strong>, di conseguenza il loro lavoro \u00e8 storicizzato ed il loro operato \u00e8 autentico ed inimitabile. <a href=\"https:\/\/www.biancoscuro.it\/rivista-darte\/\" target=\"_blank\" rel=\"noopener noreferrer\"><strong>www.biancoscuro.it<\/strong><\/a><\/p>\n<hr \/>\n<p><strong>Visibile presso lo studio dell&#8217;artista<\/strong>.<br \/>\nSe vuoi puoi anche fare una\u00a0<strong>proposta d\u2019acquisto<\/strong>\u00a0cliccando il tasto qui sotto e inserendo i dati richiesti.<\/p>\n","protected":false},"featured_media":7867,"template":"","meta":[],"product_brand":[],"product_cat":[14],"product_tag":[243,242,240],"class_list":{"0":"post-7866","1":"product","2":"type-product","3":"status-publish","4":"has-post-thumbnail","6":"product_cat-opere","7":"product_tag-daniela-bussolino","8":"product_tag-giorgio-falossi","9":"product_tag-vittorio-sgarbi","11":"first","12":"outofstock","13":"sold-individually","14":"shipping-taxable","15":"purchasable","16":"product-type-simple"},"jetpack_sharing_enabled":true,"_links":{"self":[{"href":"https:\/\/artshop.biancoscuro.it\/site\/wp-json\/wp\/v2\/product\/7866","targetHints":{"allow":["GET"]}}],"collection":[{"href":"https:\/\/artshop.biancoscuro.it\/site\/wp-json\/wp\/v2\/product"}],"about":[{"href":"https:\/\/artshop.biancoscuro.it\/site\/wp-json\/wp\/v2\/types\/product"}],"wp:featuredmedia":[{"embeddable":true,"href":"https:\/\/artshop.biancoscuro.it\/site\/wp-json\/wp\/v2\/media\/7867"}],"wp:attachment":[{"href":"https:\/\/artshop.biancoscuro.it\/site\/wp-json\/wp\/v2\/media?parent=7866"}],"wp:term":[{"taxonomy":"product_brand","embeddable":true,"href":"https:\/\/artshop.biancoscuro.it\/site\/wp-json\/wp\/v2\/product_brand?post=7866"},{"taxonomy":"product_cat","embeddable":true,"href":"https:\/\/artshop.biancoscuro.it\/site\/wp-json\/wp\/v2\/product_cat?post=7866"},{"taxonomy":"product_tag","embeddable":true,"href":"https:\/\/artshop.biancoscuro.it\/site\/wp-json\/wp\/v2\/product_tag?post=7866"}],"curies":[{"name":"wp","href":"https:\/\/api.w.org\/{rel}","templated":true}]}}