{"id":7708,"date":"2021-05-28T18:01:45","date_gmt":"2021-05-28T16:01:45","guid":{"rendered":"https:\/\/artshop.biancoscuro.it\/site\/?post_type=product&#038;p=7708"},"modified":"2025-07-23T17:57:27","modified_gmt":"2025-07-23T15:57:27","slug":"pesce-talismano-by-pierluigi-di-michele","status":"publish","type":"product","link":"https:\/\/artshop.biancoscuro.it\/site\/shop\/opere\/pesce-talismano-by-pierluigi-di-michele\/","title":{"rendered":"Pesce Talismano by Pierluigi Di Michele"},"content":{"rendered":"<p><a href=\"https:\/\/artshop.biancoscuro.it\/site\/wp-content\/uploads\/2021\/06\/PESCE-TALISMANO_OK.jpg\"><img loading=\"lazy\" decoding=\"async\" class=\"alignnone size-full wp-image-7709\" src=\"https:\/\/artshop.biancoscuro.it\/site\/wp-content\/uploads\/2021\/06\/PESCE-TALISMANO_OK.jpg\" alt=\"\" width=\"878\" height=\"730\" srcset=\"https:\/\/artshop.biancoscuro.it\/site\/wp-content\/uploads\/2021\/06\/PESCE-TALISMANO_OK.jpg 878w, https:\/\/artshop.biancoscuro.it\/site\/wp-content\/uploads\/2021\/06\/PESCE-TALISMANO_OK-416x346.jpg 416w, https:\/\/artshop.biancoscuro.it\/site\/wp-content\/uploads\/2021\/06\/PESCE-TALISMANO_OK-300x249.jpg 300w, https:\/\/artshop.biancoscuro.it\/site\/wp-content\/uploads\/2021\/06\/PESCE-TALISMANO_OK-768x639.jpg 768w\" sizes=\"auto, (max-width: 878px) 100vw, 878px\" \/><\/a><br \/>\nOpera originale con <strong>certificato di autenticit\u00e0<\/strong>, pi\u00f9 foto dell&#8217;opera con <strong>firma dell\u2019artista.<\/strong><\/p>\n<table cellspacing=\"3\" cellpadding=\"3\">\n<tbody>\n<tr>\n<td><strong>Tecnica<\/strong><\/td>\n<td>Tecnica mista su plastica<\/td>\n<\/tr>\n<tr>\n<td><strong>Anno<\/strong><\/td>\n<td>2019<\/td>\n<\/tr>\n<tr>\n<td><strong>Dimensione<\/strong><\/td>\n<td>piccolo<\/td>\n<\/tr>\n<tr>\n<td>Altezza<\/td>\n<td>28 cm<\/td>\n<\/tr>\n<tr>\n<td>Larghezza<\/td>\n<td>36 cm<\/td>\n<\/tr>\n<tr>\n<td>\u00a0Profondit\u00e0<\/td>\n<td>11 cm<\/td>\n<\/tr>\n<\/tbody>\n<\/table>\n<blockquote><p><strong>Cenni sull&#8217;opera<\/strong><\/p>\n<p>L&#8217;opera \u00e8 realizzata dall&#8217;artista utilizzando tecnica mista e materiali plastici.<\/p>\n<p><i>Artista poliedrico, Pierluigi Di Michele in arte PierGi\u00f2, realizza opere che vanno oltre la semplice raffigurazione visiva. Le sue sono composizioni articolate e originali, caratterizzate da interessanti accostamenti di forme, volumi e simboli dettati dalla simbiotica concertazione tra la sua percezione interiore e il suo impulso creativo. Un modo di approcciarsi all\u2019arte che pu\u00f2 indubbiamente essere definito coraggioso, istintivo e meritevole di plauso (Prof. Paolo Levi)<\/i><\/p><\/blockquote>\n<p>&nbsp;<\/p>\n<blockquote><p><strong>Cenni sull&#8217;artista<\/strong><\/p>\n<ul>\n<li>Visibilit\u00e0 internazionale<\/li>\n<li>Opere esposte in musei<\/li>\n<li>Opere esposte in collezioni private internazionali<\/li>\n<li>Prizewinner<\/li>\n<\/ul>\n<\/blockquote>\n<p>&nbsp;<\/p>\n<hr \/>\n<p><b>BIOGRAFIA<\/b><\/p>\n<p><strong>Pierluigi Di Michele<\/strong>, in arte <strong>PierGi\u00f2<\/strong>.\u00a0 (Pescara, 1969) Architetto, pittore e scultore.<br \/>\nIn un percorso che dura ormai da pi\u00f9 di vent&#8217;anni, PierGi\u00f2 passa dalle tecniche basilari quali olio, acrilico, tempera, fino ad arrivare alle attuali tecniche miste, ovvero una coesione tra supporti di vario tipo, prediligendo l&#8217;utilizzo di materiali di riciclo, mix di colori e forme antropomorfe.<br \/>\nLe forme antropomorfe sono un raccontare se stessi, raffigurando ogni emozione del momento, raccontando le vicissitudini e le perplessit\u00e0 dell&#8217;uomo moderno. Il colore, la materia e la tecnica sono componenti della creativit\u00e0, in un passaggio continuo dalla pittura alla scultura.<br \/>\nIl percorso creativo comincia in giovane et\u00e0, con la partecipazione ed il conseguimento di diversi premi e premi ex aequo a molteplici concorsi di pittura estemporanea. Consapevole dell&#8217;imprescindibile ruolo che l&#8217;arte svolge nella societ\u00e0, nella sua citt\u00e0 natale contribuisce alla nascita del gruppo degli artisti di &#8220;Forme Aperte&#8221;, una delle voci pi\u00f9 interessanti nel panorama artistico pescarese ed abruzzese, sia per la sperimentazione sia per la ricerca estetica poste in atto.<br \/>\nDai primi premi conseguiti nelle estemporanee di pittura in giovane et\u00e0 alle numerose esperienze espositive, in Italia e all&#8217;estero: Biennale Internazionale d&#8217;Arte Contemporanea Mantova Arte Expo 2019; XXIII Collettiva Internazionale di Pittura, Scultura, Fotografia &#8220;Arte a Palazzo 2019&#8221; presso la Galleria Farini Concept di Bologna; Mostra &#8220;Artisti per il Sol Levante&#8221; presso la Chie Art Gallery di Milano; Biennale Internazionale dell&#8217;Est Budapest Arte Expo; Bienal de Arte Barcelona presso il MEAM &#8211; Museo Europeo de Arte Moderno di Barcellona; Contemporanei nelle sale del Bramante in Roma; Contemporanei nella citt\u00e0 degli Uffizi in Firenze; Triennale di Arte Contemporanea di Verona; Rassegna Artistica Internazionale Roma ArtExpo; Museo MIIT &#8211; Museo Internazionale Italia Arte di Torino; Accademia Internazionale Dei Dioscuri in Roma ( dove consegue il riconoscimento di &#8220;Ambasciatore dell&#8217;Arte nel Mediterraneo 2016&#8221;).<br \/>\nPrestigiosi premi e riconoscimenti: l&#8217;inserimento di due litografie nella Raccolta delle Stampe e dei Disegni di Vittorio Sgarbi; il Premio Internazionale Citt\u00e0 di New York; il Premio Internazionale Raffaello &#8211; Bologna; il Primo Premio alla &#8220;Internazionale Arte Palermo&#8221;; il Premio Internazionale Berlino nella Chiesa francese di Franzosische Friedrichstadtkirche di Berlino; il Premio Internazionale Arte Milano; il riconoscimento di Ambasciatore dell&#8217;Arte nel Mediterraneo 2016 &#8211; Roma.<\/p>\n","protected":false},"excerpt":{"rendered":"<p><strong>Spedizione <span style=\"text-decoration: underline;\">gratuita <\/span><\/strong>con trasporto affidato a corriere espresso assicurato.<\/p>\n<p><strong>Soddisfatti o rimborsati<\/strong> poich\u00e9 il periodo di recesso \u00e8 di 14 giorni, a partire dal giorno in cui si riceve l&#8217;opera.<\/p>\n<p><strong>Pagamento<\/strong> con carta di credito o bonifico bancario.<\/p>\n<p class=\"p1\"><strong>Garanzia<\/strong>\u00a0e <strong>tracciabilit\u00e0, <\/strong>tutti gli artisti sulla piattaforma oltre ad essere attentamente selezionati, godono del privilegio di essere pubblicati anche sulla <strong>Rivista d&#8217;Arte Biancoscuro<\/strong>, di conseguenza il loro lavoro \u00e8 storicizzato ed il loro operato \u00e8 autentico ed inimitabile. <a href=\"https:\/\/www.biancoscuro.it\/rivista-darte\/\" target=\"_blank\" rel=\"noopener noreferrer\"><strong>www.biancoscuro.it<\/strong><\/a><\/p>\n<hr \/>\n<p><strong>Visibile presso lo studio dell&#8217;artista<\/strong>.<br \/>\nSe vuoi puoi anche fare una\u00a0<strong>proposta d\u2019acquisto<\/strong>\u00a0cliccando il tasto qui sotto e inserendo i dati richiesti.<\/p>\n","protected":false},"featured_media":7709,"template":"","meta":[],"product_brand":[],"product_cat":[14],"product_tag":[226,225,227,223,222,224,221,228],"class_list":{"0":"post-7708","1":"product","2":"type-product","3":"status-publish","4":"has-post-thumbnail","6":"product_cat-opere","7":"product_tag-bienal-de-arte-barcelona","8":"product_tag-biennale-internazionale-darte-contemporanea","9":"product_tag-chie-art-gallery-di-milano","10":"product_tag-galleria-farini-concept-di-bologna","11":"product_tag-museo-miit","12":"product_tag-piergio","13":"product_tag-pierluigi-di-michele","14":"product_tag-triennale-di-arte-contemporanea","16":"first","17":"outofstock","18":"sold-individually","19":"shipping-taxable","20":"purchasable","21":"product-type-simple"},"jetpack_sharing_enabled":true,"_links":{"self":[{"href":"https:\/\/artshop.biancoscuro.it\/site\/wp-json\/wp\/v2\/product\/7708","targetHints":{"allow":["GET"]}}],"collection":[{"href":"https:\/\/artshop.biancoscuro.it\/site\/wp-json\/wp\/v2\/product"}],"about":[{"href":"https:\/\/artshop.biancoscuro.it\/site\/wp-json\/wp\/v2\/types\/product"}],"wp:featuredmedia":[{"embeddable":true,"href":"https:\/\/artshop.biancoscuro.it\/site\/wp-json\/wp\/v2\/media\/7709"}],"wp:attachment":[{"href":"https:\/\/artshop.biancoscuro.it\/site\/wp-json\/wp\/v2\/media?parent=7708"}],"wp:term":[{"taxonomy":"product_brand","embeddable":true,"href":"https:\/\/artshop.biancoscuro.it\/site\/wp-json\/wp\/v2\/product_brand?post=7708"},{"taxonomy":"product_cat","embeddable":true,"href":"https:\/\/artshop.biancoscuro.it\/site\/wp-json\/wp\/v2\/product_cat?post=7708"},{"taxonomy":"product_tag","embeddable":true,"href":"https:\/\/artshop.biancoscuro.it\/site\/wp-json\/wp\/v2\/product_tag?post=7708"}],"curies":[{"name":"wp","href":"https:\/\/api.w.org\/{rel}","templated":true}]}}