{"id":7423,"date":"2020-06-29T17:45:27","date_gmt":"2020-06-29T15:45:27","guid":{"rendered":"https:\/\/artshop.biancoscuro.it\/site\/?post_type=product&#038;p=7423"},"modified":"2022-03-01T15:56:27","modified_gmt":"2022-03-01T14:56:27","slug":"to-look-over-by-francesco-campanella","status":"publish","type":"product","link":"https:\/\/artshop.biancoscuro.it\/site\/shop\/opere\/to-look-over-by-francesco-campanella\/","title":{"rendered":"To look over by Francesco Campanella"},"content":{"rendered":"<p><strong>Francesco Campanella<\/strong><\/p>\n<p>Quotidianamente vediamo i muri delle nostre Citt\u00e0 ricoperti di manifesti strappati, di scritte e disegni. Osservandoli ci immaginiamo le caratteristiche di quella societ\u00e0, ci soffermiamo a pensare perch\u00e9 quella scritta \u00e8 stata inserita in quel luogo, cosa voleva comunicare il suo autore, quale pu\u00f2 essere il suo significato inconscio. Francesco Campanella si avvicina al mondo dell\u2019arte prendendo spunto proprio dalla strada, inventando il suo stile dato da un connubio tra Informale e Street Art. Una pittura d\u2019azione la sua, istintiva, gestuale che nasce da un\u2019esplosione di colori ,che utilizza una profonda simbologia, una scritta, una parola, un segno colpisce l\u2019immaginazione dell\u2019artista, adagiato sulla tela l\u2019oggetto prende vita e si crea la composizione, all\u2019impulso si aggiungono i colori, altri segni fino al completo appagamento della mente, solo in quel momento l\u2019opera sar\u00e0 completa e l\u2019artista sar\u00e0 soddisfatto del proprio lavoro, ma questo dipende dallo stato d\u2019animo, dalle sensazioni che Francesco Campanella, prova in quell\u2019istante e dalle emozioni che un singolo elemento risveglia in lui e che diventa gesto, azione, mutazione continua e la vita di ogni giorno che entra nelle sue opere, un ricordo di una persona o di una situazione, che l\u2019artista fissa in una scritta, in un segno, in una macchia di colore, un\u2019arma che libera il suo pensiero, mescola le sue idee in un gioco cromatico, per farle esplodere sulla tela.<\/p>\n<p>Dott.sa Roberta Filippi.<\/p>\n<p>&nbsp;<\/p>\n","protected":false},"excerpt":{"rendered":"<table cellspacing=\"3\" cellpadding=\"3\">\n<tbody>\n<tr>\n<td>Tecnica<\/td>\n<td>Tecnica mista, acrilico e collage su tela<\/td>\n<\/tr>\n<tr>\n<td>Anno<\/td>\n<td>2017<\/td>\n<\/tr>\n<tr>\n<td>Dimensioni<\/td>\n<td>medio<\/td>\n<\/tr>\n<tr>\n<td>Altezza<\/td>\n<td>60 cm<\/td>\n<\/tr>\n<tr>\n<td>Larghezza<\/td>\n<td>100 cm<\/td>\n<\/tr>\n<tr>\n<td>Spessore<\/td>\n<td>4 cm<\/td>\n<\/tr>\n<\/tbody>\n<\/table>\n<hr \/>\n<p>Made in Italy con autentica su foto a firma dell\u2019artista. Ogni opera \u00e8 un pezzo unico.<\/p>\n<p><strong>Visibile presso lo studio dell&#8217;artista a Novara<\/strong>.<\/p>\n<div class=\"page\" title=\"Page 5\">\n<div class=\"section\">\n<div class=\"layoutArea\">\n<div class=\"column\">\n<p>&nbsp;<\/p>\n<\/div>\n<\/div>\n<\/div>\n<\/div>\n<p>Se vuoi puoi\u00a0 fare una <strong>proposta d\u2019acquisto<\/strong>\u00a0cliccando il tasto qui sotto e inserendo i dati richiesti.<\/p>\n<h3><\/h3>\n","protected":false},"featured_media":7424,"template":"","meta":[],"product_brand":[],"product_cat":[14],"product_tag":[193,143,158,23,19,205,204],"class_list":{"0":"post-7423","1":"product","2":"type-product","3":"status-publish","4":"has-post-thumbnail","6":"product_cat-opere","7":"product_tag-acrilico","8":"product_tag-acrilico-su-tela","9":"product_tag-art","10":"product_tag-arte","11":"product_tag-biancoscuro","12":"product_tag-stucco","13":"product_tag-torino","14":"product_shipping_class-spedizione-gratuita","16":"first","17":"outofstock","18":"sold-individually","19":"shipping-taxable","20":"purchasable","21":"product-type-simple"},"jetpack_sharing_enabled":true,"_links":{"self":[{"href":"https:\/\/artshop.biancoscuro.it\/site\/wp-json\/wp\/v2\/product\/7423","targetHints":{"allow":["GET"]}}],"collection":[{"href":"https:\/\/artshop.biancoscuro.it\/site\/wp-json\/wp\/v2\/product"}],"about":[{"href":"https:\/\/artshop.biancoscuro.it\/site\/wp-json\/wp\/v2\/types\/product"}],"wp:featuredmedia":[{"embeddable":true,"href":"https:\/\/artshop.biancoscuro.it\/site\/wp-json\/wp\/v2\/media\/7424"}],"wp:attachment":[{"href":"https:\/\/artshop.biancoscuro.it\/site\/wp-json\/wp\/v2\/media?parent=7423"}],"wp:term":[{"taxonomy":"product_brand","embeddable":true,"href":"https:\/\/artshop.biancoscuro.it\/site\/wp-json\/wp\/v2\/product_brand?post=7423"},{"taxonomy":"product_cat","embeddable":true,"href":"https:\/\/artshop.biancoscuro.it\/site\/wp-json\/wp\/v2\/product_cat?post=7423"},{"taxonomy":"product_tag","embeddable":true,"href":"https:\/\/artshop.biancoscuro.it\/site\/wp-json\/wp\/v2\/product_tag?post=7423"}],"curies":[{"name":"wp","href":"https:\/\/api.w.org\/{rel}","templated":true}]}}