{"id":7416,"date":"2020-06-29T16:20:41","date_gmt":"2020-06-29T14:20:41","guid":{"rendered":"https:\/\/artshop.biancoscuro.it\/site\/?post_type=product&#038;p=7416"},"modified":"2022-03-01T15:56:08","modified_gmt":"2022-03-01T14:56:08","slug":"fiore-di-maggio-by-roberto-pino","status":"publish","type":"product","link":"https:\/\/artshop.biancoscuro.it\/site\/shop\/opere\/fiore-di-maggio-by-roberto-pino\/","title":{"rendered":"Fiore di Maggio by Roberto Pino"},"content":{"rendered":"<p><strong>Roberto Pino<br \/>\n<\/strong><\/p>\n<p>Che cos \u00e8 l\u2019arte? Molto difficile definirlo. Qualsiasi capacit\u00e0 di creare qualcosa \u00e8 ARTE, ma nella concezione pi\u00f9 diffusa l\u2019arte \u00e8 produrre qualcosa di bello.<br \/>\nMa anche la definizione \u201cqualcosa di bello\u201d \u00e8 a sua volta assolutamente indeterminata. \u201cLa bellezza sta nello sguardo di chi la contempla\u201d. Quindi \u00e8 l\u2019osservatore che la definisce.<br \/>\nNel suo concetto l\u2019arte non \u00e8 bellezza. O meglio non vuole generare nell\u2019osservatore un questo tipo di sensazione.<br \/>\nL\u2019arte \u00e8 generare sensazioni ed emozioni che possono derivare dalla combinazione di forme e colori.<br \/>\nQuando si realizza un\u2019opera si esprime qualcosa che si ha dentro in quel momento, ma non \u00e8 detto che questa generi in chi la osserva la medesima sensazione.<br \/>\nUn paesaggio o un ritratto hanno obiettivi ben pi\u00f9 definiti e precisi. Devono rappresentare una cosa ben precisa in un momento preciso. Nell\u2019astrattismo no\u2026 tutto pu\u00f2 essere tutto.<br \/>\nE l\u2019astrattismo, rispetto al figurativo, ha un grandissimo vantaggio, specialmente nel suo caso: permette di esprimere e generare sensazioni senza dover avere particolari capacit\u00e0 realizzative se non la fantasia.<\/p>\n<p><img loading=\"lazy\" decoding=\"async\" class=\"alignnone wp-image-7418 size-medium\" src=\"https:\/\/artshop.biancoscuro.it\/site\/wp-content\/uploads\/2020\/09\/YAd5EFHo3QROK1CCIfmYMK0gSVcC8KwgGbVyQ9hLZI8jT3eQrbTXc7ql1qwvDjfayk17i64t_ww1280-300x300.jpg\" alt=\"\" width=\"300\" height=\"300\" srcset=\"https:\/\/artshop.biancoscuro.it\/site\/wp-content\/uploads\/2020\/09\/YAd5EFHo3QROK1CCIfmYMK0gSVcC8KwgGbVyQ9hLZI8jT3eQrbTXc7ql1qwvDjfayk17i64t_ww1280-300x300.jpg 300w, https:\/\/artshop.biancoscuro.it\/site\/wp-content\/uploads\/2020\/09\/YAd5EFHo3QROK1CCIfmYMK0gSVcC8KwgGbVyQ9hLZI8jT3eQrbTXc7ql1qwvDjfayk17i64t_ww1280-324x324.jpg 324w, https:\/\/artshop.biancoscuro.it\/site\/wp-content\/uploads\/2020\/09\/YAd5EFHo3QROK1CCIfmYMK0gSVcC8KwgGbVyQ9hLZI8jT3eQrbTXc7ql1qwvDjfayk17i64t_ww1280-100x100.jpg 100w, https:\/\/artshop.biancoscuro.it\/site\/wp-content\/uploads\/2020\/09\/YAd5EFHo3QROK1CCIfmYMK0gSVcC8KwgGbVyQ9hLZI8jT3eQrbTXc7ql1qwvDjfayk17i64t_ww1280-416x416.jpg 416w, https:\/\/artshop.biancoscuro.it\/site\/wp-content\/uploads\/2020\/09\/YAd5EFHo3QROK1CCIfmYMK0gSVcC8KwgGbVyQ9hLZI8jT3eQrbTXc7ql1qwvDjfayk17i64t_ww1280-150x150.jpg 150w, https:\/\/artshop.biancoscuro.it\/site\/wp-content\/uploads\/2020\/09\/YAd5EFHo3QROK1CCIfmYMK0gSVcC8KwgGbVyQ9hLZI8jT3eQrbTXc7ql1qwvDjfayk17i64t_ww1280-600x600.jpg 600w, https:\/\/artshop.biancoscuro.it\/site\/wp-content\/uploads\/2020\/09\/YAd5EFHo3QROK1CCIfmYMK0gSVcC8KwgGbVyQ9hLZI8jT3eQrbTXc7ql1qwvDjfayk17i64t_ww1280.jpg 640w\" sizes=\"auto, (max-width: 300px) 100vw, 300px\" \/><\/p>\n<p>&nbsp;<\/p>\n","protected":false},"excerpt":{"rendered":"<table cellspacing=\"3\" cellpadding=\"3\">\n<tbody>\n<tr>\n<td>Tecnica<\/td>\n<td>Stucco, smalto e acrilico su tela<\/td>\n<\/tr>\n<tr>\n<td>Anno<\/td>\n<td>2019<\/td>\n<\/tr>\n<tr>\n<td>Dimensioni<\/td>\n<td>medio<\/td>\n<\/tr>\n<tr>\n<td>Altezza<\/td>\n<td>40 cm<\/td>\n<\/tr>\n<tr>\n<td>Larghezza<\/td>\n<td>50 cm<\/td>\n<\/tr>\n<tr>\n<td>Spessore<\/td>\n<td>2 cm<\/td>\n<\/tr>\n<\/tbody>\n<\/table>\n<hr \/>\n<p>Made in Italy con autentica su foto a firma dell\u2019artista. Ogni opera \u00e8 un pezzo unico.<\/p>\n<p><strong>Visibile presso lo studio dell&#8217;artista a Torino<\/strong>.<\/p>\n<div class=\"page\" title=\"Page 5\">\n<div class=\"section\">\n<div class=\"layoutArea\">\n<div class=\"column\">\n<p>&nbsp;<\/p>\n<\/div>\n<\/div>\n<\/div>\n<\/div>\n<p>Se vuoi puoi\u00a0 fare una <strong>proposta d\u2019acquisto<\/strong>\u00a0cliccando il tasto qui sotto e inserendo i dati richiesti.<\/p>\n<h3><\/h3>\n","protected":false},"featured_media":7417,"template":"","meta":[],"product_brand":[],"product_cat":[14],"product_tag":[193,143,158,23,19,205,204],"class_list":{"0":"post-7416","1":"product","2":"type-product","3":"status-publish","4":"has-post-thumbnail","6":"product_cat-opere","7":"product_tag-acrilico","8":"product_tag-acrilico-su-tela","9":"product_tag-art","10":"product_tag-arte","11":"product_tag-biancoscuro","12":"product_tag-stucco","13":"product_tag-torino","14":"product_shipping_class-spedizione-gratuita","16":"first","17":"outofstock","18":"sale","19":"sold-individually","20":"shipping-taxable","21":"purchasable","22":"product-type-simple"},"jetpack_sharing_enabled":true,"_links":{"self":[{"href":"https:\/\/artshop.biancoscuro.it\/site\/wp-json\/wp\/v2\/product\/7416","targetHints":{"allow":["GET"]}}],"collection":[{"href":"https:\/\/artshop.biancoscuro.it\/site\/wp-json\/wp\/v2\/product"}],"about":[{"href":"https:\/\/artshop.biancoscuro.it\/site\/wp-json\/wp\/v2\/types\/product"}],"wp:featuredmedia":[{"embeddable":true,"href":"https:\/\/artshop.biancoscuro.it\/site\/wp-json\/wp\/v2\/media\/7417"}],"wp:attachment":[{"href":"https:\/\/artshop.biancoscuro.it\/site\/wp-json\/wp\/v2\/media?parent=7416"}],"wp:term":[{"taxonomy":"product_brand","embeddable":true,"href":"https:\/\/artshop.biancoscuro.it\/site\/wp-json\/wp\/v2\/product_brand?post=7416"},{"taxonomy":"product_cat","embeddable":true,"href":"https:\/\/artshop.biancoscuro.it\/site\/wp-json\/wp\/v2\/product_cat?post=7416"},{"taxonomy":"product_tag","embeddable":true,"href":"https:\/\/artshop.biancoscuro.it\/site\/wp-json\/wp\/v2\/product_tag?post=7416"}],"curies":[{"name":"wp","href":"https:\/\/api.w.org\/{rel}","templated":true}]}}