{"id":7327,"date":"2020-05-31T16:29:35","date_gmt":"2020-05-31T14:29:35","guid":{"rendered":"https:\/\/artshop.biancoscuro.it\/site\/?post_type=product&#038;p=7327"},"modified":"2020-06-22T17:18:12","modified_gmt":"2020-06-22T15:18:12","slug":"bassa-marea-in-arcachon-by-upart","status":"publish","type":"product","link":"https:\/\/artshop.biancoscuro.it\/site\/shop\/opere\/bassa-marea-in-arcachon-by-upart\/","title":{"rendered":"Bassa marea in Arcachon by UpArt"},"content":{"rendered":"<blockquote><p><strong>UpArt<br \/>\nUmberto Pettene e la sua pitto-scultura figurativa<\/strong><\/p>\n<p><em>Limitante il dover inquadrare il lavoro artistico di Umberto Pettene, basta osservare anche una sola sua opera per rendersi conto di quanti elementi, sia concreti che filosofici, la compongono. Nato a Verona, attualmente vive tra Torino e Ivrea dove ha il suo studio-laboratorio ,\u201cUpArt Studio\u201d. Partecipa ad eventi, rassegne e concorsi artistici nei circuiti tradizionali del mondo dell\u2019arte, in Italia ed all\u2019estero, inoltre partecipa e sostiene corsi di studio sull\u2019uso delle tecniche di installazione e stesure dei colori.<\/em><br \/>\n<em>Con il nome d\u2019arte UpArt, Umberto \u00e8 artista contemporaneo indipendente di \u201cpitto-scultura\u201d figurativa, che si inserisce a pieno titolo nel panorama artistico nazionale della PopArt e dell\u2019Arte Povera. Un realismo immaginifico ed ironico di grande sensibilit\u00e0 artistica, che sconfina dai comuni linguaggi figurativi: un modo di \u201cfare arte concettuale\u201d senza rinunciare alle immagini. E se non rinuncia alle immagini, perch\u00e8 dovrebbe rinunciare alle parole? Cos\u00ec nella progettazione creativa dei suoi lavori, una parte importante \u00e8 proprio dedicata a quelle frasi che campeggiano sul fronte dell\u2019opera (o direttamente proiettate sulle pareti delle sedi espositive che lo accolgono), una sorta di didascalia che non si limita a dare una prima descrizione dell\u2019intento, ma punta alla morale. La figura dipinta e le parole, senza un supporto tridimensionale, non sarebbero UpArt, ecco dunque il terzo elemento che completa la comunicazione di Pettene: i supporti lignei modellati e assemblati a creare profondit\u00e0 e prospettiva. I protagonisti del racconto \u201cescono\u201d dal quadro concretamente, spesso sono anche dotati di un movimento proprio, grazie alla buona manualit\u00e0 dell\u2019artista, che sceglie vecchi legni per dare forma alla storia che vuole narrare. In queste pagine abbiamo la possibilit\u00e0 di notare quanto siano diversi i temi da lui trattati, dallo sport agonistico alla natura morta, passando dall\u2019ironia alla filosofia, senza per\u00f2 mai smentire la propria cifra stilistica.<\/em><br \/>\n<em>Qualunque sia il racconto che vuole proporre al suo pubblico, troveremo sempre i tre punti cardinali della sua comunicazione creativa, in un mix calibrato ed accattivante, capace di farsi ascoltare, ed apprezzare, da chiunque. <\/em><br \/>\n<em>Daniela Malabaila<\/em><\/p><\/blockquote>\n<hr \/>\n<p><strong>Umberto Pettene<br \/>\nin arte UpArt<\/strong><\/p>\n<p>Artista contemporaneo indipendente di &#8220;pitto-scultura&#8221; figurativa, che si inserisce a pieno titolo nel panorama artistico nazionale della &#8220;PopArt&#8221; ed &#8220;Arte Povera&#8221;.<br \/>\nUn realismo immaginifico ed ironico di grande sensibilit\u00e0 artistica, che sconfina dai comuni linguaggi figurativi, in un modo di \u201cfare arte concettuale\u201d senza rinunciare alle immagini.<\/p>\n<p>Si avvicina prima all\u2019atteggiamento minimalista, scegliendo poi la performance e l\u2019installazione, seguendo un naturale e formidabile istinto creativo basato sulla manualit\u00e0, concentrandosi su componenti tangibili, come forma definitiva per ampliare l\u2019idea di \u201coggetto artistico\u201d, in costante relazione tra materia, spazio e pensiero.<\/p>\n<p>Una singolare &#8220;visnarrandi&#8221; in costante metamorfosi creativa e di indagine sui limiti materiali dell\u2019opera. Come base materica delle sue opere, diventano basilari i riutilizzi di materiali e &#8220;vecchi legni&#8221;, il riciclo dei &#8220;segni del tempo&#8221;. I pigmenti naturali completano la stesura di fondo finale, a definire sceneggiature di fascino cromatico e di seducente impianto narrativo; una conversazione filosofica sulla percezione e l\u2019immaginazione.<\/p>\n<p>I soggetti sono principalmente in rilievo, spesso con alcune parti mobili, di solito sovrapposti l&#8217;uno con l&#8217;altro, allo scopo di dare profondit\u00e0 visiva e una idea di tridimensionalit\u00e0 naturale all&#8217;opera intera. Il linguaggio, come messaggio irrinunciabile dell\u2019artista, che nelle opere assume la forma di frasi e metafore scritte direttamente sulle tavole (anche applicate o proiettate su parete nelle sedi espositive), che offrono spesso, come dire?, una morale come nelle fiabe antiche, creando una relazione di unione visiva e coinvolgimento tra lo spazio espositivo stesso e i visitatori.<\/p>\n<p>Umberto Pettene \u00e8 nato a Verona, vive tra Torino e Ivrea dove ha il suo studio laboratorio \u201cUpArt Studio\u201d. Partecipa ad eventi, rassegne e concorsi artistici nei circuiti tradizionali del mondo dell&#8217;arte, in Italia ed all\u2019estero. Studi tecnici ed artistici, partecipa e sostiene corsi di studio sull\u2019uso delle tecniche di installazione e stesure dei colori.<\/p>\n<figure id=\"attachment_7334\" aria-describedby=\"caption-attachment-7334\" style=\"width: 217px\" class=\"wp-caption alignnone\"><img loading=\"lazy\" decoding=\"async\" class=\"wp-image-7334 size-medium\" src=\"https:\/\/artshop.biancoscuro.it\/site\/wp-content\/uploads\/2020\/06\/1_UpArt-Studio-217x300.jpg\" alt=\"\" width=\"217\" height=\"300\" srcset=\"https:\/\/artshop.biancoscuro.it\/site\/wp-content\/uploads\/2020\/06\/1_UpArt-Studio-217x300.jpg 217w, https:\/\/artshop.biancoscuro.it\/site\/wp-content\/uploads\/2020\/06\/1_UpArt-Studio-416x575.jpg 416w, https:\/\/artshop.biancoscuro.it\/site\/wp-content\/uploads\/2020\/06\/1_UpArt-Studio.jpg 555w\" sizes=\"auto, (max-width: 217px) 100vw, 217px\" \/><figcaption id=\"caption-attachment-7334\" class=\"wp-caption-text\">L\u2019artista nel suo studio con l\u2019opera Marlin tecnica mista, colori acrilici su tavola con inserti legno e materiali vari, 80&#215;130 cm.<\/figcaption><\/figure>\n<hr \/>\n<h3><strong>Clicca qui sotto per leggere l&#8217;articolo su<br \/>\nBIANCOSCURO Art Magazine #40\u00a0 (giugno-luglio 2020)<br \/>\n<\/strong><\/h3>\n<p><a href=\"https:\/\/artshop.biancoscuro.it\/site\/wp-content\/uploads\/2020\/06\/PETTENE-Biancoscuro_40_usg.pdf\" target=\"_blank\" rel=\"noopener noreferrer\"><img loading=\"lazy\" decoding=\"async\" class=\"alignnone wp-image-7336 size-large\" src=\"https:\/\/artshop.biancoscuro.it\/site\/wp-content\/uploads\/2020\/06\/Biancoscuro_40_usg-PETTENE-1024x724.jpg\" alt=\"\" width=\"980\" height=\"693\" srcset=\"https:\/\/artshop.biancoscuro.it\/site\/wp-content\/uploads\/2020\/06\/Biancoscuro_40_usg-PETTENE-1024x724.jpg 1024w, https:\/\/artshop.biancoscuro.it\/site\/wp-content\/uploads\/2020\/06\/Biancoscuro_40_usg-PETTENE-416x294.jpg 416w, https:\/\/artshop.biancoscuro.it\/site\/wp-content\/uploads\/2020\/06\/Biancoscuro_40_usg-PETTENE-300x212.jpg 300w, https:\/\/artshop.biancoscuro.it\/site\/wp-content\/uploads\/2020\/06\/Biancoscuro_40_usg-PETTENE-768x543.jpg 768w, https:\/\/artshop.biancoscuro.it\/site\/wp-content\/uploads\/2020\/06\/Biancoscuro_40_usg-PETTENE-600x424.jpg 600w, https:\/\/artshop.biancoscuro.it\/site\/wp-content\/uploads\/2020\/06\/Biancoscuro_40_usg-PETTENE.jpg 1333w\" sizes=\"auto, (max-width: 980px) 100vw, 980px\" \/><\/a><\/p>\n<p>&nbsp;<\/p>\n<p>&nbsp;<\/p>\n","protected":false},"excerpt":{"rendered":"<table cellspacing=\"3\" cellpadding=\"3\">\n<tbody>\n<tr>\n<td>Tecnica<\/td>\n<td>tecnica mista, colori acrilici su tavola con inserti legno e materiali vari<\/td>\n<\/tr>\n<tr>\n<td>Anno<\/td>\n<td>2020<\/td>\n<\/tr>\n<tr>\n<td>Dimensioni<\/td>\n<td>grande<\/td>\n<\/tr>\n<tr>\n<td>Altezza<\/td>\n<td>97 cm<\/td>\n<\/tr>\n<tr>\n<td>larghezza<\/td>\n<td>63 cm<\/td>\n<\/tr>\n<tr>\n<td>Profondit\u00e0<\/td>\n<td>9 cm<\/td>\n<\/tr>\n<\/tbody>\n<\/table>\n<blockquote><p><em>Vecchie tavole recuperate e materiali riciclati lavorati e assemblati insieme. Soggetti in rilievo, spesso con parti mobili, sovrapposti allo scopo di dare profondit\u00e0 e tridimensionalit\u00e0 all\u2019opera, diventando una scenografia da restituire all\u2019interpretazione dell\u2019osservatore.<\/em><\/p><\/blockquote>\n<hr \/>\n<p>Made in Italy con autentica su foto a firma dell\u2019artista. Ogni opera \u00e8 un pezzo unico.<\/p>\n<p><strong>Visibile presso &#8220;UpArt Studio&#8221; a Ivrea (TO)<\/strong>.<\/p>\n<p>Se vuoi puoi anche fare una <strong>proposta d\u2019acquisto<\/strong>\u00a0cliccando il tasto qui sotto e inserendo i dati richiesti.<\/p>\n<h3><\/h3>\n","protected":false},"featured_media":7328,"template":"","meta":[],"product_brand":[],"product_cat":[14],"product_tag":[193,143,158,23,19,201,197,202,198,199,200],"class_list":{"0":"post-7327","1":"product","2":"type-product","3":"status-publish","4":"has-post-thumbnail","6":"product_cat-opere","7":"product_tag-acrilico","8":"product_tag-acrilico-su-tela","9":"product_tag-art","10":"product_tag-arte","11":"product_tag-biancoscuro","12":"product_tag-ivrea","13":"product_tag-pettene","14":"product_tag-pitto-scultura","15":"product_tag-umberto-pettene","16":"product_tag-upart","17":"product_tag-upart-studio","18":"product_shipping_class-spedizione-gratuita","20":"first","21":"instock","22":"sold-individually","23":"shipping-taxable","24":"purchasable","25":"product-type-simple"},"jetpack_sharing_enabled":true,"_links":{"self":[{"href":"https:\/\/artshop.biancoscuro.it\/site\/wp-json\/wp\/v2\/product\/7327","targetHints":{"allow":["GET"]}}],"collection":[{"href":"https:\/\/artshop.biancoscuro.it\/site\/wp-json\/wp\/v2\/product"}],"about":[{"href":"https:\/\/artshop.biancoscuro.it\/site\/wp-json\/wp\/v2\/types\/product"}],"wp:featuredmedia":[{"embeddable":true,"href":"https:\/\/artshop.biancoscuro.it\/site\/wp-json\/wp\/v2\/media\/7328"}],"wp:attachment":[{"href":"https:\/\/artshop.biancoscuro.it\/site\/wp-json\/wp\/v2\/media?parent=7327"}],"wp:term":[{"taxonomy":"product_brand","embeddable":true,"href":"https:\/\/artshop.biancoscuro.it\/site\/wp-json\/wp\/v2\/product_brand?post=7327"},{"taxonomy":"product_cat","embeddable":true,"href":"https:\/\/artshop.biancoscuro.it\/site\/wp-json\/wp\/v2\/product_cat?post=7327"},{"taxonomy":"product_tag","embeddable":true,"href":"https:\/\/artshop.biancoscuro.it\/site\/wp-json\/wp\/v2\/product_tag?post=7327"}],"curies":[{"name":"wp","href":"https:\/\/api.w.org\/{rel}","templated":true}]}}