{"id":1499,"date":"2017-02-11T18:56:22","date_gmt":"2017-02-11T16:56:22","guid":{"rendered":"http:\/\/artshop.biancoscuro.it\/site\/?post_type=product&#038;p=1499"},"modified":"2020-06-22T11:53:28","modified_gmt":"2020-06-22T09:53:28","slug":"fire-of-god-by-margaretha-gubernale","status":"publish","type":"product","link":"https:\/\/artshop.biancoscuro.it\/site\/shop\/opere\/fire-of-god-by-margaretha-gubernale\/","title":{"rendered":"Fire of God by Margaretha Gubernale"},"content":{"rendered":"<h3>Margaretha Gubernale<\/h3>\n<p>Margaretha Gubernale vive e lavora in Svizzera e in Italia.<br \/>\nLavora da oltre 30 anni nel contesto internazionale.<\/p>\n<p>L&#8217;origine delle immagini di Margaretha Gubernale si trova in natura, nella filosofia e negli elementi di antroposofia. L&#8217;antroposofia \u00e8 una scienza di Rudolf Steiner come scienza spirituale di sviluppo interiore. In accordo con questa filosofia, i dipinti di Margaretha Gubernale mostrano l&#8217;aspetto esteriore (attraverso un mondo con persone che si sforzano verso la luce) e l&#8217;interno (attraverso il regno dei sogni). Un alone di mito pervade loro dipinti le cui tematiche spesso si mettono in un universo tra fantasia e realt\u00e0, gli stessi temi sembrano consistere in parti uguali sogno e realt\u00e0, i loro corpi umani sono modellati nel dettaglio e avvolto in veli di garza di luce o passa il mouse sopra il loro ambiente. L&#8217;artista intende integrare i quattro elementi nel loro lavoro, l&#8217;intelletto che l&#8217;aria, fuoco come fiducia in se stessi e la volont\u00e0 di acqua come un sentimento e la Terra come una versione materialistica. Lei riesce mirabilmente a creare un mondo che contiene questi elementi, mentre la sua integrit\u00e0 anche progettato il paesaggio interiore ad una parte. Questo \u00e8 praticato simbologia ad alto livello, un livello in cui i simboli hanno sempre i loro rapporti con il mondo esterno, dando loro un misterioso potere a doppio taglio.<\/p>\n<p>Margaretha Gubernale ha esposto a:<br \/>\n1983 Palazzo elettorale, Mainz, Germania<br \/>\n1984 Kunstkabinett Baden-Baden, Germania<br \/>\n1985 Centro Rodino, Napoli, Italia<br \/>\n1988 Biennale di Quebec, Canada<br \/>\n1992 Galerie du Relais, Horgen, Svizzera<br \/>\n1993 Monteserrat Gallery, Broadway, New York, Stati Uniti d&#8217;America<br \/>\n2005 Centre Culturel Christiane Peugeot, Parigi, Francia<br \/>\n2008 Olympic Fine Arts 2008, Pechino, Cina<br \/>\n2009 AKZENTA, Graz, Austria<br \/>\n&#8220;Boundless&#8221; 2009 Artisti Exhibition, Cham ZG, Svizzera<br \/>\n2010 Museo olimpico di Sarajevo e Banja Luka Municipio, Croazia<br \/>\n2010 International Exhibition &#8220;ucraina Artweek,&#8221; Museo di Kiev, la Russia<br \/>\n2011 Mostra internazionale &#8220;Artweek San Pietroburgo&#8221; La Russia<br \/>\n2011 Mostra internazionale &#8220;Artweek Mosca&#8221; Russia<br \/>\n2011 Agora Gallery, New York, Stati Uniti d&#8217;America<br \/>\n2012 bandiera Regno Unito sotto Unesco con OFAA, Beirut, Libano<br \/>\n2012 Galleria Broadway a New York, Stati Uniti<br \/>\n2012 Museo Civico, Palermo, Italia<br \/>\n2012 Arte Suisse, Basilea, Svizzera<br \/>\n2012 Forum Zugerland, Svizzera<br \/>\ninoltre ha esposto a Berlino, Monaco di Baviera, Strasburgo, Madrid, Cagliari e Palermo.<\/p>\n<p>&nbsp;<\/p>\n<blockquote><p><em> Non sarebbe del tutto corretto definire la pittura di Margaretha Gubernale puro simbolismo visivo. Io la definirei piuttosto arte simbolica spirituale, che rivolge le sue riflessioni su tela al divino. Veri e propri enigmi visivi dalla chiara valenza spirituale rendono le opere di Margaretha pi\u00f9 interessanti di quelle di Gustave Moreau, e sicuramente di maggiore raffinatezza linguistica rispetto al narrato di Odilon Redon, maestri del simbolismo francese. In Gubernale i quattro elementi, acqua, terra, aria e fuoco vengono studiati per poi essere tracciati nuovamente su tela. Nasce cos\u00ec la \u201cPararealt\u00e0\u201d con particolare attenzione al divino. L\u2019analisi di Margaretha si concentra verso un mondo sommerso dall\u2019abisso e poi riportato a nuova luce. Una pittura che esamina la complessit\u00e0 della psiche umana e ne traccia le linee guida. Una pittura che oltrepassa il fiume Stige per andare ad esplorare terre sconosciute. Un\u2019Arte che viaggia lungo i binari di un significato che appare ai nostri occhi come una realt\u00e0 nuova, e un significante che invece va ricercato. Analizzando le opere di Margaretha non si deve correre il rischio di effettuare una lettura aberrante. Le sue opere vanno esaminate tenendo conto di una storia che risiede nell\u2019antica mitologia classica, che poi viene rivisitata dall\u2019Artista in modo da rivolgere il suo \u201cdetto\u201d al divino. Una cromia che esprime i sentimenti. Una cromia che racconta idee simboliche. Nulla \u00e8 lasciato al caso. L\u2019Artista attraverso la forma e il colore supera il caos irrazionale delle cose e raggiunge una sorta di equilibrio ideale. La sua pittura non deve essere vista rinchiusi in un Panopticon. La luce squarcia le tenebre, proiettando cos\u00ec le sue figure in nuovi paradisi. Eden eterni dove poter ritrovare uccelli divini.<\/em><\/p>\n<p><em>In Gubernale diviene la rappresentazione visiva delle quattro forze. La potenza del fuoco, la leggerezza dell\u2019aria, la solidit\u00e0 della terra e la forza dell\u2019acqua vengono \u201cincarnati\u201d in un solo animale che si dirige verso la luce. Ho avuto modo di scrivere per tanti Artisti, ma devo dire che mai in nessuno ho trovato tanta spiritualit\u00e0. La pittura di Gubernale fa in modo che tra l\u2019astante e l\u2019opera si instauri una sorta di dialogo segreto. Un dialogo dalla forte valenza spirituale che fa sentire il divino dentro di noi. Osservando tali sue opere non si pu\u00f2 fare a meno di pensare ad una realt\u00e0 nuova. Una realt\u00e0 fatta di luce. Una realt\u00e0 che, se seguita in modo corretto, potr\u00e0 condurci verso la salvezza eterna. Una salvezza data dalla divinit\u00e0.<\/em><\/p>\n<p><em> S.R.<\/em><\/p><\/blockquote>\n","protected":false},"excerpt":{"rendered":"<table cellspacing=\"3\" cellpadding=\"3\">\n<tbody>\n<tr>\n<td>Tecnica<\/td>\n<td>Olio su tela<\/td>\n<\/tr>\n<tr>\n<td>Anno<\/td>\n<td>2016<\/td>\n<\/tr>\n<tr>\n<td>Dimensioni<\/td>\n<td>grande<\/td>\n<\/tr>\n<tr>\n<td>Altezza<\/td>\n<td>100 cm<\/td>\n<\/tr>\n<tr>\n<td>Larghezza<\/td>\n<td>80 cm<\/td>\n<\/tr>\n<tr>\n<td>\u00a0Profondit\u00e0<\/td>\n<td>5 cm<\/td>\n<\/tr>\n<\/tbody>\n<\/table>\n<p>Fornito con autentica su foto a firma dell\u2019artista.<\/p>\n<p>Se vuoi puoi anche fare una\u00a0<strong>proposta d\u2019acquisto<\/strong>\u00a0cliccando il tasto qui sotto e inserendo i dati richiesti.<\/p>\n<h3><\/h3>\n","protected":false},"featured_media":1502,"template":"","meta":[],"product_brand":[],"product_cat":[14],"product_tag":[23,19,141,139,140,48,24],"class_list":{"0":"post-1499","1":"product","2":"type-product","3":"status-publish","4":"has-post-thumbnail","6":"product_cat-opere","7":"product_tag-arte","8":"product_tag-biancoscuro","9":"product_tag-gubernale","10":"product_tag-margaretha","11":"product_tag-margaretha-gubernale","12":"product_tag-olio-su-tela","13":"product_tag-pittura","15":"first","16":"outofstock","17":"sold-individually","18":"shipping-taxable","19":"purchasable","20":"product-type-simple"},"jetpack_sharing_enabled":true,"_links":{"self":[{"href":"https:\/\/artshop.biancoscuro.it\/site\/wp-json\/wp\/v2\/product\/1499","targetHints":{"allow":["GET"]}}],"collection":[{"href":"https:\/\/artshop.biancoscuro.it\/site\/wp-json\/wp\/v2\/product"}],"about":[{"href":"https:\/\/artshop.biancoscuro.it\/site\/wp-json\/wp\/v2\/types\/product"}],"wp:featuredmedia":[{"embeddable":true,"href":"https:\/\/artshop.biancoscuro.it\/site\/wp-json\/wp\/v2\/media\/1502"}],"wp:attachment":[{"href":"https:\/\/artshop.biancoscuro.it\/site\/wp-json\/wp\/v2\/media?parent=1499"}],"wp:term":[{"taxonomy":"product_brand","embeddable":true,"href":"https:\/\/artshop.biancoscuro.it\/site\/wp-json\/wp\/v2\/product_brand?post=1499"},{"taxonomy":"product_cat","embeddable":true,"href":"https:\/\/artshop.biancoscuro.it\/site\/wp-json\/wp\/v2\/product_cat?post=1499"},{"taxonomy":"product_tag","embeddable":true,"href":"https:\/\/artshop.biancoscuro.it\/site\/wp-json\/wp\/v2\/product_tag?post=1499"}],"curies":[{"name":"wp","href":"https:\/\/api.w.org\/{rel}","templated":true}]}}