{"id":1463,"date":"2017-05-08T17:43:51","date_gmt":"2017-05-08T15:43:51","guid":{"rendered":"http:\/\/artshop.biancoscuro.it\/site\/?post_type=product&#038;p=1463"},"modified":"2020-06-22T11:54:33","modified_gmt":"2020-06-22T09:54:33","slug":"creatura-spazio-temporale-by-rita-vitaloni","status":"publish","type":"product","link":"https:\/\/artshop.biancoscuro.it\/site\/shop\/opere\/creatura-spazio-temporale-by-rita-vitaloni\/","title":{"rendered":"Creatura spazio temporale by Rita Vitaloni"},"content":{"rendered":"<h4>CREATURA SPAZIO TEMPORALE<br \/>\nopera del progetto &#8220;Il Colore degli\u00a0 Sfrattati&#8221; di Rita Vitaloni: in questo lavoro troviamo la ricerca\u00a0 di creare un movimento che pero&#8217; vuole cullarci nella sua visualizzazione ricordandoci che esiste una purezza intrinseca che non dobbiamo mai perdere nel corso della vita.<\/h4>\n<h3>Rita Vitaloni<\/h3>\n<p>Nata nel 1962, cittadina savonese si \u00e8 diplomata nel 1981 all\u2019 Istituto Tecnico Commerciale Paolo Boselli di Savona e nonostante il lavoro in un Istituto di Credito ha voluto intraprendere gli studi che ha sempre desiderato fare, si Diploma al Liceo Artistico \u201cArturo Martini\u201d di Savona nel 1993. Si iscrive, se pur lavorando ormai da anni, in altro settore, all\u2019Accademia di Belle Arti di Cuneo. Nel 2004 ottiene il Diploma Accademico (vecchio ordinamento) in Pittura e nel 2006 il Diploma Accademico di 2 livello specializzazione in Grafica.<br \/>\nIl 1\/2\/2008 subisce, con la sua famiglia uno sfratto dall\u2019immobile che era stato ereditato nel 1989 mantenuto per circa 20 anni, nonch\u00e9 ristrutturato completamente a proprie spese per creare un nido nel quale far crescere il proprio bimbo. Ha visto inoltre morire la propria madre dal dolore per tale vicenda, non solo non le \u00e8 stato restituito nulla , ma \u00e8 stata condannata come figlia a pagare dal 1989 al 2008 con interessi fino al 2015 canoni mai percepiti e ingenti spese per la vicenda giudiziaria . Questa situazione grava duramente sulla famiglia ; per un lungo periodo non \u00e8 riuscita a fare pi\u00f9 nulla, poi ha trovato in s\u00e9 la forza di rimettersi a dipingere spinta da motivazioni completamente nuove . Le sue opere vogliono ora testimoniare la propria profonda inquietudine creata da tale vicenda originatasi nel lontano 1989.<br \/>\nI suoi lavori ormai fanno parte di un unico progetto: <strong>IL COLORE DEGLI SFRATTATI<\/strong>.<\/p>\n<p>Alcune delle ultime mostre alle quali \u00e8 stata invita nel 2015<br \/>\n\u201cL\u2019Arte e il Tempo\u201d \u00e8 l\u2019official event, ideato da Giulia Sillato e diretto da Giulia Sillato e Giammarco Puntelli,\u00a0 \u00a0Palazzo dei Giureconsulti \u2013 Milano .<br \/>\n\u201cGrazie Italia\u201d,<br \/>\nevento promosso e patrocinato dai Padiglioni Nazionali Grenada e Guatemala presenti alla 56.Esposizione Internazionale d\u2019Arte-La Biennale di Venezia. nella sede dell\u2019Officina delle Zattere<br \/>\nVenezia.<br \/>\nVII Edizione del Present Art Festival \u2013 Meeting in Shanghai.<br \/>\nSPOLETO ARTE\u00a0 a cura di Vittorio Sgarbi \u2013 Palazzo Leti Sansi-Spoleto.<br \/>\nIncontro con la 56\u00b0 Biennale d\u2019Arte di Venezia \u2013 Studio C \u2013 Piacenza<\/p>\n<p>Alcune delle ultime mostre alle quali \u00e8 stata invita nel 2016<br \/>\nArte Cremona \u2013 ARTEXPO\u2019 GALLERY<br \/>\nArte Parma \u2013 BIANCOSCURO<br \/>\nPaviArt \u2013 BIANCOSCURO<br \/>\nARTE JUBILAEUM \u2013\u00a0 Sale del Bramante \u2013 Piazza del Popolo \u2013 Roma<br \/>\nMESSAGGI D\u2019AUTORE \u2013 Lanterna di Genova \u2013 Genova<br \/>\nL\u2019Italia degli Artisti Dalla 56 Biennale di Venezia al Giubileo della Misericordia<br \/>\nTalenti e maestri a Confronto<br \/>\n\u2013 Museo Fondazione Venanzio Crocetti \u2013 Roma<br \/>\na cura di Stefania Pieralice \u2013 Introduzione\u00a0 di Daniele Radini Tedeschi<\/p>\n<p>&nbsp;<\/p>\n","protected":false},"excerpt":{"rendered":"<table cellspacing=\"3\" cellpadding=\"3\">\n<tbody>\n<tr>\n<td>Tecnica<\/td>\n<td>Opera &#8220;DIGITAL ART&#8221; su vetroacrilicoart<br \/>\nopera unica con certificato\u00a0a firma dell\u2019artista.<\/td>\n<\/tr>\n<tr>\n<td>Anno<\/td>\n<td>2016<\/td>\n<\/tr>\n<tr>\n<td>Dimensioni<\/td>\n<td>media<\/td>\n<\/tr>\n<tr>\n<td>Altezza<\/td>\n<td>82 cm<\/td>\n<\/tr>\n<tr>\n<td>Larghezza<\/td>\n<td>65 cm<\/td>\n<\/tr>\n<tr>\n<td>\u00a0Profondit\u00e0<\/td>\n<td>1 cm<\/td>\n<\/tr>\n<\/tbody>\n<\/table>\n<p>Made in Italy.\u00a0Fornito con autentica su foto a firma dell\u2019artista.<\/p>\n<p><strong>Visibile presso lo studio\u00a0dell&#8217;artista a Savona.\u00a0A richiesta \u00e8 possibile \u00a0richiedere la visita dell&#8217;opera spazio espositivo\u00a0BIANCOSCURO a Pavia in Viale indipendenza 26<\/strong>.<br \/>\nSe vuoi puoi anche fare una\u00a0<strong>proposta d\u2019acquisto<\/strong>\u00a0cliccando il tasto qui sotto e inserendo i dati richiesti.<\/p>\n<h3><\/h3>\n","protected":false},"featured_media":1464,"template":"","meta":[],"product_brand":[],"product_cat":[14],"product_tag":[23,19,103,101,102,104,25],"class_list":{"0":"post-1463","1":"product","2":"type-product","3":"status-publish","4":"has-post-thumbnail","6":"product_cat-opere","7":"product_tag-arte","8":"product_tag-biancoscuro","9":"product_tag-domenico","10":"product_tag-domenico-morabito","11":"product_tag-morabito","12":"product_tag-polimaterico","13":"product_tag-scultura","14":"product_shipping_class-spedizione-gratuita","16":"first","17":"outofstock","18":"sale","19":"sold-individually","20":"shipping-taxable","21":"purchasable","22":"product-type-simple"},"jetpack_sharing_enabled":true,"_links":{"self":[{"href":"https:\/\/artshop.biancoscuro.it\/site\/wp-json\/wp\/v2\/product\/1463","targetHints":{"allow":["GET"]}}],"collection":[{"href":"https:\/\/artshop.biancoscuro.it\/site\/wp-json\/wp\/v2\/product"}],"about":[{"href":"https:\/\/artshop.biancoscuro.it\/site\/wp-json\/wp\/v2\/types\/product"}],"wp:featuredmedia":[{"embeddable":true,"href":"https:\/\/artshop.biancoscuro.it\/site\/wp-json\/wp\/v2\/media\/1464"}],"wp:attachment":[{"href":"https:\/\/artshop.biancoscuro.it\/site\/wp-json\/wp\/v2\/media?parent=1463"}],"wp:term":[{"taxonomy":"product_brand","embeddable":true,"href":"https:\/\/artshop.biancoscuro.it\/site\/wp-json\/wp\/v2\/product_brand?post=1463"},{"taxonomy":"product_cat","embeddable":true,"href":"https:\/\/artshop.biancoscuro.it\/site\/wp-json\/wp\/v2\/product_cat?post=1463"},{"taxonomy":"product_tag","embeddable":true,"href":"https:\/\/artshop.biancoscuro.it\/site\/wp-json\/wp\/v2\/product_tag?post=1463"}],"curies":[{"name":"wp","href":"https:\/\/api.w.org\/{rel}","templated":true}]}}