{"id":1452,"date":"2017-05-06T17:02:20","date_gmt":"2017-05-06T16:02:20","guid":{"rendered":"http:\/\/artshop.biancoscuro.it\/site\/?post_type=product&#038;p=1452"},"modified":"2020-06-22T11:53:28","modified_gmt":"2020-06-22T09:53:28","slug":"crisi-ed-epilogo-del-mondo-moderno-by-umberto-salmeri","status":"publish","type":"product","link":"https:\/\/artshop.biancoscuro.it\/site\/shop\/opere\/crisi-ed-epilogo-del-mondo-moderno-by-umberto-salmeri\/","title":{"rendered":"Crisi ed epilogo del Mondo Moderno by Umberto Salmeri"},"content":{"rendered":"<h3>Umberto Salmeri<\/h3>\n<blockquote><p><em>Dopo aver vissuto le prime esperienze nell&#8217;ambito del noespressionismo e dell&#8217;informale, l\u2019Artista si \u00e8 orientato verso i Maestri del Due-Trecento,<\/em><br \/>\n<em> sviluppando un concetto pittorico personale di carattere neo-metafisico.<\/em>\u00a0<em>Successivamente rivolge il suo interesse all&#8217;elaborazione informatica dei dati visivi, mixando tecniche digitali con tecniche tradizionali&#8230;<\/em><\/p><\/blockquote>\n<p>Umberto Salmeri crea un\u2019arte figurativa che non \u00e8 mai espressamente tale, poich\u00e9 si pone come linea di confine anticonvenzionale che supera ci\u00f2 che \u00e8 noto e chiaro nei fenomeni reali per delucidare ci\u00f2 che \u00e8 nascosto e meno noto. \u201cVedere al di l\u00e0 delle cose\u201d \u00e8 il motto interpretativo di tutte le opere, nonch\u00e9 filo rosso di un\u2019arte in cui la tecnica mista che ricorda l\u2019arte psichedelica rende la produzione altamente contemporanea, di forte impatto e da interpretare con concentrazione.<br \/>\nCome sopravvissuti da un sogno appaiono i protagonisti di Salmeri, introdotti in un iter artistico dai colori intensi e fervidi cos\u00ec gli oggetti quoditiani schiudono vie innovative, strade ulteriori, domande per molteplici risposte. Colta all\u2019ignoto, l\u2019arte di Salmeri pu\u00f2 apparire il mezzo per avvicinare le cose distanti, forse poco sentite, sicuramente condivise in piccola parte; in realt\u00e0, la sua combinazione tra linguaggi parte dalla volont\u00e0 di scoprire sempre l\u2019origine della cose. L\u2019arte digitale diviene per l\u2019Artista stimolo per modernizzare le immagini, creando una ricerca in continua contaminazione.<br \/>\n<em>Anna Soricano<\/em><\/p>\n<figure id=\"attachment_1454\" aria-describedby=\"caption-attachment-1454\" style=\"width: 300px\" class=\"wp-caption alignnone\"><img loading=\"lazy\" decoding=\"async\" class=\"wp-image-1454 size-full\" src=\"http:\/\/artshop.biancoscuro.it\/site\/wp-content\/uploads\/2017\/05\/salmeri-low.jpg\" alt=\"\" width=\"300\" height=\"300\" srcset=\"https:\/\/artshop.biancoscuro.it\/site\/wp-content\/uploads\/2017\/05\/salmeri-low.jpg 300w, https:\/\/artshop.biancoscuro.it\/site\/wp-content\/uploads\/2017\/05\/salmeri-low-100x100.jpg 100w, https:\/\/artshop.biancoscuro.it\/site\/wp-content\/uploads\/2017\/05\/salmeri-low-150x150.jpg 150w\" sizes=\"auto, (max-width: 300px) 100vw, 300px\" \/><figcaption id=\"caption-attachment-1454\" class=\"wp-caption-text\">L&#8217;artista Umberto Salmeri<\/figcaption><\/figure>\n","protected":false},"excerpt":{"rendered":"<table cellspacing=\"3\" cellpadding=\"3\">\n<tbody>\n<tr>\n<td>Tecnica<\/td>\n<td><span data-sheets-value=\"{&quot;1&quot;:2,&quot;2&quot;:&quot; Way of the heartn50X70nPittura digitalen2017n&quot;}\" data-sheets-userformat=\"{&quot;2&quot;:12925,&quot;3&quot;:{&quot;1&quot;:0},&quot;5&quot;:{&quot;1&quot;:[{&quot;1&quot;:2,&quot;2&quot;:0,&quot;5&quot;:{&quot;1&quot;:2,&quot;2&quot;:0}},{&quot;1&quot;:0,&quot;2&quot;:0,&quot;3&quot;:1},{&quot;1&quot;:1,&quot;2&quot;:0,&quot;4&quot;:1}]},&quot;6&quot;:{&quot;1&quot;:[{&quot;1&quot;:2,&quot;2&quot;:0,&quot;5&quot;:{&quot;1&quot;:2,&quot;2&quot;:0}},{&quot;1&quot;:0,&quot;2&quot;:0,&quot;3&quot;:1},{&quot;1&quot;:1,&quot;2&quot;:0,&quot;4&quot;:1}]},&quot;7&quot;:{&quot;1&quot;:[{&quot;1&quot;:2,&quot;2&quot;:0,&quot;5&quot;:{&quot;1&quot;:2,&quot;2&quot;:0}},{&quot;1&quot;:0,&quot;2&quot;:0,&quot;3&quot;:1},{&quot;1&quot;:1,&quot;2&quot;:0,&quot;4&quot;:1}]},&quot;8&quot;:{&quot;1&quot;:[{&quot;1&quot;:2,&quot;2&quot;:0,&quot;5&quot;:{&quot;1&quot;:2,&quot;2&quot;:0}},{&quot;1&quot;:0,&quot;2&quot;:0,&quot;3&quot;:1},{&quot;1&quot;:1,&quot;2&quot;:0,&quot;4&quot;:1}]},&quot;9&quot;:0,&quot;12&quot;:0,&quot;15&quot;:&quot;Droid Sans&quot;,&quot;16&quot;:10}\">Digitale e stampa su tela + finitura olio su tela<br \/>\n<\/span><\/td>\n<\/tr>\n<tr>\n<td>Anno<\/td>\n<td>2011<\/td>\n<\/tr>\n<tr>\n<td>Dimensioni<\/td>\n<td>grande<\/td>\n<\/tr>\n<tr>\n<td>Altezza<\/td>\n<td>140 cm<\/td>\n<\/tr>\n<tr>\n<td>Larghezza<\/td>\n<td>100 cm<\/td>\n<\/tr>\n<tr>\n<td>\u00a0Profondit\u00e0<\/td>\n<td>5\u00a0cm<\/td>\n<\/tr>\n<\/tbody>\n<\/table>\n<p>Made in Italy con autentica su foto a firma dell\u2019artista.<\/p>\n<p><strong>Visibile presso lo studio\u00a0dell&#8217;artista a Roma\u00a0 a richiesta \u00e8 possibile \u00a0richiedere la visita dell&#8217;opera spazio espositivo\u00a0BIANCOSCURO a Pavia in Viale indipendenza 26<\/strong>.<br \/>\nSe vuoi puoi anche fare una\u00a0<strong>proposta d\u2019acquisto<\/strong>\u00a0cliccando il tasto qui sotto e inserendo i dati richiesti.<\/p>\n<h3><\/h3>\n","protected":false},"featured_media":1453,"template":"","meta":[],"product_brand":[],"product_cat":[14],"product_tag":[23,123,19,121,119,48,122,128,127,129],"class_list":{"0":"post-1452","1":"product","2":"type-product","3":"status-publish","4":"has-post-thumbnail","6":"product_cat-opere","7":"product_tag-arte","8":"product_tag-arte-digitale","9":"product_tag-biancoscuro","10":"product_tag-digital","11":"product_tag-digitale","12":"product_tag-olio-su-tela","13":"product_tag-pittura-digitale","14":"product_tag-salmeri","15":"product_tag-umberto","16":"product_tag-umberto-salmeri","17":"product_shipping_class-spedizione-gratuita","19":"first","20":"outofstock","21":"sold-individually","22":"shipping-taxable","23":"purchasable","24":"product-type-simple"},"jetpack_sharing_enabled":true,"_links":{"self":[{"href":"https:\/\/artshop.biancoscuro.it\/site\/wp-json\/wp\/v2\/product\/1452","targetHints":{"allow":["GET"]}}],"collection":[{"href":"https:\/\/artshop.biancoscuro.it\/site\/wp-json\/wp\/v2\/product"}],"about":[{"href":"https:\/\/artshop.biancoscuro.it\/site\/wp-json\/wp\/v2\/types\/product"}],"wp:featuredmedia":[{"embeddable":true,"href":"https:\/\/artshop.biancoscuro.it\/site\/wp-json\/wp\/v2\/media\/1453"}],"wp:attachment":[{"href":"https:\/\/artshop.biancoscuro.it\/site\/wp-json\/wp\/v2\/media?parent=1452"}],"wp:term":[{"taxonomy":"product_brand","embeddable":true,"href":"https:\/\/artshop.biancoscuro.it\/site\/wp-json\/wp\/v2\/product_brand?post=1452"},{"taxonomy":"product_cat","embeddable":true,"href":"https:\/\/artshop.biancoscuro.it\/site\/wp-json\/wp\/v2\/product_cat?post=1452"},{"taxonomy":"product_tag","embeddable":true,"href":"https:\/\/artshop.biancoscuro.it\/site\/wp-json\/wp\/v2\/product_tag?post=1452"}],"curies":[{"name":"wp","href":"https:\/\/api.w.org\/{rel}","templated":true}]}}