{"id":145,"date":"2017-04-03T15:30:35","date_gmt":"2017-04-03T13:30:35","guid":{"rendered":"http:\/\/artshop.biancoscuro.it\/site\/prodotto\/farfalle-tela-by-giorgio-gost-2\/"},"modified":"2022-12-07T14:33:25","modified_gmt":"2022-12-07T13:33:25","slug":"farfalle-tela-by-giorgio-gost-2","status":"publish","type":"product","link":"https:\/\/artshop.biancoscuro.it\/site\/shop\/opere\/giorgio-gost\/farfalle-tela-by-giorgio-gost-2\/","title":{"rendered":"Farfalle su tela by Giorgio Gost"},"content":{"rendered":"<h3>Farfalle su tela by Giorgio Gost<\/h3>\n<p>n.1831 &#8211; Farfalle su tela, tecnica mista, 25&#215;20 cm.<\/p>\n<p>Collezione\u00a0&#8220;<strong>STOP THE TIME<\/strong>!&#8221; by Giorgio Gost<\/p>\n<p>Farfalle colorate a mano, salvate su tela rossa con resina incorniciate in bianco. Farfalle salvate per l&#8217;anno 6.000<\/p>\n<p>&nbsp;<\/p>\n<p><strong>Visibile presso lo spazio espositivo <span style=\"text-decoration: underline;\">BIANCOSCURO a Pavia in Viale indipendenza 26<\/span><\/strong>.<\/p>\n<p>&nbsp;<\/p>\n<p>NOTE:<br \/>\nBiancoscuro Art Magazine ha dedicato una\u00a0copertina a Giorgio Gost<\/p>\n<p>&nbsp;<\/p>\n<p>&nbsp;<\/p>\n<p style=\"color: #2d2829;\">Solo\u00a0con le parole di Alessandro Celli possiamo raccontare al meglio questa nuova filosofia creativa del talentuoso Gost: <i>\u201cStop The Time! inizia nell\u2019anno 2011 con il devastante terremoto del Giappone ed \u00e8 un modo per <\/i><b><i>salvare le cose che ci stanno intorno e che usiamo ogni giorno<\/i><\/b><i>, per i prossimi millenni (confezionate e piene di liquidi o solidi come li beviamo o li mangiamo). \u00c8 inoltre un\u2019occasione per ricordare alle persone di cominciare dall\u2019arte un percorso che possa \u201crallentare\u201d un po\u2019 l\u2019arte, i mercati borsistici con la finanza in generale, e tutte le azioni intorno a noi, con il fine di dare al nostro cervello pi\u00f9 tempo per pensare ed evitare errori causati dalla fretta e dal poco tempo per prendere decisioni. Di solito non diamo importanza alle cose semplici di uso quotidiano che l\u2019artista salva su tela con la sua tecnica, ma queste potrebbero rivelarsi fondamentali per noi in possibili momenti futuri, quali per esempio il verificarsi di forti eventi naturali. Durante le continue scosse del 2012 in Emilia, <\/i><b><i>Giorgio Gost posiziona nei lati pi\u00f9 sicuri dei luoghi in cui vive carne in scatola e bottigliette d\u2019acqua salvate con uno scudo di resina<\/i><\/b><i>, per poterne eventualmente usufruire in caso di necessit\u00e0, battendo semplicemente a terra l\u2019angolo della resina per staccarlo dalla tela. <\/i><b><i>Era un esperimento filosofico, ma anche pratico, il suo<\/i><\/b><i>. Giorgio Gost ha superato una visione semplicistica di questi adattamenti che possono essere ritenuti biologici ed istintivi, per avventurarsi un <\/i><b><i>una concettualit\u00e0 che va oltre l\u2019istinto<\/i><\/b><i>.\u201d<\/i><\/p>\n<blockquote><p>\u201cHo da tempo sostenuto con forza che Gost \u00e8 un<br \/>\ninnovatore o semplicemente un attento lettore della nostra<br \/>\ncontemporaneit\u00e0. Sempre sarcastico e critico.<br \/>\nIn questo nuovo ciclo l\u2019Artista ci sottopone ad un\u2019altra<br \/>\nriflessione, quella della carta stampata.<br \/>\nRiflessione non pi\u00f9 su un fatto compiuto e su beni di<br \/>\nconsumo che hanno ceduto il passo a tecnologie pi\u00f9<br \/>\navanzate, bens\u00ec alla possibilit\u00e0 che ci\u00f2 possa accadere.<br \/>\nDa un catalogo di casa d\u2019asta ad una rivista, fino ad un<br \/>\nlibro, potrebbero essere tutti sostituiti e la conservazione<br \/>\ndi Giorgio Gost \u00e8 finalizzata a tale riflessione, con<br \/>\nl\u2019auspicio di rileggerli nell\u2019anno seimila, ma temo che la<br \/>\ndatazione si potrebbe anche anticipare.<br \/>\nE cosa rimane oggi dell\u2019arte contemporanea se un Artista<br \/>\nnon trasmette messaggi volti ad aprire riflessioni?<br \/>\nL&#8217;essenza della sua arte rimane l&#8217;idea ed il concetto che<br \/>\nprecede l&#8217;opera.<br \/>\nGiorgio Gost continua, a distanza di anni, a<br \/>\nsorprendermi.\u201d<br \/>\nAle Artebrixia<\/p><\/blockquote>\n","protected":false},"excerpt":{"rendered":"<h3>Farfalle su tela by Giorgio Gost<\/h3>\n<p>n.1831 &#8211; Farfalle su tela, tecnica mista, 25&#215;20 cm.<\/p>\n<p>Collezione\u00a0&#8220;<strong>STOP THE TIME<\/strong>!&#8221; by Giorgio Gost<\/p>\n<p>Farfalle colorate a mano, salvate su tela rossa con resina incorniciate in bianco. Farfalle salvate per l&#8217;anno 6.000<\/p>\n<p>&nbsp;<\/p>\n<p><strong>Visibile presso lo spazio espositivo\u00a0BIANCOSCURO a Pavia in Viale indipendenza 26<\/strong>.<\/p>\n<p>&nbsp;<\/p>\n<p>NOTE:<br \/>\nBiancoscuro Art Magazine ha dedicato una\u00a0copertina a Giorgio Gost<\/p>\n<h3>Se vuoi puoi anche fare\u00a0<span style=\"text-decoration: underline;\">una proposta d&#8217;acquisto<\/span>\u00a0cliccando il tasto qui sotto e inserendo i dati richiesti.<\/h3>\n","protected":false},"featured_media":1804,"template":"","meta":[],"product_brand":[],"product_cat":[14,299],"product_tag":[23,33,32,24,31,25],"class_list":{"0":"post-145","1":"product","2":"type-product","3":"status-publish","4":"has-post-thumbnail","6":"product_cat-opere","7":"product_cat-giorgio-gost","8":"product_tag-arte","9":"product_tag-farfalle-su-tela","10":"product_tag-gost","11":"product_tag-pittura","12":"product_tag-resina","13":"product_tag-scultura","14":"product_shipping_class-spedizione-gratuita","16":"first","17":"instock","18":"sale","19":"sold-individually","20":"shipping-taxable","21":"purchasable","22":"product-type-simple"},"jetpack_sharing_enabled":true,"_links":{"self":[{"href":"https:\/\/artshop.biancoscuro.it\/site\/wp-json\/wp\/v2\/product\/145","targetHints":{"allow":["GET"]}}],"collection":[{"href":"https:\/\/artshop.biancoscuro.it\/site\/wp-json\/wp\/v2\/product"}],"about":[{"href":"https:\/\/artshop.biancoscuro.it\/site\/wp-json\/wp\/v2\/types\/product"}],"wp:featuredmedia":[{"embeddable":true,"href":"https:\/\/artshop.biancoscuro.it\/site\/wp-json\/wp\/v2\/media\/1804"}],"wp:attachment":[{"href":"https:\/\/artshop.biancoscuro.it\/site\/wp-json\/wp\/v2\/media?parent=145"}],"wp:term":[{"taxonomy":"product_brand","embeddable":true,"href":"https:\/\/artshop.biancoscuro.it\/site\/wp-json\/wp\/v2\/product_brand?post=145"},{"taxonomy":"product_cat","embeddable":true,"href":"https:\/\/artshop.biancoscuro.it\/site\/wp-json\/wp\/v2\/product_cat?post=145"},{"taxonomy":"product_tag","embeddable":true,"href":"https:\/\/artshop.biancoscuro.it\/site\/wp-json\/wp\/v2\/product_tag?post=145"}],"curies":[{"name":"wp","href":"https:\/\/api.w.org\/{rel}","templated":true}]}}