{"id":1441,"date":"2017-05-06T17:37:39","date_gmt":"2017-05-06T15:37:39","guid":{"rendered":"http:\/\/artshop.biancoscuro.it\/site\/?post_type=product&#038;p=1441"},"modified":"2020-06-22T11:53:28","modified_gmt":"2020-06-22T09:53:28","slug":"anael-in-do-by-domenico-morabito","status":"publish","type":"product","link":"https:\/\/artshop.biancoscuro.it\/site\/shop\/opere\/anael-in-do-by-domenico-morabito\/","title":{"rendered":"Anael in DO by Domenico Morabito"},"content":{"rendered":"<h3>Domenico Morabito<\/h3>\n<p>Domenico Morabito nasce a Catania il 15 Settembre del 1976.\u00a0Nel 1995 si diploma in Scultura all\u2019Istituto Statale d\u2019Arte di Catania (CT), nel 2001 consegue la Laurea in Scuola di Scultura presso l\u2019Accademia di Belle Arti con il massimo dei voti e, nel 2007, consegue l\u2019Abilitazione in discipline plastiche come docente, nella menzionata Accademia.\u00a0Sin dall\u2019inizio dei suoi anni studenteschi, si fa notare per la sua arcaicizzante plasticit\u00e0, nel 1996 \u00e8 presente alla collettiva d\u2019arte presso la VILLA GENTILE CUSA a Catania, curata dal Prof. Vitaldo Conte.<br \/>\nNel 1999 collabora alla realizzazione dell\u2019opera del \u201cCERO\u201d di Arnaldo Pomodoro e, nello stesso anno, rappresenta la Scuola di Scultura dell\u2019Accademia di Belle Arti di Catania presso il \u201cneonato\u201d centro expo delle Ciminiere di Catania.\u00a0L\u2019artista Antonio Brancato scrisse di lui : \u2026 \u201cNella sua ricerca, egli simboleggia, con ironia, con un linguaggio arcaicizzante, uno stato di allucinante potenza interiore, a volte trattenuta a volte pi\u00f9 esplicita. Una esemplarit\u00e0 plastica; la sua, non priva di agganci, pur nella sua originalit\u00e0, alla migliore scultura espressionista di questo secolo.\u201d<br \/>\nNel 1999 partecipa al X SIMPOSIO INTERNAZIONALE NANTOPIETRA, con l\u2019opera STELE MILLENARIA per il Giubileo del 2000, installata presso la Valle dei Poeti nella Riviera Berica.<br \/>\nSempre nello stesso anno, si trova a Portici, mostra concorso per il monumento storico ad \u201cAlessandro Monteleone\u201d, con menzioni della giuria con la presidenza del Prof. Gillo Dorfles.\u00a0Infine partecipa al \u201c1\u00b0 Itinerario d\u2019arte\u201d presso l\u2019 \u201cEx Ospizio\u201d a Misterbianco (CT).<br \/>\nNell\u2019aprile del 2000, presso il Palazzo di Citt\u00e0 di Acireale (CT), presenta la sua personale di scultura \u201cFORMANIMA\u201d e, nello stesso periodo, partecipa al 1\u00b0Simposio di Scultura a Reggio Calabria (RC).<br \/>\nNel 2001 esegue l\u2019installazione scultorea \u201cGioco-Vita-Sogno\u201d presso il Monastero dei Benedettini a Catania.<br \/>\nNel novembre del 2003 \u00e8 presente al XXI Premio Firenze presso il Palazzo Vecchio Salone dei Cinquecento con l\u2019opera \u201cACQUA\u201d.<br \/>\nNel 2010 viene invitato dalla Fondazione Calleri, per un esposizione itinerante su tutta la regione Sicilia, con l\u2019installazione scultorea \u201cTHE CANDLE \u2019S\u201d ,per la sensibilizzazione del diritto civile contro ogni forma di violenza.<br \/>\nNel 2014 partecipa al 1\u00b0Simposio Internazionale di Scultura in pietra lavica a Belpasso, con l\u2019opera \u201c IO ESISTO. TU ESISTI.\u201d<br \/>\nNel marzo 2015 partecipa alla mostra concorso \u201cKAIROS\u201d a Noto, presso lo storico Palazzo ex Convitto Ragusa.<br \/>\nCon l\u2019opera \u201cA Red Line was Dafne\u201d \u00e8 presente presso la collezione privata della sez. distaccata d\u2019arte contemporanea del Museo Bellomo a Siracusa.\u00a0Tra le varie esposizioni si annoverano performance e happening, anche come autore e compositore musicale.\u00a0Ad oggi, vive e opera a Belpasso (CT).<\/p>\n<p>&nbsp;<\/p>\n<blockquote><p><em>Inevitabile soffermarsi su queste opere\/creature\u00a0pensando che si tratti semplicemente di\u00a0surreali nudi femminili. Volendo collocarle\u00a0in un quadro contemporaneo \u00e8 facile definirle\u00a0come \u201copere aperte\u201d, che interagiscono con\u00a0lo spettatore spingendo il suo sguardo oltre l&#8217;apparenza<\/em><br \/>\n<em> e captandone percezioni superiori, tra le\u00a0quali il bisogno insito nella natura umana di dar voce\u00a0al proprio ideale di bellezza che, per quanto legato<\/em><br \/>\n<em> ad un\u2019accezione classica che colloca questa \u201capparente\u201d\u00a0figura femminile all&#8217;interno di una sezione\u00a0aurea, ne trasmette anche una lettura in chiave unicamente\u00a0contemporanea, astratta, in perfetto equilibrio\u00a0tra forma, materia, colore, spazio; invenzione e\u00a0memoria, rappresentazione simbolica dei pensieri\u00a0e dei desideri dell\u2019Artista. La complessit\u00e0 di ogni\u00a0groviglio, di ogni nodo, cattura tensioni formalmente\u00a0senza scopo, impeti e nostalgie laceranti, catene\u00a0e legami spezzanti, contrasti e contraddizioni, caratteristiche\u00a0tipicamente insite nella psiche femminile\u00a0che sprigionano oltre ogni delimitato confine\u00a0un\u2019immensa forza ed energia mista a virilit\u00e0 propria,\u00a0invece, della psiche maschile. Da qui, in contrapposizione\u00a0a ci\u00f2 che la Genesi descrive in relazione\u00a0al mito della creazione, \u00e8 di sicuro l&#8217;uomo che, in\u00a0queste opere, viene plasmato dal corpo della donna\u00a0e nn viceversa. Questa dualit\u00e0 dei sessi apparentemente\u00a0contrapposta, si fonde e attraverso l&#8217;amore,\u00a0genera una rinascita, una nuova forma, una fonte\u00a0di vita, in un continuo divenire nel flusso di molteplici\u00a0esistenze. La qualit\u00e0 della forma di queste opere\u00a0\u00e8 rafforzata dal colore bianco, mezzo di intercessione\u00a0che ha un suo contenuto interiore. Il bianco come\u00a0essenza del suono comunica un assoluto silenzio,\u00a0un silenzio non muto, che racchiude positivit\u00e0 e\u00a0negativit\u00e0, realizzazione estrema di totalit\u00e0, fusione\u00a0di tutti i colori e al tempo stesso incolore, simbolo\u00a0di una muta vacuit\u00e0 piena di significato e pertanto\u00a0sensibile ad ogni \u201cviolazione\/violenza\u201d.<\/em><br \/>\n<em> Rossel Ventana.<\/em><\/p><\/blockquote>\n","protected":false},"excerpt":{"rendered":"<table cellspacing=\"3\" cellpadding=\"3\">\n<tbody>\n<tr>\n<td>Tecnica<\/td>\n<td>Polimaterico<\/td>\n<\/tr>\n<tr>\n<td>Anno<\/td>\n<td>2017<\/td>\n<\/tr>\n<tr>\n<td>Dimensioni<\/td>\n<td>media<\/td>\n<\/tr>\n<tr>\n<td>Altezza<\/td>\n<td>55\u00a0cm<\/td>\n<\/tr>\n<tr>\n<td>Larghezza<\/td>\n<td>25\u00a0cm<\/td>\n<\/tr>\n<tr>\n<td>\u00a0Profondit\u00e0<\/td>\n<td>22 cm<\/td>\n<\/tr>\n<\/tbody>\n<\/table>\n<p>Made in Italy con autentica su foto a firma dell\u2019artista.<\/p>\n<p><strong>Visibile presso lo studio\u00a0dell&#8217;artista a Belpasso (CT) a richiesta \u00e8 possibile \u00a0richiedere la visita dell&#8217;opera spazio espositivo\u00a0BIANCOSCURO a Pavia in Viale indipendenza 26<\/strong>.<br \/>\nSe vuoi puoi anche fare una\u00a0<strong>proposta d\u2019acquisto<\/strong>\u00a0cliccando il tasto qui sotto e inserendo i dati richiesti.<\/p>\n<h3><\/h3>\n","protected":false},"featured_media":1439,"template":"","meta":[],"product_brand":[],"product_cat":[14],"product_tag":[23,19,103,101,102,104,25],"class_list":{"0":"post-1441","1":"product","2":"type-product","3":"status-publish","4":"has-post-thumbnail","6":"product_cat-opere","7":"product_tag-arte","8":"product_tag-biancoscuro","9":"product_tag-domenico","10":"product_tag-domenico-morabito","11":"product_tag-morabito","12":"product_tag-polimaterico","13":"product_tag-scultura","14":"product_shipping_class-spedizione-gratuita","16":"first","17":"outofstock","18":"sold-individually","19":"shipping-taxable","20":"purchasable","21":"product-type-simple"},"jetpack_sharing_enabled":true,"_links":{"self":[{"href":"https:\/\/artshop.biancoscuro.it\/site\/wp-json\/wp\/v2\/product\/1441","targetHints":{"allow":["GET"]}}],"collection":[{"href":"https:\/\/artshop.biancoscuro.it\/site\/wp-json\/wp\/v2\/product"}],"about":[{"href":"https:\/\/artshop.biancoscuro.it\/site\/wp-json\/wp\/v2\/types\/product"}],"wp:featuredmedia":[{"embeddable":true,"href":"https:\/\/artshop.biancoscuro.it\/site\/wp-json\/wp\/v2\/media\/1439"}],"wp:attachment":[{"href":"https:\/\/artshop.biancoscuro.it\/site\/wp-json\/wp\/v2\/media?parent=1441"}],"wp:term":[{"taxonomy":"product_brand","embeddable":true,"href":"https:\/\/artshop.biancoscuro.it\/site\/wp-json\/wp\/v2\/product_brand?post=1441"},{"taxonomy":"product_cat","embeddable":true,"href":"https:\/\/artshop.biancoscuro.it\/site\/wp-json\/wp\/v2\/product_cat?post=1441"},{"taxonomy":"product_tag","embeddable":true,"href":"https:\/\/artshop.biancoscuro.it\/site\/wp-json\/wp\/v2\/product_tag?post=1441"}],"curies":[{"name":"wp","href":"https:\/\/api.w.org\/{rel}","templated":true}]}}