{"id":1315,"date":"2022-04-02T09:53:03","date_gmt":"2022-04-02T08:53:03","guid":{"rendered":"http:\/\/artshop.biancoscuro.it\/site\/shop\/pezzi-unici\/to-love-money-over-everything-accumulazione-by-peter-hide-3110165\/"},"modified":"2022-12-07T13:30:33","modified_gmt":"2022-12-07T12:30:33","slug":"to-love-money-over-everything-accumulazione-by-peter-hide-3110165","status":"publish","type":"product","link":"https:\/\/artshop.biancoscuro.it\/site\/shop\/opere\/peter-hide-3110165\/to-love-money-over-everything-accumulazione-by-peter-hide-3110165\/","title":{"rendered":"To love money over everything (accumulazione) by Peter Hide 3110165"},"content":{"rendered":"<p><a href=\"https:\/\/artshop.biancoscuro.it\/site\/wp-content\/uploads\/2017\/03\/20170301_080546.jpg\"><img loading=\"lazy\" decoding=\"async\" class=\"alignnone size-large wp-image-1316\" src=\"https:\/\/artshop.biancoscuro.it\/site\/wp-content\/uploads\/2017\/03\/20170301_080546-768x1024.jpg\" alt=\"TO LOVE MONEY OVER EVERYTHING by Peter Hide 3110165 - artshop biancoscuro art shop\" width=\"768\" height=\"1024\" srcset=\"https:\/\/artshop.biancoscuro.it\/site\/wp-content\/uploads\/2017\/03\/20170301_080546-768x1024.jpg 768w, https:\/\/artshop.biancoscuro.it\/site\/wp-content\/uploads\/2017\/03\/20170301_080546-416x555.jpg 416w, https:\/\/artshop.biancoscuro.it\/site\/wp-content\/uploads\/2017\/03\/20170301_080546-225x300.jpg 225w, https:\/\/artshop.biancoscuro.it\/site\/wp-content\/uploads\/2017\/03\/20170301_080546-600x800.jpg 600w, https:\/\/artshop.biancoscuro.it\/site\/wp-content\/uploads\/2017\/03\/20170301_080546.jpg 1125w\" sizes=\"auto, (max-width: 768px) 100vw, 768px\" \/><\/a><\/p>\n<p>Opera originale &#8220;<em>Made in Italy<\/em>&#8221; <strong>certificato di autenticit\u00e0<\/strong>, pi\u00f9 foto dell&#8217;opera con <strong>firma dell\u2019artista.<\/strong><\/p>\n<table cellspacing=\"3\" cellpadding=\"3\">\n<tbody>\n<tr>\n<td><strong>Tecnica<\/strong><\/td>\n<td>mista + collage di banconote (facsimile) su tela<\/td>\n<\/tr>\n<tr>\n<td><strong>Anno<\/strong><\/td>\n<td>2012<\/td>\n<\/tr>\n<tr>\n<td><strong>Dimensione<\/strong><\/td>\n<td>medio<\/td>\n<\/tr>\n<tr>\n<td>Altezza<\/td>\n<td>50 cm<\/td>\n<\/tr>\n<tr>\n<td>Larghezza<\/td>\n<td>38 cm<\/td>\n<\/tr>\n<tr>\n<td>\u00a0Profondit\u00e0<\/td>\n<td>4 cm<\/td>\n<\/tr>\n<\/tbody>\n<\/table>\n<blockquote><p><strong>Cenni sull&#8217;opera<\/strong><\/p>\n<p>L&#8217;opera \u00e8 realizzata dall&#8217;artista su telaio di legno auto-costruito,<br \/>\nutilizzando banconote da 500\u20ac (facsimile) trattate e applicate su tela.<br \/>\nLa cornice dell&#8217;opera \u00e8 formata da tanti piccoli dollari (facsimile), riprodotti in tagli differenti ed in miniatura.<br \/>\nOgni opera \u00e8 protetta con sistema antifalsificazione: l&#8217;impronta digitale con pigmenti fluorescenti \u00e8 impressa dall&#8217;artista ed \u00e8 visibile tramite illuminazione a lampada UV.<\/p><\/blockquote>\n<p>&nbsp;<\/p>\n<blockquote><p><strong>Cenni sull&#8217;artista<\/strong><\/p>\n<ul>\n<li>Visibilit\u00e0 internazionale<\/li>\n<li>Opere esposte in musei<\/li>\n<li>Opere esposte in collezioni private internazionali<\/li>\n<li>Prizewinner<\/li>\n<\/ul>\n<\/blockquote>\n<h3>TO LOVE MONEY OVER EVERYTHING<\/h3>\n<p>Non voglio rappresentare graficamente o pittoricamente la povert\u00e0, la violenza fisica o psicologica, il degrado ambientale, ma neppure la bellezza generata solo ed unicamente dalla manipolazione della ricchezza, la sensazione di potenza quasi divina ed il sogno di felicit\u00e0, ma voglio far riflettere su che cosa genera ci\u00f2 per cui tutti noi ci affanniamo e spesso viviamo.<br \/>\nPer questo utilizzo come \u201cmateria pittorica\u201d non i colori o la grafia, ma le riproduzioni di banconote stesse, che scelgo con cura, soffermandomi sulle valute che maggiormente evocano in me l&#8217;immagine della potenza economica e del sistema capitalistico (Dollari Americani, Euro, Franchi Svizzeri) e lo \u201caccumulo\u201d, in un gesto che fa parte ormai della nostra vita quotidiana.<br \/>\nE\u2019 proprio in questo momento, dove tutto appare razionalmente controllato che affiora in me il gesto di ribellione: lo accartoccio volutamente, quasi in un gesto di sopraffazione e di rivincita interiore, e lo metto in scatola, quasi come un prodotto commerciale, a proteggermi dalla sua influenza, e in modo tale da creare uno spazio di distanza e di riflessione tra me e ci\u00f2 che rappresenta \u201clui\u201d.<br \/>\nEd allora ritorno con la mente a tutto quello che i reliquiari mi ricordano, alla devozione che hanno suscitato o suscitano ancora in noi, alla loro capacit\u00e0 di evocazione del potere divino. Allora penso che far\u00f2 della mia opera una sorta di reliquiario primordiale, di legno, fatto anche a mano, come veniva anticamente fatto e per il gioco degli opposti gli appongo la mia impronta, per ricordare che in questo reliquiario non c&#8217;\u00e8 nulla di divino, ma solo la debolezza dell&#8217;uomo.<br \/>\nLo chiudo con del materiale trasparente, proprio come in un reliquiario prezioso, come in una vetrina in cui il prodotto esposto \u00e8 ambito da tanti, ma anche come in uno scrigno, verso un cammino pericoloso che stiamo percorrendo e per enfatizzare il &#8220;mal scritto&#8221; e quanto tutto pu\u00f2 negare l&#8217;apparenza delle cose, gli dichiaro con un carattere volutamente spigoloso il mio amore ed il mio proselitismo\u201d.<\/p>\n<p><span style=\"color: #808080;\"><em>I don\u2019t mean to depict poverty, physical and psychological violence, the environmental decay, graphically or in a pictorial way, but I don\u2019t want to the beauty generated only by manipulating affluence, the almost divine feeling of power and the dream of happiness, either. What I want to do is make you ponder on what we live for and bustle about. That\u2019s why I don\u2019t use handwriting or colours as a pictorial subject but I rather prefer the reproduction of banknotes carefully chosen, lingering over the currency that makes me think about economic power and capitalistic system such as American Dollars, Euro, Swiss Franc and stockpile it, an action that is part of our day- in day-out life. And it is at that precise moment, where everything seems to be under control, that my rebellion comes to the surface: I crumple it on purpose, almost a gesture showing that I can overcome the feeling and take revenge and put it in a box, as if it was a commercial product, so that I can protect myself from its bad influence in order to create a distance between myself and what it represents. And then I go back with my mind to what the reliquaries remind me of, the devotion they provoke, their ability to conjure up the divine power.<br \/>\nThen I think that my work will be a sort of primordial reliquary, handmade and wooden, as it was historically carried out, and for the sake of the opposites game I\u2019ll put my fingerprint, in order to show that what is in this reliquary is just the weakness of the human being, and nothing divine.<br \/>\nSubsequently I wrap it with a transparent matter, as it was a precious reliquary, like a window where the product displayed is sought- after by loads of people, but also like a treasure chest, towards a dangerous path we are taking. In order to emphasize the \u201cwritten evil\u201d and all that can deny the appearance of things, I declare my love and my proselytism with a purposefully edgy character to it.<\/em><\/span><\/p>\n<p>&nbsp;<\/p>\n<hr \/>\n<p><b>BIOGRAFIA<\/b><\/p>\n<p><strong>Peter Hide 311065<\/strong> (1965) mette in gioco passioni, suggestioni, ovviet\u00e0, malesseri del nostro tempo, tra Peter Pan (l\u2019eterno bambino buono) e Mister Hyde (la forza del male). Cos\u00ec nasce il suo pseudonimo. Nella sua ricerca il denaro, ossessione e valenza simbolica, \u00e8 messo in mostra per rappresentare il cammino pericoloso verso la decadenza morale. <strong>Peter Hide 311065<\/strong> sceglie accuratamente le valute che maggiormente evocano potenza economica, accartoccia i soldi per metterli in scatole-vetrina, quasi fossero reliquie della societ\u00e0 contemporanea. Il lavoro artistico cos\u00ec presentato riduce il suo impatto, diventa leggero, coinvolge lo spettatore in una dimensione ironica, scanzonata, quasi da spot pubblicitario. In pi\u00f9, le scritte rosso sangue riportate sulle superfici lucide delle \u201cvetrine\u201d, contribuiscono a colpire l\u2019immaginazione. Ha collaborato con Malcon Gibson in \u201cReal Art\u201d (Cumbria \u2013 Inghilterra), rivista-portfolio d\u2019arte, producendo lavori esposti e venduti al Beacon Museum, Whitehaven e alla British Gallery di Londra. Ha partecipato alla 1\u00b0 Biennale Internazionale d\u2019arte di Malta, ha esposto in importanti mostre collettive e ben riuscite personali dove ha messo in \u201cmostra\u201d il denaro e il malessere della nostra societ\u00e0 in maniera scherzosa ed irriverente, in tutte le sue accezioni.<\/p>\n<p><img loading=\"lazy\" decoding=\"async\" class=\"alignnone wp-image-1312 size-medium\" src=\"http:\/\/artshop.biancoscuro.it\/site\/wp-content\/uploads\/2017\/03\/PETERHIDE311065_3-200x300.jpg\" width=\"200\" height=\"300\" srcset=\"https:\/\/artshop.biancoscuro.it\/site\/wp-content\/uploads\/2017\/03\/PETERHIDE311065_3-200x300.jpg 200w, https:\/\/artshop.biancoscuro.it\/site\/wp-content\/uploads\/2017\/03\/PETERHIDE311065_3-416x626.jpg 416w, https:\/\/artshop.biancoscuro.it\/site\/wp-content\/uploads\/2017\/03\/PETERHIDE311065_3-600x902.jpg 600w, https:\/\/artshop.biancoscuro.it\/site\/wp-content\/uploads\/2017\/03\/PETERHIDE311065_3.jpg 665w\" sizes=\"auto, (max-width: 200px) 100vw, 200px\" \/><\/p>\n<h4>Le opere di\u00a0Peter Hide 3110165 sono state esposte presso diversi enti, musei e istituzioni. Una sua opera \u00e8 in permanenza presso il Museo Bodini di Gemonio. Le sue opere sono state esposte presso importanti fiere e mostre mercato di\u00a0Monte-Carlo, Miami, Los Angeles, Berlino, Londra, Lugano, Innsbruck, Venezia, Pavia, Padova, Genova, Parma e Forl\u00ec.<\/h4>\n<h4>Nel giugno 2015 ha donato un&#8217;opera alla\u00a0<strong>Fondazione Principe Alberto di Monaco<\/strong>. L&#8217;opera \u00e8 stata\u00a0battuta all&#8217;asta da\u00a0<strong>Sotheby&#8217;s <\/strong>a<strong><span style=\"text-decoration: underline;\"> 2.200 CHF<\/span>\u00a0<\/strong>alla serata Spring Ball il 5 giugno a Lugano Villa Principe Leopoldo e il <strong>ricavato devoluto in beneficenza<\/strong> alla fondazione monegasca.<\/h4>\n<hr \/>\n<figure id=\"attachment_801\" aria-describedby=\"caption-attachment-801\" style=\"width: 212px\" class=\"wp-caption alignnone\"><a href=\"https:\/\/artshop.biancoscuro.it\/site\/wp-content\/uploads\/2015\/08\/BRA_11-2015_CopL.jpg\" target=\"_blank\" rel=\"noopener noreferrer\"><img loading=\"lazy\" decoding=\"async\" class=\"wp-image-801 size-medium\" src=\"https:\/\/artshop.biancoscuro.it\/site\/wp-content\/uploads\/2015\/08\/BRA_11-2015_CopL-212x300.jpg\" alt=\"biancoscuro art magazine\" width=\"212\" height=\"300\" srcset=\"https:\/\/artshop.biancoscuro.it\/site\/wp-content\/uploads\/2015\/08\/BRA_11-2015_CopL-212x300.jpg 212w, https:\/\/artshop.biancoscuro.it\/site\/wp-content\/uploads\/2015\/08\/BRA_11-2015_CopL-416x588.jpg 416w, https:\/\/artshop.biancoscuro.it\/site\/wp-content\/uploads\/2015\/08\/BRA_11-2015_CopL-600x849.jpg 600w, https:\/\/artshop.biancoscuro.it\/site\/wp-content\/uploads\/2015\/08\/BRA_11-2015_CopL-300x424.jpg 300w, https:\/\/artshop.biancoscuro.it\/site\/wp-content\/uploads\/2015\/08\/BRA_11-2015_CopL.jpg 707w, https:\/\/artshop.biancoscuro.it\/site\/wp-content\/uploads\/2015\/08\/BRA_11-2015_CopL-150x212.jpg 150w\" sizes=\"auto, (max-width: 212px) 100vw, 212px\" \/><\/a><figcaption id=\"caption-attachment-801\" class=\"wp-caption-text\">BIANCOSCURO Art Magazine ha dedicato a\u00a0Peter Hide 3110165 la copertina del numero di agosto-settembre 2015<\/figcaption><\/figure>\n<p>&nbsp;<\/p>\n<blockquote><p>&nbsp;<\/p><\/blockquote>\n","protected":false},"excerpt":{"rendered":"<p><strong>Spedizione <span style=\"text-decoration: underline;\">gratuita <\/span><\/strong>con trasporto affidato a corriere espresso assicurato.<\/p>\n<p><strong>Soddisfatti o rimborsati<\/strong> poich\u00e9 il periodo di recesso \u00e8 di 14 giorni, a partire dal giorno in cui si riceve l&#8217;opera.<\/p>\n<p><strong>Pagamento<\/strong> con carta di credito o bonifico bancario.<\/p>\n<p class=\"p1\"><strong>Garanzia<\/strong>\u00a0e <strong>tracciabilit\u00e0, <\/strong>tutti gli artisti sulla piattaforma oltre ad essere attentamente selezionati, godono del privilegio di essere pubblicati anche sulla <strong>Rivista d&#8217;Arte Biancoscuro<\/strong>, di conseguenza il loro lavoro \u00e8 storicizzato ed il loro operato \u00e8 autentico ed inimitabile. <a href=\"https:\/\/www.biancoscuro.it\/rivista-darte\/\" target=\"_blank\" rel=\"noopener noreferrer\"><strong>www.biancoscuro.it<\/strong><\/a><\/p>\n<hr \/>\n<p><strong>Visibile presso lo spazio espositivo BIANCOSCURO a Pavia in Viale indipendenza 26 (previo appuntamento)<\/strong>.<br \/>\nSe vuoi puoi anche fare una\u00a0<strong>proposta d\u2019acquisto<\/strong>\u00a0cliccando il tasto qui sotto e inserendo i dati richiesti.<\/p>\n<h3><\/h3>\n","protected":false},"featured_media":1316,"template":"","meta":[],"product_brand":[],"product_cat":[14,297],"product_tag":[23,19,73,29,76,39,74,75],"class_list":{"0":"post-1315","1":"product","2":"type-product","3":"status-publish","4":"has-post-thumbnail","6":"product_cat-opere","7":"product_cat-peter-hide-3110165","8":"product_tag-arte","9":"product_tag-biancoscuro","10":"product_tag-denial","11":"product_tag-grafica","12":"product_tag-love-money","13":"product_tag-peter-hide","14":"product_tag-peter-hide-311065","15":"product_tag-sotheby","16":"product_shipping_class-spedizione-gratuita","18":"first","19":"instock","20":"sale","21":"sold-individually","22":"shipping-taxable","23":"purchasable","24":"product-type-simple"},"jetpack_sharing_enabled":true,"_links":{"self":[{"href":"https:\/\/artshop.biancoscuro.it\/site\/wp-json\/wp\/v2\/product\/1315","targetHints":{"allow":["GET"]}}],"collection":[{"href":"https:\/\/artshop.biancoscuro.it\/site\/wp-json\/wp\/v2\/product"}],"about":[{"href":"https:\/\/artshop.biancoscuro.it\/site\/wp-json\/wp\/v2\/types\/product"}],"wp:featuredmedia":[{"embeddable":true,"href":"https:\/\/artshop.biancoscuro.it\/site\/wp-json\/wp\/v2\/media\/1316"}],"wp:attachment":[{"href":"https:\/\/artshop.biancoscuro.it\/site\/wp-json\/wp\/v2\/media?parent=1315"}],"wp:term":[{"taxonomy":"product_brand","embeddable":true,"href":"https:\/\/artshop.biancoscuro.it\/site\/wp-json\/wp\/v2\/product_brand?post=1315"},{"taxonomy":"product_cat","embeddable":true,"href":"https:\/\/artshop.biancoscuro.it\/site\/wp-json\/wp\/v2\/product_cat?post=1315"},{"taxonomy":"product_tag","embeddable":true,"href":"https:\/\/artshop.biancoscuro.it\/site\/wp-json\/wp\/v2\/product_tag?post=1315"}],"curies":[{"name":"wp","href":"https:\/\/api.w.org\/{rel}","templated":true}]}}