{"id":1306,"date":"2017-10-01T07:55:01","date_gmt":"2017-10-01T05:55:01","guid":{"rendered":"http:\/\/artshop.biancoscuro.it\/site\/shop\/pezzi-unici\/negazione-denial-by-peter-hide-3110165\/"},"modified":"2022-12-07T13:30:33","modified_gmt":"2022-12-07T12:30:33","slug":"negazione-denial-by-peter-hide-3110165","status":"publish","type":"product","link":"https:\/\/artshop.biancoscuro.it\/site\/shop\/opere\/peter-hide-3110165\/negazione-denial-by-peter-hide-3110165\/","title":{"rendered":"Negazione (Denial) by Peter Hide 3110165"},"content":{"rendered":"<h3>NEGAZIONE<\/h3>\n<p>Bruciare la bandiera di uno stato significa bruciare uno stato, significa voler negare totalmente una cultura, il simbolo del senso dell\u2019unit\u00e0 nazionale che va in cenere<br \/>\n\u00c8 un gesto di una gravit\u00e0 simbolica incontestabile, che si potrebbe definire ultimativa: chi brucia una bandiera nazionale &#8220;brucia&#8221; un popolo.<br \/>\nE bruciare il denaro, simbolo non di una nazione ma di un sistema economico \u201cmalato\u201d, \u201cdeviato\u201d\u00a0 cosa mi rappresenta?, cosi come bruciare una bandiera \u00e8 un atto vile e anarchico, Peter Hide al contrario,\u00a0 bruciando i soldi attua una ribellione coraggiosa mettendo in discussione tutto il sistema capitalistico contemporaneo. Questi lavori, perdendo la scanzonata irriverenza tipica dell\u2019artista, perdendo l\u2019aspetto ludico e giocoso, caricano ancor pi\u00f9 la seriet\u00e0 del tema rappresentato. La situazione \u00e8 drammatica, bisogna cambiare le persone, bisogna cambiare la mentalit\u00e0 dominante della societ\u00e0 capitalistica ed arrivistica del mondo contemporaneo. Bisogno passare ad amare sempre pi\u00f9 le persone e sempre meno il denaro.<br \/>\nAmo i soldi non per il potere\/ricchezza che da esso ne deriva, ma per la tranquillit\u00e0 interiore che da esso scaturisce in una societ\u00e0 attuale dove i valori autentici sono totalmente rovesciati.<\/p>\n<p><span style=\"color: #808080;\"><em>Burning a flag of a State means burning the state itself, totally deny a culture, and the symbol of the national unity burnt to ashes. It is an indisputably serious matter on a symbolic point of view.\u00a0\u00a0This could be defined as ultimate: those who burn a national flag, burn their people. And what does burning the money as the symbol not of a nation but rather of a sick, deranged economical system represent?<\/em><\/span><br \/>\n<span style=\"color: #808080;\"><em> If burning a flag is a vile and anarchic act, Peter Hide, on the contrary, by burning the money carries out a brave rebellion and challenges the contemporary\u00a0\u00a0capitalistic system.<\/em><\/span><br \/>\n<span style=\"color: #808080;\"><em> These works, by losing the easy going irreverence that is typical of the artist, and losing the recreational and playful features, represent the theme even more seriously.<\/em><\/span><br \/>\n<span style=\"color: #808080;\"><em> The situation is dramatic, people need changing, contemporary word dominant mentality of the capitalistic society needs changing as well. It is necessary to love people better and better, and the money less and less..<\/em><\/span><br \/>\n<span style=\"color: #808080;\"><em> I love money not because of the power\/wealth coming from it, but rather because of the serenity inside that comes from it in a current society where the real values are completely reversed.<\/em><\/span><\/p>\n<h3>BIANCOSCURO Art Magazine ha dedicato a\u00a0Peter Hide 3110165 la copertina del numero di agosto-settembre 2015<\/h3>\n<p><a href=\"http:\/\/artshop.biancoscuro.it\/site\/wp-content\/uploads\/2015\/08\/BRA_11-2015_CopL.jpg\" target=\"_blank\" rel=\"noopener\"><img loading=\"lazy\" decoding=\"async\" class=\"alignnone wp-image-801 size-medium\" src=\"http:\/\/artshop.biancoscuro.it\/site\/wp-content\/uploads\/2015\/08\/BRA_11-2015_CopL-212x300.jpg\" alt=\"biancoscuro art magazine\" width=\"212\" height=\"300\" srcset=\"https:\/\/artshop.biancoscuro.it\/site\/wp-content\/uploads\/2015\/08\/BRA_11-2015_CopL-212x300.jpg 212w, https:\/\/artshop.biancoscuro.it\/site\/wp-content\/uploads\/2015\/08\/BRA_11-2015_CopL-416x588.jpg 416w, https:\/\/artshop.biancoscuro.it\/site\/wp-content\/uploads\/2015\/08\/BRA_11-2015_CopL-600x849.jpg 600w, https:\/\/artshop.biancoscuro.it\/site\/wp-content\/uploads\/2015\/08\/BRA_11-2015_CopL-300x424.jpg 300w, https:\/\/artshop.biancoscuro.it\/site\/wp-content\/uploads\/2015\/08\/BRA_11-2015_CopL.jpg 707w, https:\/\/artshop.biancoscuro.it\/site\/wp-content\/uploads\/2015\/08\/BRA_11-2015_CopL-150x212.jpg 150w\" sizes=\"auto, (max-width: 212px) 100vw, 212px\" \/><\/a><\/p>\n<h4>Le opere di\u00a0Peter Hide 3110165 sono state esposte presso diversi enti, musei e istituzioni. Una sua opera \u00e8 in permanenza presso il Museo Bodini di Gemonio. Le sue opere sono state esposte presso importanti fiere e mostre mercato di\u00a0Monte-Carlo, Miami, Los Angeles, Berlino, Londra, Lugano, Innsbruck, Venezia, Pavia, Padova, Genova, Parma e Forl\u00ec.<\/h4>\n<h4>Nel giugno 2015 ha donato un&#8217;opera alla\u00a0<strong>Fondazione Principe Alberto di Monaco<\/strong>. L&#8217;opera \u00e8 stata\u00a0battuta all&#8217;asta da\u00a0<strong>Sotheby&#8217;s <\/strong>a<strong><span style=\"text-decoration: underline;\"> 2.200 CHF<\/span>\u00a0<\/strong>alla serata Spring Ball il 5 giugno a Lugano Villa Principe Leopoldo e il <strong>ricavato devoluto in beneficenza<\/strong> alla fondazione monegasca.<\/h4>\n<p>&nbsp;<\/p>\n<blockquote><p>Peter Hide (alias Franco Crugnola, architetto laureato a Milano in Architettura-Design nel 1994) mette in gioco passioni, suggestioni, ovviet\u00e0, malesseri del nostro tempo, tra Peter Pan (l\u2019eterno bambino buono) e Mister Hyde (la forza del male). Cos\u00ec nasce il suo pseudonimo. Nella sua ricerca il denaro, ossessione e valenza simbolica, \u00e8 messo in mostra per rappresentare il cammino pericoloso verso la decadenza morale. Peter Hide sceglie accuratamente le valute che maggiormente evocano potenza economica, accartoccia i soldi per metterli in scatole-vetrina, quasi fossero reliquie della societ\u00e0 contemporanea. Il lavoro artistico cos\u00ec presentato riduce il suo impatto, diventa leggero, coinvolge lo spettatore in una dimensione ironica, scanzonata, quasi da spot pubblicitario. In pi\u00f9, le scritte rosso sangue riportate sulle superfici lucide delle \u201cvetrine\u201d, contribuiscono a colpire l\u2019immaginazione. Ha collaborato con Malcon Gibson in \u201cReal Art\u201d (Cumbria \u2013 Inghilterra), rivista-portfolio d\u2019arte, producendo lavori esposti e venduti al Beacon Museum, Whitehaven e alla British Gallery di Londra. Ha partecipato alla 1\u00b0 Biennale Internazionale d\u2019arte di Malta, ha esposto in\u00a0importanti mostre collettive e ben riuscite personali dove ha messo in \u201cmostra\u201d il denaro e il malessere della nostra societ\u00e0 in maniera scherzosa ed irriverente, in tutte le sue accezioni.<\/p>\n<p><img loading=\"lazy\" decoding=\"async\" class=\"alignnone wp-image-1312 size-medium\" src=\"http:\/\/artshop.biancoscuro.it\/site\/wp-content\/uploads\/2017\/03\/PETERHIDE311065_3-200x300.jpg\" width=\"200\" height=\"300\" srcset=\"https:\/\/artshop.biancoscuro.it\/site\/wp-content\/uploads\/2017\/03\/PETERHIDE311065_3-200x300.jpg 200w, https:\/\/artshop.biancoscuro.it\/site\/wp-content\/uploads\/2017\/03\/PETERHIDE311065_3-416x626.jpg 416w, https:\/\/artshop.biancoscuro.it\/site\/wp-content\/uploads\/2017\/03\/PETERHIDE311065_3-600x902.jpg 600w, https:\/\/artshop.biancoscuro.it\/site\/wp-content\/uploads\/2017\/03\/PETERHIDE311065_3.jpg 665w\" sizes=\"auto, (max-width: 200px) 100vw, 200px\" \/><\/p><\/blockquote>\n","protected":false},"excerpt":{"rendered":"<table cellspacing=\"3\" cellpadding=\"3\">\n<tbody>\n<tr>\n<td>Tecnica<\/td>\n<td>tecnica mista + banconote (facsimile) e bruciature. Realizzato a mano\u00a0dall&#8217;artista su telaio di legno<\/td>\n<\/tr>\n<tr>\n<td>Anno<\/td>\n<td>2012<\/td>\n<\/tr>\n<tr>\n<td>Dimensioni<\/td>\n<td>Grande<\/td>\n<\/tr>\n<tr>\n<td>Altezza<\/td>\n<td>70 cm<\/td>\n<\/tr>\n<tr>\n<td>Larghezza<\/td>\n<td>50\u00a0cm<\/td>\n<\/tr>\n<tr>\n<td>\u00a0Profondit\u00e0<\/td>\n<td>4,5 cm<\/td>\n<\/tr>\n<\/tbody>\n<\/table>\n<p>Made in Italy con autentica su foto a firma dell\u2019artista.\u00a0Ogni opera \u00e8 protetta con sistema antifalsificazione con impronta digitale con pigmenti\u00a0fluorescenti visibile tramite illuminazione a lampada UV.<\/p>\n<p><strong>Visibile presso lo spazio espositivo\u00a0BIANCOSCURO a Pavia in Viale indipendenza 26<\/strong>.<br \/>\nSe vuoi puoi anche fare una\u00a0<strong>proposta d\u2019acquisto<\/strong>\u00a0cliccando il tasto qui sotto e inserendo i dati richiesti.<\/p>\n<h3><\/h3>\n","protected":false},"featured_media":1307,"template":"","meta":[],"product_brand":[],"product_cat":[14,297],"product_tag":[23,19,73,29,72,39,74,75],"class_list":{"0":"post-1306","1":"product","2":"type-product","3":"status-publish","4":"has-post-thumbnail","6":"product_cat-opere","7":"product_cat-peter-hide-3110165","8":"product_tag-arte","9":"product_tag-biancoscuro","10":"product_tag-denial","11":"product_tag-grafica","12":"product_tag-negazione","13":"product_tag-peter-hide","14":"product_tag-peter-hide-311065","15":"product_tag-sotheby","16":"product_shipping_class-spedizione-gratuita","18":"first","19":"instock","20":"sale","21":"sold-individually","22":"shipping-taxable","23":"purchasable","24":"product-type-simple"},"jetpack_sharing_enabled":true,"_links":{"self":[{"href":"https:\/\/artshop.biancoscuro.it\/site\/wp-json\/wp\/v2\/product\/1306","targetHints":{"allow":["GET"]}}],"collection":[{"href":"https:\/\/artshop.biancoscuro.it\/site\/wp-json\/wp\/v2\/product"}],"about":[{"href":"https:\/\/artshop.biancoscuro.it\/site\/wp-json\/wp\/v2\/types\/product"}],"wp:featuredmedia":[{"embeddable":true,"href":"https:\/\/artshop.biancoscuro.it\/site\/wp-json\/wp\/v2\/media\/1307"}],"wp:attachment":[{"href":"https:\/\/artshop.biancoscuro.it\/site\/wp-json\/wp\/v2\/media?parent=1306"}],"wp:term":[{"taxonomy":"product_brand","embeddable":true,"href":"https:\/\/artshop.biancoscuro.it\/site\/wp-json\/wp\/v2\/product_brand?post=1306"},{"taxonomy":"product_cat","embeddable":true,"href":"https:\/\/artshop.biancoscuro.it\/site\/wp-json\/wp\/v2\/product_cat?post=1306"},{"taxonomy":"product_tag","embeddable":true,"href":"https:\/\/artshop.biancoscuro.it\/site\/wp-json\/wp\/v2\/product_tag?post=1306"}],"curies":[{"name":"wp","href":"https:\/\/api.w.org\/{rel}","templated":true}]}}