{"id":1048,"date":"2016-03-16T11:34:26","date_gmt":"2016-03-16T11:34:26","guid":{"rendered":"http:\/\/artshop.biancoscuro.it\/site\/shop\/mostre-eventi-fiere\/vernice-art-fair-16-ingresso-omaggio\/"},"modified":"2020-04-09T10:50:27","modified_gmt":"2020-04-09T08:50:27","slug":"vernice-art-fair-16-ingresso-omaggio","status":"publish","type":"product","link":"https:\/\/artshop.biancoscuro.it\/site\/shop\/mostre-eventi-fiere\/vernice-art-fair-16-ingresso-omaggio\/","title":{"rendered":"Vernice Art Fair &#8217;16 &#8211; Ingresso omaggio"},"content":{"rendered":"<p><img loading=\"lazy\" decoding=\"async\" class=\"alignnone size-medium wp-image-1049\" src=\"http:\/\/artshop.biancoscuro.it\/site\/wp-content\/uploads\/2016\/03\/BIANCOSCUROvernice2016-273x300.jpg\" alt=\"BIANCOSCUROvernice2016\" width=\"273\" height=\"300\" srcset=\"https:\/\/artshop.biancoscuro.it\/site\/wp-content\/uploads\/2016\/03\/BIANCOSCUROvernice2016-273x300.jpg 273w, https:\/\/artshop.biancoscuro.it\/site\/wp-content\/uploads\/2016\/03\/BIANCOSCUROvernice2016-416x458.jpg 416w, https:\/\/artshop.biancoscuro.it\/site\/wp-content\/uploads\/2016\/03\/BIANCOSCUROvernice2016.jpg 600w, https:\/\/artshop.biancoscuro.it\/site\/wp-content\/uploads\/2016\/03\/BIANCOSCUROvernice2016-300x330.jpg 300w\" sizes=\"auto, (max-width: 273px) 100vw, 273px\" \/><\/p>\n<p>Clicca su\u00a0<strong>ACQUISTA<\/strong>\u00a0(gratis) aggiungi\u00a0al carrello, concludi l&#8217;ordine e\u00a0<strong>scarica gratuitamente<\/strong>\u00a0l&#8217;ingresso omaggio per VERNICE ART FAIR 16 cliccando su &#8220;<strong>Download file:\u00a0VERNICE-ART-FAIR_OMAGGIO_BIANCOSCURO<\/strong>&#8220;.<\/p>\n<p>L&#8217;invito \u00e8 offerto da BIANCOSCURO Media Partner dell&#8217;evento!\u00a0<span style=\"text-decoration: underline;\"><strong>NON DOVRAI\u00a0PAGARE NULLA!<\/strong><\/span><\/p>\n<p>Il biglietto stampato\u00a0<span style=\"text-decoration: underline;\">dovr\u00e0 essere convertito con regolare biglietto\u00a0presso la cassa principale<\/span>.<\/p>\n<p><strong>Vernice art fair 2016<\/strong>&#8220;L&#8217;Arte al di fuori delle righe&#8221; si terr\u00e0 dal 18 al 20 marzo 2016. La manifestazione ideata e creata appositamente per la crescita e la valorizzazione degli artisti e delle associazioni culturali giunge alla 14\u00aa edizione!\u00a0Di anno in anno sempre pi\u00f9 attenta alla scoperta di nuove forme espressive, ha offerto agli artisti gi\u00e0 affermati la possibilit\u00e0 di consolidare i propri successi e a quelli emergenti di affacciarsi di proporsi sul mercato con l\u2019opportunit\u00e0 di stabilire contatti e scambi culturali con critici d\u2019arte, collezionisti, galleristi.<\/p>\n<p>L&#8217;apertura \u00e8 fissata per venerd\u00ec 18\u00a0alle ore 16.30, i giorni successivi dalle\u00a010.00 alle 19.30. Il biglietto \u00e8 7 euro ma presentatori in cassa con il\u00a0<strong>biglietto omaggio offerto da biancoscuro \u00e8 OMAGGIO! Clicca qui per scaricarlo!<\/strong><\/p>\n<p><strong>Vernice Art Fair &#8211; 14\u00aa edizione<\/strong> &#8211;\u00a0Forl\u00ec torna a dare spazio al talento, alla sperimentazione e all\u2019avanguardia degli artisti, in particolare quelli emergenti, e alle associazioni che li promuovono.<br \/>\nPer l\u2019occasione il quartiere fieristico di Forl\u00ec\u00a0si \u201cveste\u201d per diventare una grande e preziosa galleria d\u2019arte. La manifestazione ha l&#8217;obbiettivo di mettere in contatto gli artisti con il grande pubblico e i professionisti del settore, come galleristi, collezionisti, critici, giornalisti ed esperti acquirenti in cerca di investimenti a costi accessibili. \u00a0<strong>La filosofia vincente di Vernice Art Fair \u00e8 questa<\/strong>.<br \/>\nA\u00a0<strong>Vernice Art Fair<\/strong>, il pubblico potr\u00e0 trovare\u00a0una ricca ed interessante mostra-mercato senza il tramite delle gallerie d\u2019arte.\u00a0<strong>Una scelta, questa, che permette agli espositori una maggiore libert\u00e0<\/strong>\u00a0di proporre opere con un maggior carico di ricerca e sperimentazione,\u00a0<strong>per i visitatori invece \u00e8 un\u2019opportunit\u00e0 per rimanere piacevolmente \u201cinvestiti\u201d da una notevole variet\u00e0 di stimoli estetici<\/strong>, arricchiti dalla possibilit\u00e0 di confrontarsi direttamente con gli autori e conoscere cos\u00ec il contesto in cui l\u2019opera \u00e8 nata.<\/p>\n<p>La \u201c<em>vetrina artistica<\/em>\u201d realizzata in fiera vuole essere questo: un\u2019esposizione di centinaia di opere in grado di soddisfare ogni tipo di gusto nell\u2019articolato mondo dell\u2019arte contemporanea, passando quindi da pezzi di sicuro valore, firmati da volti noti, alle opere, meno costose, di artisti promettenti provenienti da tutt\u2019Italia, su cui fare una scommessa, il tutto immerso in un ambiente in cui l\u2019arte \u00e8 occasione di dialogo, confronto, feconda contaminazione creativa nello scambio tra gli stessi artisti espositori, e tra questi e le migliaia di persone appassionate d\u2019arte e i professionisti del settore che per tre giorni affluiscono in fiera.<\/p>\n<p><b style=\"line-height: 1.5;\">ORARIO FIERA<\/b><b style=\"line-height: 1.5;\">:<br \/>\n<\/b>venerd\u00ec dalle 16.30 alle 19.30<br \/>\nsabato\u00a0dalle 10.00 alle 19.30<br \/>\ndomenica dalle 10.00 alle 19.30<\/p>\n<p><strong>SEDE FIERISTICA:<br \/>\n<\/strong>FORLI&#8217; FIERA &#8211; Quartiere fieristico- via Punta di Ferro, 2<\/p>\n<p><span style=\"line-height: 1.5;\">\u00a0<\/span><\/p>\n<p><a href=\"http:\/\/biancoscuro.it\/site\/lavanguardia-dellinismo-artisti-turchi-la-grande-arte-torna-fiera\/\" target=\"_blank\" rel=\"noopener noreferrer\"><b>Biancoscuro Media Partner VERNICE ART<\/b><b>\u00a0FAIR<br \/>\n<\/b><\/a><a title=\"verniceartfair biancoscuro media partner\" href=\"http:\/\/www.verniceartfair.it\" target=\"_blank\" rel=\"noopener noreferrer\">www.verniceartfair.it<\/a><\/p>\n","protected":false},"excerpt":{"rendered":"<p><img loading=\"lazy\" decoding=\"async\" class=\"alignnone size-medium wp-image-1049\" src=\"http:\/\/artshop.biancoscuro.it\/site\/wp-content\/uploads\/2016\/03\/BIANCOSCUROvernice2016-273x300.jpg\" alt=\"BIANCOSCUROvernice2016\" width=\"273\" height=\"300\" srcset=\"https:\/\/artshop.biancoscuro.it\/site\/wp-content\/uploads\/2016\/03\/BIANCOSCUROvernice2016-273x300.jpg 273w, https:\/\/artshop.biancoscuro.it\/site\/wp-content\/uploads\/2016\/03\/BIANCOSCUROvernice2016-416x458.jpg 416w, https:\/\/artshop.biancoscuro.it\/site\/wp-content\/uploads\/2016\/03\/BIANCOSCUROvernice2016.jpg 600w, https:\/\/artshop.biancoscuro.it\/site\/wp-content\/uploads\/2016\/03\/BIANCOSCUROvernice2016-300x330.jpg 300w\" sizes=\"auto, (max-width: 273px) 100vw, 273px\" \/><\/p>\n<p>Clicca su\u00a0<strong>ACQUISTA<\/strong>\u00a0(gratis) aggiungi\u00a0al carrello, concludi l&#8217;ordine e\u00a0<strong>scarica gratuitamente<\/strong>\u00a0l&#8217;ingresso omaggio per VERNICE ART FAIR 16 cliccando su &#8220;<strong>Download file: VERNICE-ART-FAIR_OMAGGIO_BIANCOSCURO<\/strong>&#8220;.<\/p>\n<p>L&#8217;invito \u00e8 offerto da BIANCOSCURO Media Partner dell&#8217;evento!\u00a0<span style=\"text-decoration: underline;\"><strong>NON DOVRAI\u00a0PAGARE NULLA!<\/strong><\/span><\/p>\n<p>Il biglietto stampato\u00a0<span style=\"text-decoration: underline;\">dovr\u00e0 essere convertito con regolare biglietto\u00a0presso la cassa principale<\/span>.<\/p>\n","protected":false},"featured_media":1049,"template":"","meta":[],"product_brand":[],"product_cat":[50],"product_tag":[121],"class_list":{"0":"post-1048","1":"product","2":"type-product","3":"status-publish","4":"has-post-thumbnail","6":"product_cat-mostre-eventi-fiere","7":"product_tag-digital","8":"product_shipping_class-spedizione-gratuita","10":"first","11":"outofstock","12":"sale","13":"downloadable","14":"virtual","15":"purchasable","16":"product-type-simple"},"jetpack_sharing_enabled":true,"_links":{"self":[{"href":"https:\/\/artshop.biancoscuro.it\/site\/wp-json\/wp\/v2\/product\/1048","targetHints":{"allow":["GET"]}}],"collection":[{"href":"https:\/\/artshop.biancoscuro.it\/site\/wp-json\/wp\/v2\/product"}],"about":[{"href":"https:\/\/artshop.biancoscuro.it\/site\/wp-json\/wp\/v2\/types\/product"}],"wp:featuredmedia":[{"embeddable":true,"href":"https:\/\/artshop.biancoscuro.it\/site\/wp-json\/wp\/v2\/media\/1049"}],"wp:attachment":[{"href":"https:\/\/artshop.biancoscuro.it\/site\/wp-json\/wp\/v2\/media?parent=1048"}],"wp:term":[{"taxonomy":"product_brand","embeddable":true,"href":"https:\/\/artshop.biancoscuro.it\/site\/wp-json\/wp\/v2\/product_brand?post=1048"},{"taxonomy":"product_cat","embeddable":true,"href":"https:\/\/artshop.biancoscuro.it\/site\/wp-json\/wp\/v2\/product_cat?post=1048"},{"taxonomy":"product_tag","embeddable":true,"href":"https:\/\/artshop.biancoscuro.it\/site\/wp-json\/wp\/v2\/product_tag?post=1048"}],"curies":[{"name":"wp","href":"https:\/\/api.w.org\/{rel}","templated":true}]}}